{"id":2030,"date":"2025-11-21T16:53:03","date_gmt":"2025-11-21T15:53:03","guid":{"rendered":"https:\/\/www.camping-au-mica.fr\/strand-am-bachufer\/"},"modified":"2025-12-11T11:47:22","modified_gmt":"2025-12-11T10:47:22","slug":"strand-am-bachufer","status":"publish","type":"page","link":"https:\/\/www.camping-au-mica.fr\/de\/strand-am-bachufer\/","title":{"rendered":"Strand am Bachufer"},"content":{"rendered":"\n<div class=\"wp-block-group alignfull hero-lab hrz-hero has-global-padding is-layout-constrained wp-container-core-group-is-layout-812dcb84 wp-block-group-is-layout-constrained has-background\" style=\"padding-top:var(--wp--preset--spacing--xxxxxxl);padding-bottom:var(--wp--preset--spacing--xxxxxxl);background-image:url(&apos;https:\/\/www.camping-au-mica.fr\/wp-content\/uploads\/2025\/10\/jeu-ruisseau-scaled.webp&apos;);background-size:cover;\"><\/div>\n<div style=\"padding-left:var(--wp--preset--spacing--s);padding-top:var(--wp--preset--spacing--s);padding-bottom:var(--wp--preset--spacing--s);\" class=\"alignfull wp-elements-5cd3591c1ade14a972751d58f754b855 wp-block-wpseopress-breadcrumbs has-text-color has-primary-color\"><nav  aria-label=\"breadcrumb\"><ol class=\"breadcrumb\" itemscope itemtype=\"https:\/\/schema.org\/BreadcrumbList\"><li class=\"breadcrumb-item active\" aria-current=\"page\" itemprop=\"itemListElement\" itemscope itemtype=\"https:\/\/schema.org\/ListItem\"><span itemprop=\"name\">Camping \u00e0 Corcieux<\/span><meta itemprop=\"position\" content=\"1\"><\/li><\/ol><\/nav><\/div>\n<div class=\"wp-block-columns alignwide are-vertically-aligned-center hrz-responsive-col hrz-reponsive-order is-layout-flex wp-container-core-columns-is-layout-17e81cd9 wp-block-columns-is-layout-flex\" style=\"margin-top:var(--wp--preset--spacing--xxl);margin-bottom:var(--wp--preset--spacing--xxl);padding-top:0;padding-right:var(--wp--preset--spacing--xxl);padding-bottom:0;padding-left:var(--wp--preset--spacing--xxl)\">\n<div class=\"wp-block-column is-vertically-aligned-center is-layout-flow wp-block-column-is-layout-flow\">\n<figure class=\"wp-block-image size-large has-custom-border\"><img alt=\"\" loading=\"lazy\" decoding=\"async\" width=\"1024\" height=\"768\" src=\"https:\/\/www.camping-au-mica.fr\/wp-content\/uploads\/2025\/11\/plage-ruisseau-1024x768.webp\" alt=\"\" class=\"wp-image-1377\" style=\"border-radius:8px;aspect-ratio:4\/3;object-fit:cover\" srcset=\"https:\/\/www.camping-au-mica.fr\/wp-content\/uploads\/2025\/11\/plage-ruisseau-1024x768.webp 1024w, https:\/\/www.camping-au-mica.fr\/wp-content\/uploads\/2025\/11\/plage-ruisseau-300x225.webp 300w, https:\/\/www.camping-au-mica.fr\/wp-content\/uploads\/2025\/11\/plage-ruisseau-768x576.webp 768w, https:\/\/www.camping-au-mica.fr\/wp-content\/uploads\/2025\/11\/plage-ruisseau-1440x1080.webp 1440w, https:\/\/www.camping-au-mica.fr\/wp-content\/uploads\/2025\/11\/plage-ruisseau-720x540.webp 720w, https:\/\/www.camping-au-mica.fr\/wp-content\/uploads\/2025\/11\/plage-ruisseau-320x240.webp 320w, https:\/\/www.camping-au-mica.fr\/wp-content\/uploads\/2025\/11\/plage-ruisseau-160x120.webp 160w\" sizes=\"auto, (max-width: 1024px) 100vw, 1024px\" \/><\/figure>\n<\/div>\n\n\n\n<div class=\"wp-block-column is-vertically-aligned-center is-layout-flow wp-block-column-is-layout-flow\" style=\"padding-top:0;padding-right:0;padding-bottom:0;padding-left:0\">\n<h1 class=\"wp-block-heading has-primary-color has-text-color has-link-color wp-elements-f50908739268ca12c308ff4e2d9feeea\" style=\"margin-bottom:var(--wp--preset--spacing--xxl);line-height:1\">Strand &amp; Bach, der Lieblingsort von Kindern (und Eltern)<\/h1>\n\n\n\n<p style=\"margin-bottom:var(--wp--preset--spacing--xxl)\">Der Strand Plage du Mica ist einer der beliebtesten Bereiche des Campingplatzes.<br\/>Mit seinem feinen Sand, dem flachen Bach und der halbschattigen nat\u00fcrlichen Umgebung ist er ein wahres Paradies f\u00fcr Kleinkinder und \u00e4ltere Kinder.<\/p>\n<\/div>\n<\/div>\n\n<div class=\"wp-block-cover alignfull is-light\"><img alt=\"\" loading=\"lazy\" decoding=\"async\" width=\"1024\" height=\"683\" class=\"wp-block-cover__image-background wp-image-1368 size-large\" alt=\"\" src=\"https:\/\/www.camping-au-mica.fr\/wp-content\/uploads\/2025\/11\/petite-plage-1024x683.webp\" data-object-fit=\"cover\" srcset=\"https:\/\/www.camping-au-mica.fr\/wp-content\/uploads\/2025\/11\/petite-plage-1024x683.webp 1024w, https:\/\/www.camping-au-mica.fr\/wp-content\/uploads\/2025\/11\/petite-plage-300x200.webp 300w, https:\/\/www.camping-au-mica.fr\/wp-content\/uploads\/2025\/11\/petite-plage-768x512.webp 768w, https:\/\/www.camping-au-mica.fr\/wp-content\/uploads\/2025\/11\/petite-plage-1440x960.webp 1440w, https:\/\/www.camping-au-mica.fr\/wp-content\/uploads\/2025\/11\/petite-plage-1080x720.webp 1080w, https:\/\/www.camping-au-mica.fr\/wp-content\/uploads\/2025\/11\/petite-plage-720x480.webp 720w, https:\/\/www.camping-au-mica.fr\/wp-content\/uploads\/2025\/11\/petite-plage-480x320.webp 480w, https:\/\/www.camping-au-mica.fr\/wp-content\/uploads\/2025\/11\/petite-plage-240x160.webp 240w, https:\/\/www.camping-au-mica.fr\/wp-content\/uploads\/2025\/11\/petite-plage-120x80.webp 120w\" sizes=\"auto, (max-width: 1024px) 100vw, 1024px\" \/><span aria-hidden=\"true\" class=\"wp-block-cover__background has-real-black-background-color has-background-dim-40 has-background-dim\"><\/span><div class=\"wp-block-cover__inner-container has-global-padding is-layout-constrained wp-block-cover-is-layout-constrained\">\n<div class=\"wp-block-group alignfull lab-bloc-5 anim_element_left has-global-padding is-layout-constrained wp-container-core-group-is-layout-153433f7 wp-block-group-is-layout-constrained\" style=\"padding-top:var(--wp--preset--spacing--xxl);padding-bottom:var(--wp--preset--spacing--xxl)\">\n<div class=\"wp-block-group has-global-padding is-layout-constrained wp-container-core-group-is-layout-41c22256 wp-block-group-is-layout-constrained\" style=\"padding-right:var(--wp--preset--spacing--l);padding-left:var(--wp--preset--spacing--l)\">\n<h2 class=\"wp-block-heading has-text-align-center is-style-lab-title--sub has-real-white-color has-text-color has-link-color wp-elements-558323d37fb88079ff389fd7c0d7706f\" style=\"line-height:1\">Der Sandstrand<\/h2>\n\n\n\n<p class=\"has-text-align-center is-style-lab-p--subtitle is-style-top-title has-real-white-color has-text-color has-link-color has-xxxxl-font-size wp-elements-bbd111f630c002135c2216fd12dfcd74 is-style-top-title--1\">einfach, sanft und ideal f\u00fcr kleine Kinder<\/p>\n\n\n\n<p class=\"has-text-align-center has-real-white-color has-text-color has-link-color wp-elements-3c14a9c44a82913fa502d6946632face\">Feiner Sand zum Spielen, Graben und Bauen. Komfortabler und leicht zu \u00fcberwachender Bereich. Ruhige, nat\u00fcrliche und famili\u00e4re Atmosph\u00e4re. Perfekte Umgebung f\u00fcr die ersten Wasserspiele der Kleinen. Hier verbringen die Kinder Stunden damit, Welten zu erfinden, Stra\u00dfen zu bauen, Burgen zu errichten&#8230; immer mit den F\u00fc\u00dfen im Wasser oder im Sand.    <\/p>\n\n\n\n<h2 class=\"wp-block-heading has-text-align-center is-style-lab-title--sub has-real-white-color has-text-color has-link-color wp-elements-0324fa970f779268ed6316174ecfb1d5\" style=\"line-height:1\">Der Bach<\/h2>\n\n\n\n<p class=\"has-text-align-center is-style-lab-p--subtitle is-style-top-title has-real-white-color has-text-color has-link-color has-xxxxl-font-size wp-elements-d94c154e853ee9fe7bb1a025c01ce2a5 is-style-top-title--2\">ein nat\u00fcrlicher und kreativer Spielplatz<\/p>\n\n\n\n<p class=\"has-text-align-center has-real-white-color has-text-color has-link-color wp-elements-30732418b799f6483a303be9006eb176\">Der Bach entlang des Strandes ist flach, was ihn zu einem idealen Ort f\u00fcr kleine Kinder macht. Perfekt f\u00fcr sicheres Spielen. Bau von D\u00e4mmen mit den vielen Steinen, die zur Verf\u00fcgung stehen. Entdecken Sie die Sinne. Die Natur wird zum sch\u00f6nsten Spielzeug der Welt.    <\/p>\n<\/div>\n\n\n\n<div style=\"height:var(--wp--preset--spacing--xxl)\" aria-hidden=\"true\" class=\"wp-block-spacer\"><\/div>\n<\/div>\n<\/div><\/div>\n\n<div class=\"wp-block-group alignfull hrz-contenus-2 anim_element_left has-global-padding is-layout-constrained wp-block-group-is-layout-constrained\" style=\"margin-top:var(--wp--preset--spacing--xxl);margin-bottom:var(--wp--preset--spacing--xxl)\">\n<div class=\"wp-block-columns alignwide hrz-responsive-col is-layout-flex wp-container-core-columns-is-layout-b6746764 wp-block-columns-is-layout-flex\" style=\"margin-top:0;margin-bottom:0;padding-top:0;padding-right:0;padding-bottom:0;padding-left:0\">\n<div class=\"wp-block-column is-vertically-aligned-center hrz-contenus-2-contenus has-light-background-color has-background has-global-padding is-layout-constrained wp-container-core-column-is-layout-e6325cf1 wp-block-column-is-layout-constrained\" style=\"border-radius:8px;padding-top:var(--wp--preset--spacing--xxl);padding-right:var(--wp--preset--spacing--xxl);padding-bottom:var(--wp--preset--spacing--xxl);padding-left:var(--wp--preset--spacing--xxl)\">\n<h2 class=\"wp-block-heading has-real-white-color has-text-color has-link-color wp-elements-1074008979bf649e9d43a7c2cecaef39\" style=\"line-height:1\">Die Holzbr\u00fccke &amp; die Insel<\/h2>\n\n\n\n<p class=\"is-style-top-title has-dark-color has-text-color has-link-color has-xxxxl-font-size wp-elements-4d0623a6b266cab7e65d0d94f8584806 is-style-top-title--3\">kleines Familienabenteuer<\/p>\n\n\n\n<p class=\"has-paragraph-color has-text-color has-link-color wp-elements-e8550ba5deebd90afffefd4cc86f3b8c\">Eine charmante Holzbr\u00fccke f\u00fchrt \u00fcber den Bach zu einer kleinen bewaldeten Insel.<br\/>Ein magischer Ort f\u00fcr Kinder, die sich wie auf einer &#8222;Expedition&#8220; f\u00fchlen.<\/p>\n\n\n\n<p class=\"has-paragraph-color has-text-color has-link-color wp-elements-d107b3bf0ffe3f55425b958c1c77d1b7\"><strong>Auf dieser Insel:<\/strong><br\/>Ein gesch\u00fctzter Naturraum, der sich perfekt zum Spielen, Fantasieren und Beobachten eignet. Es besteht die M\u00f6glichkeit, ein Lagerfeuer zu organisieren, um einen gem\u00fctlichen Moment mit der Familie zu erleben. Eine einfache Erfahrung&#8230; aber unvergesslich.  <\/p>\n\n\n\n<p class=\"has-paragraph-color has-text-color has-link-color wp-elements-e47e4b8de6f141dcd05668fa80345b02\"><\/p>\n<\/div>\n\n\n\n<div class=\"wp-block-column is-layout-flow wp-block-column-is-layout-flow\">\n<figure class=\"wp-block-image size-full has-custom-border\"><img alt=\"\" loading=\"lazy\" decoding=\"async\" width=\"2261\" height=\"2560\" src=\"https:\/\/www.camping-au-mica.fr\/wp-content\/uploads\/2025\/10\/famille-gerants-scaled.webp\" alt=\"\" class=\"wp-image-686\" style=\"border-radius:8px;aspect-ratio:3\/4;object-fit:cover\" srcset=\"https:\/\/www.camping-au-mica.fr\/wp-content\/uploads\/2025\/10\/famille-gerants-scaled.webp 2261w, https:\/\/www.camping-au-mica.fr\/wp-content\/uploads\/2025\/10\/famille-gerants-265x300.webp 265w, https:\/\/www.camping-au-mica.fr\/wp-content\/uploads\/2025\/10\/famille-gerants-904x1024.webp 904w, https:\/\/www.camping-au-mica.fr\/wp-content\/uploads\/2025\/10\/famille-gerants-768x870.webp 768w\" sizes=\"auto, (max-width: 2261px) 100vw, 2261px\" \/><\/figure>\n<\/div>\n<\/div>\n\n\n\n<div style=\"height:var(--wp--preset--spacing--xxl)\" aria-hidden=\"true\" class=\"wp-block-spacer\"><\/div>\n<\/div>\n\n<h2 class=\"wp-block-heading has-text-align-center has-primary-color has-text-color has-link-color wp-elements-0b471feaee6a2a857e28b5b6ffdec474\" style=\"line-height:1\">Ein Signaturbereich des Campingplatzes im Mica<\/h2>\n\n<div style=\"height:var(--wp--preset--spacing--xxl)\" aria-hidden=\"true\" class=\"wp-block-spacer\"><\/div>\n\n<p><\/p>\n\n<p class=\"has-text-align-center\">Der Strand und der Bach sind die Seele des Campingplatzes:<br\/>ein Ort, an dem das Wasser verbindet, beruhigt und die Fantasie anregt.<br\/>Kinder treffen sich hier auf nat\u00fcrliche Weise, spielen zusammen, lachen, erfinden&#8230;<br\/>Die Eltern genie\u00dfen eine sanfte, lebendige und beruhigende nat\u00fcrliche Umgebung.<\/p>\n\n<p class=\"has-text-align-center\">Einer dieser Orte, an denen man sich sagt: &#8222;Das ist Familienurlaub&#8220;.<\/p>\n\n<div style=\"height:var(--wp--preset--spacing--xxl)\" aria-hidden=\"true\" class=\"wp-block-spacer\"><\/div>\n","protected":false},"excerpt":{"rendered":"<p>Strand &amp; Bach, der Lieblingsort von Kindern (und Eltern) Der Strand Plage du Mica ist einer der beliebtesten Bereiche des Campingplatzes.Mit seinem feinen Sand, dem flachen Bach und der halbschattigen nat\u00fcrlichen Umgebung ist er ein wahres Paradies f\u00fcr Kleinkinder und \u00e4ltere Kinder. Die Holzbr\u00fccke &amp; die Insel kleines Familienabenteuer Eine charmante Holzbr\u00fccke f\u00fchrt \u00fcber den [&hellip;]<\/p>\n","protected":false},"author":1,"featured_media":0,"parent":0,"menu_order":0,"comment_status":"closed","ping_status":"closed","template":"page-no-title","meta":{"_acf_changed":false,"_seopress_robots_primary_cat":"","_seopress_titles_title":"Camping Plage\/Ruisseau Vosges | Camping rivi\u00e8re de ruisseau \u00e0 Corcieux","_seopress_titles_desc":"Verbringen Sie einen herrlichen Aufenthalt auf unserem Campingplatz am Ufer eines Baches in den Vogesen! Genie\u00dfen Sie den direkten Zugang zu den Str\u00e4nden, wenn Sie auf dem Campingplatz Au Mica wohnen! ","_seopress_robots_index":"","footnotes":""},"class_list":["post-2030","page","type-page","status-publish","hentry"],"acf":[],"_links":{"self":[{"href":"https:\/\/www.camping-au-mica.fr\/de\/wp-json\/wp\/v2\/pages\/2030","targetHints":{"allow":["GET"]}}],"collection":[{"href":"https:\/\/www.camping-au-mica.fr\/de\/wp-json\/wp\/v2\/pages"}],"about":[{"href":"https:\/\/www.camping-au-mica.fr\/de\/wp-json\/wp\/v2\/types\/page"}],"author":[{"embeddable":true,"href":"https:\/\/www.camping-au-mica.fr\/de\/wp-json\/wp\/v2\/users\/1"}],"replies":[{"embeddable":true,"href":"https:\/\/www.camping-au-mica.fr\/de\/wp-json\/wp\/v2\/comments?post=2030"}],"version-history":[{"count":2,"href":"https:\/\/www.camping-au-mica.fr\/de\/wp-json\/wp\/v2\/pages\/2030\/revisions"}],"predecessor-version":[{"id":2860,"href":"https:\/\/www.camping-au-mica.fr\/de\/wp-json\/wp\/v2\/pages\/2030\/revisions\/2860"}],"wp:attachment":[{"href":"https:\/\/www.camping-au-mica.fr\/de\/wp-json\/wp\/v2\/media?parent=2030"}],"curies":[{"name":"wp","href":"https:\/\/api.w.org\/{rel}","templated":true}]}}