{"id":2025,"date":"2025-11-21T16:54:59","date_gmt":"2025-11-21T15:54:59","guid":{"rendered":"https:\/\/www.camping-au-mica.fr\/seminar-privatisierung\/"},"modified":"2025-12-11T11:41:16","modified_gmt":"2025-12-11T10:41:16","slug":"seminar-privatisierung","status":"publish","type":"page","link":"https:\/\/www.camping-au-mica.fr\/de\/seminar-privatisierung\/","title":{"rendered":"Seminar &#8211; Privatisierung"},"content":{"rendered":"\n<div class=\"wp-block-group alignfull hero-lab hrz-hero has-global-padding is-layout-constrained wp-container-core-group-is-layout-812dcb84 wp-block-group-is-layout-constrained has-background\" style=\"padding-top:var(--wp--preset--spacing--xxxxxxl);padding-bottom:var(--wp--preset--spacing--xxxxxxl);background-image:url(&apos;https:\/\/www.camping-au-mica.fr\/wp-content\/uploads\/2025\/11\/seminaire.webp&apos;);background-size:cover;\"><\/div>\n<div style=\"padding-left:var(--wp--preset--spacing--s);padding-top:var(--wp--preset--spacing--s);padding-bottom:var(--wp--preset--spacing--s);\" class=\"alignfull wp-elements-5cd3591c1ade14a972751d58f754b855 wp-block-wpseopress-breadcrumbs has-text-color has-primary-color\"><nav  aria-label=\"breadcrumb\"><ol class=\"breadcrumb\" itemscope itemtype=\"https:\/\/schema.org\/BreadcrumbList\"><li class=\"breadcrumb-item active\" aria-current=\"page\" itemprop=\"itemListElement\" itemscope itemtype=\"https:\/\/schema.org\/ListItem\"><span itemprop=\"name\">Camping \u00e0 Corcieux<\/span><meta itemprop=\"position\" content=\"1\"><\/li><\/ol><\/nav><\/div>\n<div class=\"wp-block-columns alignwide are-vertically-aligned-center hrz-responsive-col hrz-reponsive-order is-layout-flex wp-container-core-columns-is-layout-17e81cd9 wp-block-columns-is-layout-flex\" style=\"margin-top:var(--wp--preset--spacing--xxl);margin-bottom:var(--wp--preset--spacing--xxl);padding-top:0;padding-right:var(--wp--preset--spacing--xxl);padding-bottom:0;padding-left:var(--wp--preset--spacing--xxl)\">\n<div class=\"wp-block-column is-vertically-aligned-center is-layout-flow wp-block-column-is-layout-flow\">\n<figure class=\"wp-block-image size-large has-custom-border\"><img alt=\"\" loading=\"lazy\" decoding=\"async\" width=\"1024\" height=\"509\" src=\"https:\/\/www.camping-au-mica.fr\/wp-content\/uploads\/2025\/11\/echange-projet-1024x509.webp\" alt=\"\" class=\"wp-image-1395\" style=\"border-radius:8px;aspect-ratio:4\/3;object-fit:cover\" srcset=\"https:\/\/www.camping-au-mica.fr\/wp-content\/uploads\/2025\/11\/echange-projet-1024x509.webp 1024w, https:\/\/www.camping-au-mica.fr\/wp-content\/uploads\/2025\/11\/echange-projet-300x149.webp 300w, https:\/\/www.camping-au-mica.fr\/wp-content\/uploads\/2025\/11\/echange-projet-768x382.webp 768w\" sizes=\"auto, (max-width: 1024px) 100vw, 1024px\" \/><\/figure>\n<\/div>\n\n\n\n<div class=\"wp-block-column is-vertically-aligned-center is-layout-flow wp-block-column-is-layout-flow\" style=\"padding-top:0;padding-right:0;padding-bottom:0;padding-left:0\">\n<h1 class=\"wp-block-heading has-primary-color has-text-color has-link-color wp-elements-b62c40e1350eb1ded177b05985554821\" style=\"margin-bottom:var(--wp--preset--spacing--xxl);line-height:1\">Seminare, Gruppen &amp; Veranstaltungen, eine nat\u00fcrliche, rustikale und inspirierende Umgebung<\/h1>\n\n\n\n<p style=\"margin-bottom:var(--wp--preset--spacing--xxl)\">Zwischen Wald, Wasser und komfortablen Unterk\u00fcnften bietet Camping au Mica eine einzigartige Umgebung f\u00fcr Familienfeiern, Schulungen, Seminare, private Veranstaltungen oder Geburtstage.<br\/>Ein authentischer, exotischer und geselliger Ort, ideal um Kontakte zu kn\u00fcpfen, zu feiern oder in einem anderen Rahmen zu arbeiten.<\/p>\n<\/div>\n<\/div>\n\n<div class=\"wp-block-cover alignfull is-light\"><img alt=\"\" loading=\"lazy\" decoding=\"async\" width=\"1024\" height=\"703\" class=\"wp-block-cover__image-background wp-image-1393 size-large\" alt=\"\" src=\"https:\/\/www.camping-au-mica.fr\/wp-content\/uploads\/2025\/11\/anniversaire-1024x703.webp\" data-object-fit=\"cover\" srcset=\"https:\/\/www.camping-au-mica.fr\/wp-content\/uploads\/2025\/11\/anniversaire-1024x703.webp 1024w, https:\/\/www.camping-au-mica.fr\/wp-content\/uploads\/2025\/11\/anniversaire-300x206.webp 300w, https:\/\/www.camping-au-mica.fr\/wp-content\/uploads\/2025\/11\/anniversaire-768x528.webp 768w\" sizes=\"auto, (max-width: 1024px) 100vw, 1024px\" \/><span aria-hidden=\"true\" class=\"wp-block-cover__background has-real-black-background-color has-background-dim-40 has-background-dim\"><\/span><div class=\"wp-block-cover__inner-container has-global-padding is-layout-constrained wp-block-cover-is-layout-constrained\">\n<div class=\"wp-block-group alignfull lab-bloc-5 anim_element_left has-global-padding is-layout-constrained wp-container-core-group-is-layout-153433f7 wp-block-group-is-layout-constrained\" style=\"padding-top:var(--wp--preset--spacing--xxl);padding-bottom:var(--wp--preset--spacing--xxl)\">\n<div class=\"wp-block-group has-global-padding is-layout-constrained wp-container-core-group-is-layout-41c22256 wp-block-group-is-layout-constrained\" style=\"padding-right:var(--wp--preset--spacing--l);padding-left:var(--wp--preset--spacing--l)\">\n<h2 class=\"wp-block-heading has-text-align-center is-style-lab-title--sub has-real-white-color has-text-color has-link-color wp-elements-dd7fb9e0e94835816905d5bdf640024b\" style=\"line-height:1\">Privatisierung der Anlage in der Nebensaison<\/h2>\n\n\n\n<p class=\"has-text-align-center has-real-white-color has-text-color has-link-color wp-elements-d7a9192639006f72f906aae2a61c350f\">Der Campingplatz kann f\u00fcr Ihre Veranstaltungen oder Gruppenaufenthalte privatisiert werden:<br\/>Vom 1\u1d49\u02b3 April bis zum 13. Mai<br\/>Vom 6. September bis zum 3. November<br\/>Mit 34 Unterk\u00fcnften vor Ort empfangen wir Gruppen komfortabel in einer nat\u00fcrlichen, ruhigen und sicheren Umgebung im Herzen der Vogesen.<\/p>\n\n\n\n<p class=\"has-text-align-center has-real-white-color has-text-color has-link-color wp-elements-6876103e67b0f3d2e3de38118b6c96f8\">Ein gem\u00fctlicher Raum mit Blick auf den Teich. Unser Seminar-\/Tagungsraum bietet Platz f\u00fcr bis zu 49 Personen und bietet:<br\/>Videoprojektor, Flipchart, Lautsprecher, modulare Tische, rustikaler Stil, warmes Holz, atemberaubender Blick auf den Fischteich.<br\/>Ein inspirierender Raum, perfekt zum Arbeiten, Feiern oder Zusammenkommen in einer authentischen Atmosph\u00e4re. <\/p>\n\n\n\n<h2 class=\"wp-block-heading has-text-align-center is-style-lab-title--sub has-real-white-color has-text-color has-link-color wp-elements-85a96fa796338f61934239c2ce7486f8\" style=\"line-height:1\">Events &amp; Geburtstage, Feiern in einer nat\u00fcrlichen Umgebung<\/h2>\n\n\n\n<p class=\"has-text-align-center is-style-lab-p--base has-real-white-color has-text-color has-link-color wp-elements-1fe96bc688904030977fd518c02c842f\" style=\"margin-top:var(--wp--preset--spacing--s);margin-bottom:var(--wp--preset--spacing--m)\">Das Mica ist auch ein idealer Ort, um einen Geburtstag oder eine private Veranstaltung zu feiern.<br\/>Ob mit der Familie, Freunden oder einer kleinen Gruppe, Sie profitieren:<br\/>von einer nat\u00fcrlichen Umgebung, einem gem\u00fctlichen Saal, einer Verpflegungsm\u00f6glichkeit, Unterk\u00fcnften vor Ort, um das Fest in Sicherheit zu verl\u00e4ngern<br\/>Eine einfache, freundliche und originelle Art, Erinnerungen zu schaffen.<\/p>\n\n\n\n<p class=\"has-text-align-center is-style-lab-p--base has-text-primary-color has-text-color has-link-color wp-elements-8d5772c7f2bd4c968446293d8e52febc\" style=\"margin-top:var(--wp--preset--spacing--s);margin-bottom:var(--wp--preset--spacing--m)\"><\/p>\n<\/div>\n\n\n\n<div style=\"height:var(--wp--preset--spacing--xxl)\" aria-hidden=\"true\" class=\"wp-block-spacer\"><\/div>\n<\/div>\n<\/div><\/div>\n\n<div class=\"wp-block-group alignfull hrz-contenus-2 anim_element_left has-global-padding is-layout-constrained wp-block-group-is-layout-constrained\" style=\"margin-top:var(--wp--preset--spacing--xxl);margin-bottom:var(--wp--preset--spacing--xxl)\">\n<div class=\"wp-block-columns alignwide hrz-responsive-col is-layout-flex wp-container-core-columns-is-layout-b6746764 wp-block-columns-is-layout-flex\" style=\"margin-top:0;margin-bottom:0;padding-top:0;padding-right:0;padding-bottom:0;padding-left:0\">\n<div class=\"wp-block-column is-vertically-aligned-center hrz-contenus-2-contenus has-light-background-color has-background has-global-padding is-layout-constrained wp-container-core-column-is-layout-e6325cf1 wp-block-column-is-layout-constrained\" style=\"border-radius:8px;padding-top:var(--wp--preset--spacing--xxl);padding-right:var(--wp--preset--spacing--xxl);padding-bottom:var(--wp--preset--spacing--xxl);padding-left:var(--wp--preset--spacing--xxl)\">\n<h2 class=\"wp-block-heading has-real-white-color has-text-color has-link-color wp-elements-51704924ccb21d5df36743be5f93c999\" style=\"line-height:1\">Restauration<\/h2>\n\n\n\n<p class=\"is-style-top-title has-dark-color has-text-color has-link-color has-xxxxl-font-size wp-elements-7e9bc54673da1312abc0eebf5459fa8b is-style-top-title--1\">Fr\u00fchst\u00fcck, Mittag- und Abendessen<\/p>\n\n\n\n<p class=\"has-paragraph-color has-text-color has-link-color wp-elements-7713cbb077400ede216c60438d281f30\">F\u00fcr Ihre Gruppe k\u00f6nnen wir folgende Leistungen erbringen:<br\/>Fr\u00fchst\u00fcck, Mittagessen, Abendessen.<br\/>Einfache, schmackhafte Mahlzeiten, die auf die Bed\u00fcrfnisse von Familien, Vereinen oder Unternehmen zugeschnitten sind.<\/p>\n<\/div>\n\n\n\n<div class=\"wp-block-column is-layout-flow wp-block-column-is-layout-flow\">\n<figure class=\"wp-block-image size-full has-custom-border\"><img alt=\"\" loading=\"lazy\" decoding=\"async\" width=\"2000\" height=\"1333\" src=\"https:\/\/www.camping-au-mica.fr\/wp-content\/uploads\/2025\/11\/repas-groupes.webp\" alt=\"\" class=\"wp-image-1402\" style=\"border-radius:8px;aspect-ratio:3\/4;object-fit:cover\" srcset=\"https:\/\/www.camping-au-mica.fr\/wp-content\/uploads\/2025\/11\/repas-groupes.webp 2000w, https:\/\/www.camping-au-mica.fr\/wp-content\/uploads\/2025\/11\/repas-groupes-300x200.webp 300w, https:\/\/www.camping-au-mica.fr\/wp-content\/uploads\/2025\/11\/repas-groupes-1024x682.webp 1024w, https:\/\/www.camping-au-mica.fr\/wp-content\/uploads\/2025\/11\/repas-groupes-768x512.webp 768w, https:\/\/www.camping-au-mica.fr\/wp-content\/uploads\/2025\/11\/repas-groupes-1440x960.webp 1440w, https:\/\/www.camping-au-mica.fr\/wp-content\/uploads\/2025\/11\/repas-groupes-1080x720.webp 1080w, https:\/\/www.camping-au-mica.fr\/wp-content\/uploads\/2025\/11\/repas-groupes-720x480.webp 720w, https:\/\/www.camping-au-mica.fr\/wp-content\/uploads\/2025\/11\/repas-groupes-480x320.webp 480w, https:\/\/www.camping-au-mica.fr\/wp-content\/uploads\/2025\/11\/repas-groupes-240x160.webp 240w, https:\/\/www.camping-au-mica.fr\/wp-content\/uploads\/2025\/11\/repas-groupes-120x80.webp 120w\" sizes=\"auto, (max-width: 2000px) 100vw, 2000px\" \/><\/figure>\n<\/div>\n<\/div>\n\n\n\n<div style=\"height:var(--wp--preset--spacing--xxl)\" aria-hidden=\"true\" class=\"wp-block-spacer\"><\/div>\n<\/div>\n\n<p class=\"has-text-align-center\"><strong>F\u00fcr welche Arten von Gruppen?<\/strong> Unsere Einrichtungen sind ideal f\u00fcr:<br\/>Geburtstage (Erwachsene, Kinder, Familien), Firmenseminare, Schulungen und Workshops, Cousinaden und Familientreffen, Vereine, Sportclubs (kleine Gruppen), Wander-\/Radfahrergruppen.<br\/><strong>Die Kombination aus Unterkunft + Verpflegung + Saal + Natur schafft einen idealen Rahmen, um sich zu treffen, zu feiern oder anders zu arbeiten.<\/strong><\/p>\n\n<p class=\"has-text-align-center\"><\/p>\n\n<p class=\"has-text-align-center\">Eine Umgebung, die den Zusammenhalt und sch\u00f6ne Emotionen f\u00f6rdert. Zwischen dem Teich, dem Wald, den Wegen und den Au\u00dfenbereichen bietet Camping au Mica eine inspirierende, beruhigende und gesellige Umgebung. Ein Ort, an dem man anders zusammenkommt, anders feiert und jede Gruppe mit echten Erinnerungen nach Hause f\u00e4hrt.  <\/p>\n\n<div style=\"height:var(--wp--preset--spacing--xxl)\" aria-hidden=\"true\" class=\"wp-block-spacer\"><\/div>\n","protected":false},"excerpt":{"rendered":"<p>Seminare, Gruppen &amp; Veranstaltungen, eine nat\u00fcrliche, rustikale und inspirierende Umgebung Zwischen Wald, Wasser und komfortablen Unterk\u00fcnften bietet Camping au Mica eine einzigartige Umgebung f\u00fcr Familienfeiern, Schulungen, Seminare, private Veranstaltungen oder Geburtstage.Ein authentischer, exotischer und geselliger Ort, ideal um Kontakte zu kn\u00fcpfen, zu feiern oder in einem anderen Rahmen zu arbeiten. Restauration Fr\u00fchst\u00fcck, Mittag- und Abendessen [&hellip;]<\/p>\n","protected":false},"author":1,"featured_media":0,"parent":0,"menu_order":0,"comment_status":"closed","ping_status":"closed","template":"page-no-title","meta":{"_acf_changed":false,"_seopress_robots_primary_cat":"","_seopress_titles_title":"Camping Seminar Privatisierung in Corcieux | Camping f\u00fcr Ihre Veranstaltungen in den Vogesen","_seopress_titles_desc":"Organisieren Sie Ihr Seminar auf dem Camping au Mica: ein ruhiger und privatisierbarer Ort in den Vogesen f\u00fcr Ihre Veranstaltungen.","_seopress_robots_index":"","footnotes":""},"class_list":["post-2025","page","type-page","status-publish","hentry"],"acf":[],"_links":{"self":[{"href":"https:\/\/www.camping-au-mica.fr\/de\/wp-json\/wp\/v2\/pages\/2025","targetHints":{"allow":["GET"]}}],"collection":[{"href":"https:\/\/www.camping-au-mica.fr\/de\/wp-json\/wp\/v2\/pages"}],"about":[{"href":"https:\/\/www.camping-au-mica.fr\/de\/wp-json\/wp\/v2\/types\/page"}],"author":[{"embeddable":true,"href":"https:\/\/www.camping-au-mica.fr\/de\/wp-json\/wp\/v2\/users\/1"}],"replies":[{"embeddable":true,"href":"https:\/\/www.camping-au-mica.fr\/de\/wp-json\/wp\/v2\/comments?post=2025"}],"version-history":[{"count":2,"href":"https:\/\/www.camping-au-mica.fr\/de\/wp-json\/wp\/v2\/pages\/2025\/revisions"}],"predecessor-version":[{"id":2784,"href":"https:\/\/www.camping-au-mica.fr\/de\/wp-json\/wp\/v2\/pages\/2025\/revisions\/2784"}],"wp:attachment":[{"href":"https:\/\/www.camping-au-mica.fr\/de\/wp-json\/wp\/v2\/media?parent=2025"}],"curies":[{"name":"wp","href":"https:\/\/api.w.org\/{rel}","templated":true}]}}