{"id":1999,"date":"2025-11-21T16:35:20","date_gmt":"2025-11-21T15:35:20","guid":{"rendered":"https:\/\/www.camping-au-mica.fr\/spielplaetze\/"},"modified":"2025-12-11T11:41:49","modified_gmt":"2025-12-11T10:41:49","slug":"spielplaetze","status":"publish","type":"page","link":"https:\/\/www.camping-au-mica.fr\/de\/spielplaetze\/","title":{"rendered":"Spielpl\u00e4tze"},"content":{"rendered":"\n<div class=\"wp-block-group alignfull hero-lab hrz-hero has-global-padding is-layout-constrained wp-container-core-group-is-layout-812dcb84 wp-block-group-is-layout-constrained has-background\" style=\"padding-top:var(--wp--preset--spacing--xxxxxxl);padding-bottom:var(--wp--preset--spacing--xxxxxxl);background-image:url(&apos;https:\/\/www.camping-au-mica.fr\/wp-content\/uploads\/2025\/10\/jeux-bois.webp&apos;);background-size:cover;\"><\/div>\n<div style=\"padding-left:var(--wp--preset--spacing--s);padding-top:var(--wp--preset--spacing--s);padding-bottom:var(--wp--preset--spacing--s);\" class=\"alignfull wp-elements-5cd3591c1ade14a972751d58f754b855 wp-block-wpseopress-breadcrumbs has-text-color has-primary-color\"><nav  aria-label=\"breadcrumb\"><ol class=\"breadcrumb\" itemscope itemtype=\"https:\/\/schema.org\/BreadcrumbList\"><li class=\"breadcrumb-item active\" aria-current=\"page\" itemprop=\"itemListElement\" itemscope itemtype=\"https:\/\/schema.org\/ListItem\"><span itemprop=\"name\">Camping \u00e0 Corcieux<\/span><meta itemprop=\"position\" content=\"1\"><\/li><\/ol><\/nav><\/div>\n<div class=\"wp-block-columns alignwide are-vertically-aligned-center hrz-responsive-col hrz-reponsive-order is-layout-flex wp-container-core-columns-is-layout-17e81cd9 wp-block-columns-is-layout-flex\" style=\"margin-top:var(--wp--preset--spacing--xxl);margin-bottom:var(--wp--preset--spacing--xxl);padding-top:0;padding-right:var(--wp--preset--spacing--xxl);padding-bottom:0;padding-left:var(--wp--preset--spacing--xxl)\">\n<div class=\"wp-block-column is-vertically-aligned-center is-layout-flow wp-block-column-is-layout-flow\">\n<figure class=\"wp-block-image size-large has-custom-border\"><img alt=\"\" loading=\"lazy\" decoding=\"async\" width=\"1024\" height=\"683\" src=\"https:\/\/www.camping-au-mica.fr\/wp-content\/uploads\/2025\/10\/jeux-bois-1024x683.webp\" alt=\"\" class=\"wp-image-645\" style=\"border-radius:8px;aspect-ratio:4\/3;object-fit:cover\" srcset=\"https:\/\/www.camping-au-mica.fr\/wp-content\/uploads\/2025\/10\/jeux-bois-1024x683.webp 1024w, https:\/\/www.camping-au-mica.fr\/wp-content\/uploads\/2025\/10\/jeux-bois-300x200.webp 300w, https:\/\/www.camping-au-mica.fr\/wp-content\/uploads\/2025\/10\/jeux-bois-768x512.webp 768w, https:\/\/www.camping-au-mica.fr\/wp-content\/uploads\/2025\/10\/jeux-bois-1440x960.webp 1440w, https:\/\/www.camping-au-mica.fr\/wp-content\/uploads\/2025\/10\/jeux-bois-1080x720.webp 1080w, https:\/\/www.camping-au-mica.fr\/wp-content\/uploads\/2025\/10\/jeux-bois-720x480.webp 720w\" sizes=\"auto, (max-width: 1024px) 100vw, 1024px\" \/><\/figure>\n<\/div>\n\n\n\n<div class=\"wp-block-column is-vertically-aligned-center is-layout-flow wp-block-column-is-layout-flow\" style=\"padding-top:0;padding-right:0;padding-bottom:0;padding-left:0\">\n<h1 class=\"wp-block-heading has-primary-color has-text-color has-link-color wp-elements-0c97042d064d2a5497874c2b13228b05\" style=\"margin-bottom:var(--wp--preset--spacing--xxl);line-height:1\">Spielpl\u00e4tze, die f\u00fcr jedes Alter geeignet sind<\/h1>\n\n\n\n<p style=\"margin-bottom:var(--wp--preset--spacing--xxl)\">Auf Camping au Mica finden sich die Kinder schnell zurecht.<br\/>Unsere vier Spielbereiche, die sich alle unterscheiden und erg\u00e4nzen, erm\u00f6glichen es Kleinkindern und \u00e4lteren Kindern, sich in aller Sicherheit zu vergn\u00fcgen, andere Kinder zu treffen und die Natur zu genie\u00dfen.<\/p>\n<\/div>\n<\/div>\n\n<div class=\"wp-block-cover alignfull is-light\"><img alt=\"\" loading=\"lazy\" decoding=\"async\" width=\"1024\" height=\"773\" class=\"wp-block-cover__image-background wp-image-305 size-large\" alt=\"\" src=\"https:\/\/www.camping-au-mica.fr\/wp-content\/uploads\/2025\/10\/trampoline-1024x773.webp\" data-object-fit=\"cover\" srcset=\"https:\/\/www.camping-au-mica.fr\/wp-content\/uploads\/2025\/10\/trampoline-1024x773.webp 1024w, https:\/\/www.camping-au-mica.fr\/wp-content\/uploads\/2025\/10\/trampoline-300x227.webp 300w, https:\/\/www.camping-au-mica.fr\/wp-content\/uploads\/2025\/10\/trampoline-768x580.webp 768w, https:\/\/www.camping-au-mica.fr\/wp-content\/uploads\/2025\/10\/trampoline-160x120.webp 160w\" sizes=\"auto, (max-width: 1024px) 100vw, 1024px\" \/><span aria-hidden=\"true\" class=\"wp-block-cover__background has-real-black-background-color has-background-dim-40 has-background-dim\"><\/span><div class=\"wp-block-cover__inner-container has-global-padding is-layout-constrained wp-block-cover-is-layout-constrained\">\n<div class=\"wp-block-group alignfull lab-bloc-5 anim_element_left has-global-padding is-layout-constrained wp-container-core-group-is-layout-153433f7 wp-block-group-is-layout-constrained\" style=\"padding-top:var(--wp--preset--spacing--xxl);padding-bottom:var(--wp--preset--spacing--xxl)\">\n<div class=\"wp-block-group has-global-padding is-layout-constrained wp-container-core-group-is-layout-41c22256 wp-block-group-is-layout-constrained\" style=\"padding-right:var(--wp--preset--spacing--l);padding-left:var(--wp--preset--spacing--l)\">\n<h2 class=\"wp-block-heading has-text-align-center is-style-lab-title--sub has-real-white-color has-text-color has-link-color wp-elements-d4be85bdbb9ee05190491ca4f8330ac2\" style=\"line-height:1\">Die Sportzone<\/h2>\n\n\n\n<p class=\"has-text-align-center is-style-lab-p--subtitle is-style-top-title has-real-white-color has-text-color has-link-color has-xxxxl-font-size wp-elements-a5d53d01522e3a14d711f1274a2cd7b4 is-style-top-title--1\">Trampolin, Tischtennis &amp; gro\u00dfe Rasenfl\u00e4che<\/p>\n\n\n\n<p class=\"has-text-align-center has-real-white-color has-text-color has-link-color wp-elements-42168a4524ec4b75a3316f637692b25d\">Ein offener Bereich f\u00fcr Bewegung an der frischen Luft.<br\/>Trampolin<br\/>Tischtennisplatte<br\/>Gro\u00dfe Grasfl\u00e4che zum Laufen, Ballspielen oder f\u00fcr Minispiele mit Kindern<br\/>Ideal f\u00fcr 4-10-J\u00e4hrige und kleine Gruppen, die sich bewegen wollen.<\/p>\n\n\n\n<p><\/p>\n\n\n\n<p class=\"has-text-align-center is-style-lab-p--base has-text-primary-color has-text-color has-link-color wp-elements-8d5772c7f2bd4c968446293d8e52febc\" style=\"margin-top:var(--wp--preset--spacing--s);margin-bottom:var(--wp--preset--spacing--m)\"><\/p>\n<\/div>\n<\/div>\n<\/div><\/div>\n\n<div class=\"wp-block-group alignfull hrz-contenus-2 has-global-padding is-layout-constrained wp-block-group-is-layout-constrained\" style=\"margin-top:var(--wp--preset--spacing--xxl);margin-bottom:var(--wp--preset--spacing--xxl)\">\n<div class=\"wp-block-columns alignwide hrz-responsive-col is-layout-flex wp-container-core-columns-is-layout-b6746764 wp-block-columns-is-layout-flex\" style=\"margin-top:0;margin-bottom:0;padding-top:0;padding-right:0;padding-bottom:0;padding-left:0\">\n<div class=\"wp-block-column is-vertically-aligned-center hrz-contenus-2-contenus has-light-background-color has-background has-global-padding is-layout-constrained wp-container-core-column-is-layout-e6325cf1 wp-block-column-is-layout-constrained\" style=\"border-radius:8px;padding-top:var(--wp--preset--spacing--xxl);padding-right:var(--wp--preset--spacing--xxl);padding-bottom:var(--wp--preset--spacing--xxl);padding-left:var(--wp--preset--spacing--xxl)\">\n<h2 class=\"wp-block-heading has-real-white-color has-text-color has-link-color wp-elements-2891f0d6d559a956ea9a9d485780b1ae\" style=\"line-height:1\">Der Waldspielplatz<\/h2>\n\n\n\n<p class=\"is-style-top-title has-dark-color has-text-color has-link-color has-xxxxl-font-size wp-elements-76edfbdaa53578b34b809e41826f83b8 is-style-top-title--2\">schattig, nat\u00fcrlich und aus Holz<\/p>\n\n\n\n<p class=\"has-paragraph-color has-text-color has-link-color wp-elements-b24e882c0be3e3c933ad104a1e5227ca\">Dieser Spielplatz liegt im Wald und ist ein beliebter Ort f\u00fcr Kinder.<br\/>Der Spielplatz ist vollst\u00e4ndig aus Holz und f\u00fcgt sich so perfekt in die Natur ein und bleibt auch im Hochsommer schattig.<\/p>\n\n\n\n<p class=\"has-paragraph-color has-text-color has-link-color wp-elements-d36146124097247e38b6ad8e2bc34b92\">Gro\u00dfe Rutsche. Struktur zum Klettern. Bequemer und sicherer Sandboden. Geeignet f\u00fcr Kinder von 3 bis 10 Jahren. Ein Ort, an dem die Kinder lange und sicher spielen k\u00f6nnen, inmitten von B\u00e4umen.    <\/p>\n<\/div>\n\n\n\n<div class=\"wp-block-column is-layout-flow wp-block-column-is-layout-flow\">\n<figure class=\"wp-block-image size-full has-custom-border\"><img alt=\"\" loading=\"lazy\" decoding=\"async\" width=\"2500\" height=\"1521\" src=\"https:\/\/www.camping-au-mica.fr\/wp-content\/uploads\/2025\/10\/jeux-enfants.webp\" alt=\"\" class=\"wp-image-303\" style=\"border-radius:8px;aspect-ratio:3\/4;object-fit:cover\" srcset=\"https:\/\/www.camping-au-mica.fr\/wp-content\/uploads\/2025\/10\/jeux-enfants.webp 2500w, https:\/\/www.camping-au-mica.fr\/wp-content\/uploads\/2025\/10\/jeux-enfants-300x183.webp 300w, https:\/\/www.camping-au-mica.fr\/wp-content\/uploads\/2025\/10\/jeux-enfants-1024x623.webp 1024w, https:\/\/www.camping-au-mica.fr\/wp-content\/uploads\/2025\/10\/jeux-enfants-768x467.webp 768w\" sizes=\"auto, (max-width: 2500px) 100vw, 2500px\" \/><\/figure>\n<\/div>\n<\/div>\n\n\n\n<div style=\"height:var(--wp--preset--spacing--xxl)\" aria-hidden=\"true\" class=\"wp-block-spacer\"><\/div>\n<\/div>\n\n<h2 class=\"wp-block-heading has-text-align-center has-primary-color has-text-color has-link-color wp-elements-4186976bd41b13c3abbd2973c3a15a19\" style=\"line-height:1\">Der Kleinkinderbereich, perfekt f\u00fcr Kinder von 2 bis 4 Jahren.<\/h2>\n\n<div style=\"height:var(--wp--preset--spacing--xxl)\" aria-hidden=\"true\" class=\"wp-block-spacer\"><\/div>\n\n<p class=\"has-text-align-center\">Dieser Bereich wurde speziell f\u00fcr die J\u00fcngsten entworfen und bietet Spiele, die an ihre F\u00e4higkeiten angepasst sind.<br\/>Schaukel, Federspiele, kleine Rutsche, sicherer Sandboden.<br\/>Ruhiger Bereich, der f\u00fcr die Eltern leicht zu \u00fcberwachen ist.<br\/>Ein beruhigender Ort, an dem die Kleinsten die Freuden des Spielens im Freien entdecken k\u00f6nnen.<\/p>\n\n<figure class=\"wp-block-image size-large has-custom-border\" style=\"margin-top:var(--wp--preset--spacing--xxl)\"><img alt=\"\" loading=\"lazy\" decoding=\"async\" width=\"1024\" height=\"768\" src=\"https:\/\/www.camping-au-mica.fr\/wp-content\/uploads\/2025\/12\/aire-de-jeux-enfants-1024x768.webp\" alt=\"\" class=\"wp-image-1627\" style=\"border-radius:8px\" srcset=\"https:\/\/www.camping-au-mica.fr\/wp-content\/uploads\/2025\/12\/aire-de-jeux-enfants-1024x768.webp 1024w, https:\/\/www.camping-au-mica.fr\/wp-content\/uploads\/2025\/12\/aire-de-jeux-enfants-300x225.webp 300w, https:\/\/www.camping-au-mica.fr\/wp-content\/uploads\/2025\/12\/aire-de-jeux-enfants-768x576.webp 768w, https:\/\/www.camping-au-mica.fr\/wp-content\/uploads\/2025\/12\/aire-de-jeux-enfants-1440x1080.webp 1440w, https:\/\/www.camping-au-mica.fr\/wp-content\/uploads\/2025\/12\/aire-de-jeux-enfants-720x540.webp 720w, https:\/\/www.camping-au-mica.fr\/wp-content\/uploads\/2025\/12\/aire-de-jeux-enfants-320x240.webp 320w, https:\/\/www.camping-au-mica.fr\/wp-content\/uploads\/2025\/12\/aire-de-jeux-enfants-160x120.webp 160w, https:\/\/www.camping-au-mica.fr\/wp-content\/uploads\/2025\/12\/aire-de-jeux-enfants.webp 2016w\" sizes=\"auto, (max-width: 1024px) 100vw, 1024px\" \/><\/figure>\n\n<div style=\"height:var(--wp--preset--spacing--xxl)\" aria-hidden=\"true\" class=\"wp-block-spacer\"><\/div>\n\n<div class=\"wp-block-group alignfull has-global-padding is-layout-constrained wp-block-group-is-layout-constrained\">\n<div class=\"wp-block-columns alignfull hrz-contenus-5 has-light-background-color has-background is-layout-flex wp-container-core-columns-is-layout-1ec2ec05 wp-block-columns-is-layout-flex\" style=\"margin-top:0;margin-bottom:0;padding-top:0;padding-right:0;padding-bottom:0;padding-left:0\">\n<div class=\"wp-block-column is-vertically-aligned-center hrz-contenus-5-contenus is-layout-flow wp-block-column-is-layout-flow\" style=\"padding-top:var(--wp--preset--spacing--xl);padding-right:var(--wp--preset--spacing--xxxl);padding-bottom:var(--wp--preset--spacing--xl);padding-left:var(--wp--preset--spacing--xxxl)\">\n<div class=\"wp-block-group has-global-padding is-layout-constrained wp-block-group-is-layout-constrained\">\n<h2 class=\"wp-block-heading has-real-white-color has-text-color has-link-color wp-elements-8f638324bcd1f0c38e1fbabf57a47de2\" style=\"line-height:1\"><strong>Der Indoor-Spielplatz,  <\/strong><\/h2>\n\n\n\n<p class=\"is-style-top-title has-dark-color has-text-color has-link-color has-xxxxl-font-size wp-elements-162087204f3c44fe189d78a05a9cc72c is-style-top-title--3\">H\u00fcpfburg &amp; Babybereich<\/p>\n\n\n\n<p class=\"has-dark-color has-text-color has-link-color wp-elements-a52910fc1035eadfa1fc6dc948c3454b\">An k\u00fchleren Tagen oder bei leichtem Regen k\u00f6nnen sich die Kinder in einem \u00fcberdachten Spielzimmer weiter vergn\u00fcgen.<br\/>H\u00fcpfburg. Kleiner Babybereich f\u00fcr sanfte Spiele. Ideal f\u00fcr Kinder von 1 bis 6 Jahren. Ein gem\u00fctlicher Innenbereich, der auch bei wechselhaftem Wetter f\u00fcr Spiel und Spa\u00df sorgt.   <\/p>\n\n\n\n<p class=\"has-dark-color has-text-color has-link-color wp-elements-09652eb340c725e2071c84e848c51630\"><strong>Angemessene, sichere und f\u00fcr Begegnungen konzipierte Orte<\/strong><\/p>\n\n\n\n<p class=\"has-dark-color has-text-color has-link-color wp-elements-5c377002c1267db8c4c35b72be59c8fe\">Jeder Spielplatz im Mica entspricht einem anderen Bed\u00fcrfnis: Bewegen, Klettern, Rutschen, Erkunden, soziale Kontakte kn\u00fcpfen&#8230;<br\/>Eltern sch\u00e4tzen die gute Sichtbarkeit, den geeigneten Sandboden, die schattigen Bereiche und die Vielfalt, die es Kindern jeden Alters erm\u00f6glicht, ihren Lieblingsplatz zu finden.<\/p>\n<\/div>\n<\/div>\n\n\n\n<div class=\"wp-block-column is-vertically-aligned-center hrz-contenus-5-col-photo is-layout-flow wp-block-column-is-layout-flow\" style=\"flex-basis:40%\">\n<figure class=\"wp-block-image size-full is-style-no-radius is-style-no-radius--4\"><img alt=\"\" loading=\"lazy\" decoding=\"async\" width=\"2500\" height=\"1888\" src=\"https:\/\/www.camping-au-mica.fr\/wp-content\/uploads\/2025\/10\/trampoline.webp\" alt=\"\" class=\"wp-image-305\" style=\"aspect-ratio:1;object-fit:cover\" srcset=\"https:\/\/www.camping-au-mica.fr\/wp-content\/uploads\/2025\/10\/trampoline.webp 2500w, https:\/\/www.camping-au-mica.fr\/wp-content\/uploads\/2025\/10\/trampoline-300x227.webp 300w, https:\/\/www.camping-au-mica.fr\/wp-content\/uploads\/2025\/10\/trampoline-1024x773.webp 1024w, https:\/\/www.camping-au-mica.fr\/wp-content\/uploads\/2025\/10\/trampoline-768x580.webp 768w, https:\/\/www.camping-au-mica.fr\/wp-content\/uploads\/2025\/10\/trampoline-160x120.webp 160w\" sizes=\"auto, (max-width: 2500px) 100vw, 2500px\" \/><\/figure>\n<\/div>\n<\/div>\n<\/div>\n\n<div style=\"height:var(--wp--preset--spacing--xxl)\" aria-hidden=\"true\" class=\"wp-block-spacer\"><\/div>\n","protected":false},"excerpt":{"rendered":"<p>Spielpl\u00e4tze, die f\u00fcr jedes Alter geeignet sind Auf Camping au Mica finden sich die Kinder schnell zurecht.Unsere vier Spielbereiche, die sich alle unterscheiden und erg\u00e4nzen, erm\u00f6glichen es Kleinkindern und \u00e4lteren Kindern, sich in aller Sicherheit zu vergn\u00fcgen, andere Kinder zu treffen und die Natur zu genie\u00dfen. Der Waldspielplatz schattig, nat\u00fcrlich und aus Holz Dieser Spielplatz [&hellip;]<\/p>\n","protected":false},"author":1,"featured_media":0,"parent":0,"menu_order":0,"comment_status":"closed","ping_status":"closed","template":"page-no-title","meta":{"_acf_changed":false,"_seopress_robots_primary_cat":"","_seopress_titles_title":"Campingplatz mit Spielpl\u00e4tzen in Corcieux | Familienurlaub in den Vogesen","_seopress_titles_desc":"Genie\u00dfen Sie einen Campingplatz mit Spielpl\u00e4tzen in den Vogesen: Auf dem Campingplatz Au Mica k\u00f6nnen sich Ihre Kinder in aller Sicherheit auf Spielpl\u00e4tzen f\u00fcr alle Altersgruppen vergn\u00fcgen.","_seopress_robots_index":"","footnotes":""},"class_list":["post-1999","page","type-page","status-publish","hentry"],"acf":[],"_links":{"self":[{"href":"https:\/\/www.camping-au-mica.fr\/de\/wp-json\/wp\/v2\/pages\/1999","targetHints":{"allow":["GET"]}}],"collection":[{"href":"https:\/\/www.camping-au-mica.fr\/de\/wp-json\/wp\/v2\/pages"}],"about":[{"href":"https:\/\/www.camping-au-mica.fr\/de\/wp-json\/wp\/v2\/types\/page"}],"author":[{"embeddable":true,"href":"https:\/\/www.camping-au-mica.fr\/de\/wp-json\/wp\/v2\/users\/1"}],"replies":[{"embeddable":true,"href":"https:\/\/www.camping-au-mica.fr\/de\/wp-json\/wp\/v2\/comments?post=1999"}],"version-history":[{"count":2,"href":"https:\/\/www.camping-au-mica.fr\/de\/wp-json\/wp\/v2\/pages\/1999\/revisions"}],"predecessor-version":[{"id":2795,"href":"https:\/\/www.camping-au-mica.fr\/de\/wp-json\/wp\/v2\/pages\/1999\/revisions\/2795"}],"wp:attachment":[{"href":"https:\/\/www.camping-au-mica.fr\/de\/wp-json\/wp\/v2\/media?parent=1999"}],"curies":[{"name":"wp","href":"https:\/\/api.w.org\/{rel}","templated":true}]}}