{"id":1983,"date":"2025-11-25T12:17:23","date_gmt":"2025-11-25T11:17:23","guid":{"rendered":"https:\/\/www.camping-au-mica.fr\/vermietung-von-klassischen-mobilheimen-in-den-vogesen\/"},"modified":"2025-12-11T11:40:47","modified_gmt":"2025-12-11T10:40:47","slug":"vermietung-von-klassischen-mobilheimen-in-den-vogesen","status":"publish","type":"page","link":"https:\/\/www.camping-au-mica.fr\/de\/vermietung-von-klassischen-mobilheimen-in-den-vogesen\/","title":{"rendered":"Vermietung von klassischen Mobilheimen in den Vogesen"},"content":{"rendered":"\n<div class=\"wp-block-group alignfull hero-lab hrz-hero has-global-padding is-layout-constrained wp-container-core-group-is-layout-812dcb84 wp-block-group-is-layout-constrained has-background\" style=\"padding-top:var(--wp--preset--spacing--xxxxxxl);padding-bottom:var(--wp--preset--spacing--xxxxxxl);background-image:url(&apos;https:\/\/www.camping-au-mica.fr\/wp-content\/uploads\/2025\/11\/au-mica-locatifs-scaled.webp&apos;);background-size:cover;\"><\/div>\n<div style=\"padding-left:var(--wp--preset--spacing--s);padding-top:var(--wp--preset--spacing--s);padding-bottom:var(--wp--preset--spacing--s);\" class=\"alignfull wp-elements-5cd3591c1ade14a972751d58f754b855 wp-block-wpseopress-breadcrumbs has-text-color has-primary-color\"><nav  aria-label=\"breadcrumb\"><ol class=\"breadcrumb\" itemscope itemtype=\"https:\/\/schema.org\/BreadcrumbList\"><li class=\"breadcrumb-item active\" aria-current=\"page\" itemprop=\"itemListElement\" itemscope itemtype=\"https:\/\/schema.org\/ListItem\"><span itemprop=\"name\">Camping \u00e0 Corcieux<\/span><meta itemprop=\"position\" content=\"1\"><\/li><\/ol><\/nav><\/div>\n<h1 class=\"wp-block-heading has-text-align-center has-primary-color has-text-color has-link-color wp-elements-1c15323935260f7c363a8c953a95896f\">Klassische Mobilheime<\/h1>\n\n<p class=\"has-text-align-center\"><strong>Einfach, praktisch und erschwinglich<\/strong><br\/>Unsere klassischen Mobilheime sind ideal f\u00fcr Familien, die den Campingplatz in einer komfortablen, neuen und funktionellen Unterkunft genie\u00dfen m\u00f6chten&#8230; ohne ihr Budget zu \u00fcberschreiten.<br\/>Mit ihren \u00fcberdachten Terrassen und den gut durchdachten Bereichen bieten sie alles, was Sie f\u00fcr einen ruhigen Aufenthalt mit kleinen Kindern ben\u00f6tigen.<\/p>\n\n<p class=\"has-text-align-center\"><\/p>\n\n<div style=\"height:var(--wp--preset--spacing--xxl)\" aria-hidden=\"true\" class=\"wp-block-spacer\"><\/div>\n\n<div class=\"wp-block-group alignwide has-global-padding is-layout-constrained wp-block-group-is-layout-constrained\">\n\t<div class=\"alignfull is-layout-flow wp-block-hrz-blocks-query-camping-rest-is-layout-flow\">\n\t\t<ul class=\"hebergement-listing \">\n\t\t\t<style>:root { --query-color: #CCAD00; }<\/style>\t\t\t\t<li class=\"swiper-slide\">\n\t\t\t\t\t<div class=\"wp-block-group card-gamme is-style-default is-style-relative\"\n\t\t\t\t\t\t data-booking-product=\"95519\" data-booking-etab=\"9811\" data-capacity=\"4\"\t\t\t\t\t\t data-product-filters='[{\"code\":\"surface\",\"type\":\"number\",\"value\":23},{\"code\":\"separated-bedrooms\",\"type\":\"number\",\"value\":2},{\"code\":\"kitchens\",\"type\":\"number\",\"value\":1},{\"code\":\"bathrooms\",\"type\":\"number\",\"value\":1},{\"code\":\"toilets\",\"type\":\"number\",\"value\":1},{\"code\":\"terrace\",\"type\":\"boolean\",\"value\":true}]'>\n\t\t\t\t\t\t<div class=\"wp-block-group thumbnail-image\">\n\t\t\t\t\t\t\t<a href=\"https:\/\/www.camping-au-mica.fr\/de\/hebergements\/mobichalet-duo-4-pers-2-schlafzimmer\/\" title=\"MOBICHALET duo &#8211; 4 pers. 2 Schlafzimmer\">\n\t\t\t\t\t\t\t\t<figure class=\"wp-block-image alignfull size-large\" style=\"margin:0;\">\n\t\t\t\t\t\t\t\t\t<img decoding=\"async\" src=\"https:\/\/www.camping-au-mica.fr\/wp-content\/uploads\/2025\/10\/00000753220.jpg\"\n\t\t\t\t\t\t\t\t\t\talt=\"MOBICHALET duo &#8211; 4 pers. 2 Schlafzimmer\" \/>\n\t\t\t\t\t\t\t\t<\/figure>\n\t\t\t\t\t\t\t\t<div class=\"full\">\n\t\t\t\t\t\t\t\t\t<p class=\"text\">Verf\u00fcgbar zu anderen Terminen<\/p>\n\t\t\t\t\t\t\t\t<\/div>\n\t\t\t\t\t\t\t<\/a>\n\t\t\t\t\t\t<\/div>\n\n\n\t\t\t\t\t\t<div class=\"wp-block-group has-white-background-color has-background card-content\">\n\t\t\t\t\t\t\t<div class=\"wp-block-group content\">\n\t\t\t\t\t\t\t\t<h3 class=\"wp-block-heading has-secondary-color has-link-color has-secondary-color\">\n\t\t\t\t\t\t\t\t\tMOBICHALET duo &#8211; 4 pers. 2 Schlafzimmer\t\t\t\t\t\t\t\t<\/h3>\n\n\t\t\t\t\t\t\t\t\t\t\t\t\t\t\t<\/div>\n\n\t\t\t\t\t\t\t<div class=\"wp-block-group card-price has-background\">\n\t\t\t\t\t\t\t\t<div class=\"loader\">\n\t\t\t\t\t\t\t\t\t<span class=\"dot\"><\/span>\n\t\t\t\t\t\t\t\t\t<span class=\"dot\"><\/span>\n\t\t\t\t\t\t\t\t\t<span class=\"dot\"><\/span>\n\t\t\t\t\t\t\t\t<\/div>\n\t\t\t\t\t\t\t\t<div class=\"booking_default\">\n\t\t\t\t\t\t\t\t\t<p class=\"has-text-align-right\">Ab<\/p>\n\n\t\t\t\t\t\t\t\t\t<p class=\"has-text-align-right booking_price has-secondary-font-family\"><\/p>\n\t\t\t\t\t\t\t\t\t<p class=\"has-text-align-right booking_no_discount has-secondary-font-family\"><\/p>\n\n\t\t\t\t\t\t\t\t\t<p class=\"has-text-align-right dates\">\n\t\t\t\t\t\t\t\t\t\tVon <span class=\"start\"><\/span> bis <span class=\"end\"><\/span>\t\t\t\t\t\t\t\t\t<\/p>\n\t\t\t\t\t\t\t\t<\/div>\n\t\t\t\t\t\t\t\t<div class=\"wp-block-group booking_alt\">\n\t\t\t\t\t\t\t\t\t<p class=\"booking_alt_text\">Verf\u00fcgbar zu anderen Terminen<\/p>\n\t\t\t\t\t\t\t\t\t<div class=\"booking_alt_content\">\n\t\t\t\t\t\t\t\t\t<\/div>\n\t\t\t\t\t\t\t\t<\/div>\n\t\t\t\t\t\t\t<\/div>\n\t\t\t\t\t\t<\/div>\n\n\t\t\t\t\t\t<div class=\"wp-block-buttons has-custom-font-size has-l-font-size\">\n\t\t\t\t\t\t\t<div\n\t\t\t\t\t\t\t\tclass=\"wp-block-button has-custom-width wp-block-button__width-100 has-custom-font-size booking-btn has-secondary-font-family\">\n\t\t\t\t\t\t\t\t<a href=\"https:\/\/www.camping-au-mica.fr\/de\/hebergements\/mobichalet-duo-4-pers-2-schlafzimmer\/\"\n\t\t\t\t\t\t\t\t\tclass=\"wp-block-button__link has-white-color has-text-color has-background has-link-color has-text-align-center wp-element-button\">\n\t\t\t\t\t\t\t\t\tEntdecken Sie\t\t\t\t\t\t\t\t<\/a>\n\t\t\t\t\t\t\t<\/div>\n\t\t\t\t\t\t<\/div>\n\t\t\t\t\t\t<div class=\"booking_last\">\n\t\t\t\t\t\t\t<p class=\"booking_last_content\">\n\t\t\t\t\t\t\t\tNur noch <span class=\"booking_last_value\"><\/span> <br> verf\u00fcgbar\t\t\t\t\t\t\t<\/p>\n\t\t\t\t\t\t<\/div>\n\t\t\t\t\t\t<div class=\"booking_exclusive is-style-hover-image-effect\"><\/div>\n\t\t\t\t\t<\/div>\n\t\t\t\t<\/li>\n\n\t\t\t\t\t\t\t<li class=\"swiper-slide\">\n\t\t\t\t\t<div class=\"wp-block-group card-gamme is-style-default is-style-relative\"\n\t\t\t\t\t\t data-booking-product=\"88018\" data-booking-etab=\"9811\" data-capacity=\"4\"\t\t\t\t\t\t data-product-filters='[{\"code\":\"surface\",\"type\":\"number\",\"value\":31},{\"code\":\"separated-bedrooms\",\"type\":\"number\",\"value\":2},{\"code\":\"kitchens\",\"type\":\"number\",\"value\":1},{\"code\":\"bathrooms\",\"type\":\"number\",\"value\":1},{\"code\":\"toilets\",\"type\":\"number\",\"value\":1},{\"code\":\"terrace\",\"type\":\"boolean\",\"value\":true}]'>\n\t\t\t\t\t\t<div class=\"wp-block-group thumbnail-image\">\n\t\t\t\t\t\t\t<a href=\"https:\/\/www.camping-au-mica.fr\/de\/hebergements\/mobilheim-titania-4-pers-2-schlafzimmer\/\" title=\"Mobilheim Titania &#8211; 4 Pers. 2 Schlafz.\">\n\t\t\t\t\t\t\t\t<figure class=\"wp-block-image alignfull size-large\" style=\"margin:0;\">\n\t\t\t\t\t\t\t\t\t<img decoding=\"async\" src=\"https:\/\/www.camping-au-mica.fr\/wp-content\/uploads\/2025\/10\/00000728662-1024x768.jpg\"\n\t\t\t\t\t\t\t\t\t\talt=\"Mobilheim Titania &#8211; 4 Pers. 2 Schlafz.\" \/>\n\t\t\t\t\t\t\t\t<\/figure>\n\t\t\t\t\t\t\t\t<div class=\"full\">\n\t\t\t\t\t\t\t\t\t<p class=\"text\">Verf\u00fcgbar zu anderen Terminen<\/p>\n\t\t\t\t\t\t\t\t<\/div>\n\t\t\t\t\t\t\t<\/a>\n\t\t\t\t\t\t<\/div>\n\n\n\t\t\t\t\t\t<div class=\"wp-block-group has-white-background-color has-background card-content\">\n\t\t\t\t\t\t\t<div class=\"wp-block-group content\">\n\t\t\t\t\t\t\t\t<h3 class=\"wp-block-heading has-secondary-color has-link-color has-secondary-color\">\n\t\t\t\t\t\t\t\t\tMobilheim Titania &#8211; 4 Pers. 2 Schlafz.\t\t\t\t\t\t\t\t<\/h3>\n\n\t\t\t\t\t\t\t\t\t\t\t\t\t\t\t<\/div>\n\n\t\t\t\t\t\t\t<div class=\"wp-block-group card-price has-background\">\n\t\t\t\t\t\t\t\t<div class=\"loader\">\n\t\t\t\t\t\t\t\t\t<span class=\"dot\"><\/span>\n\t\t\t\t\t\t\t\t\t<span class=\"dot\"><\/span>\n\t\t\t\t\t\t\t\t\t<span class=\"dot\"><\/span>\n\t\t\t\t\t\t\t\t<\/div>\n\t\t\t\t\t\t\t\t<div class=\"booking_default\">\n\t\t\t\t\t\t\t\t\t<p class=\"has-text-align-right\">Ab<\/p>\n\n\t\t\t\t\t\t\t\t\t<p class=\"has-text-align-right booking_price has-secondary-font-family\"><\/p>\n\t\t\t\t\t\t\t\t\t<p class=\"has-text-align-right booking_no_discount has-secondary-font-family\"><\/p>\n\n\t\t\t\t\t\t\t\t\t<p class=\"has-text-align-right dates\">\n\t\t\t\t\t\t\t\t\t\tVon <span class=\"start\"><\/span> bis <span class=\"end\"><\/span>\t\t\t\t\t\t\t\t\t<\/p>\n\t\t\t\t\t\t\t\t<\/div>\n\t\t\t\t\t\t\t\t<div class=\"wp-block-group booking_alt\">\n\t\t\t\t\t\t\t\t\t<p class=\"booking_alt_text\">Verf\u00fcgbar zu anderen Terminen<\/p>\n\t\t\t\t\t\t\t\t\t<div class=\"booking_alt_content\">\n\t\t\t\t\t\t\t\t\t<\/div>\n\t\t\t\t\t\t\t\t<\/div>\n\t\t\t\t\t\t\t<\/div>\n\t\t\t\t\t\t<\/div>\n\n\t\t\t\t\t\t<div class=\"wp-block-buttons has-custom-font-size has-l-font-size\">\n\t\t\t\t\t\t\t<div\n\t\t\t\t\t\t\t\tclass=\"wp-block-button has-custom-width wp-block-button__width-100 has-custom-font-size booking-btn has-secondary-font-family\">\n\t\t\t\t\t\t\t\t<a href=\"https:\/\/www.camping-au-mica.fr\/de\/hebergements\/mobilheim-titania-4-pers-2-schlafzimmer\/\"\n\t\t\t\t\t\t\t\t\tclass=\"wp-block-button__link has-white-color has-text-color has-background has-link-color has-text-align-center wp-element-button\">\n\t\t\t\t\t\t\t\t\tEntdecken Sie\t\t\t\t\t\t\t\t<\/a>\n\t\t\t\t\t\t\t<\/div>\n\t\t\t\t\t\t<\/div>\n\t\t\t\t\t\t<div class=\"booking_last\">\n\t\t\t\t\t\t\t<p class=\"booking_last_content\">\n\t\t\t\t\t\t\t\tNur noch <span class=\"booking_last_value\"><\/span> <br> verf\u00fcgbar\t\t\t\t\t\t\t<\/p>\n\t\t\t\t\t\t<\/div>\n\t\t\t\t\t\t<div class=\"booking_exclusive is-style-hover-image-effect\"><\/div>\n\t\t\t\t\t<\/div>\n\t\t\t\t<\/li>\n\n\t\t\t\t\t<\/ul>\n\n\t<\/div>\n\n<\/div>\n\n<div style=\"height:var(--wp--preset--spacing--xxl)\" aria-hidden=\"true\" class=\"wp-block-spacer\"><\/div>\n\n<h2 class=\"wp-block-heading has-text-align-center has-primary-color has-text-color has-link-color wp-elements-526178935216888f1627fd6a00a4336b\" style=\"line-height:1\">Familienfreundliche Unterk\u00fcnfte<\/h2>\n\n<div style=\"height:var(--wp--preset--spacing--xxl)\" aria-hidden=\"true\" class=\"wp-block-spacer\"><\/div>\n\n<p class=\"has-text-align-center\">Die klassischen Mobilheime sind :praktisch, gut gepflegt, einfach zu bewohnen und sehr beliebt wegen ihrer \u00fcberdachten Terrasse, die perfekt ist, um die Kinder beim Spielen im Freien zu beobachten.<\/p>\n\n<p class=\"has-text-align-center\">Eine einfache, komfortable und preisg\u00fcnstige L\u00f6sung, um den Campingplatz au Mica und seine nat\u00fcrliche Umgebung in vollen Z\u00fcgen zu genie\u00dfen.<\/p>\n\n<p class=\"has-text-align-center\">Hunde sind erlaubt.<\/p>\n\n<div style=\"height:var(--wp--preset--spacing--xxl)\" aria-hidden=\"true\" class=\"wp-block-spacer\"><\/div>\n","protected":false},"excerpt":{"rendered":"<p>Klassische Mobilheime Einfach, praktisch und erschwinglichUnsere klassischen Mobilheime sind ideal f\u00fcr Familien, die den Campingplatz in einer komfortablen, neuen und funktionellen Unterkunft genie\u00dfen m\u00f6chten&#8230; ohne ihr Budget zu \u00fcberschreiten.Mit ihren \u00fcberdachten Terrassen und den gut durchdachten Bereichen bieten sie alles, was Sie f\u00fcr einen ruhigen Aufenthalt mit kleinen Kindern ben\u00f6tigen. Familienfreundliche Unterk\u00fcnfte Die klassischen Mobilheime [&hellip;]<\/p>\n","protected":false},"author":1,"featured_media":0,"parent":0,"menu_order":0,"comment_status":"closed","ping_status":"closed","template":"page-no-title","meta":{"_acf_changed":false,"_seopress_robots_primary_cat":"","_seopress_titles_title":"Klassische Mobilheime in den Vogesen | Mobilheime zu vermieten in Corcieux","_seopress_titles_desc":"Entscheiden Sie sich f\u00fcr einen klassischen Standcaravan in Corcieux in den Vogesen. Komfortable Mobilheime f\u00fcr bis zu 4 Personen. ","_seopress_robots_index":"","footnotes":""},"class_list":["post-1983","page","type-page","status-publish","hentry"],"acf":[],"_links":{"self":[{"href":"https:\/\/www.camping-au-mica.fr\/de\/wp-json\/wp\/v2\/pages\/1983","targetHints":{"allow":["GET"]}}],"collection":[{"href":"https:\/\/www.camping-au-mica.fr\/de\/wp-json\/wp\/v2\/pages"}],"about":[{"href":"https:\/\/www.camping-au-mica.fr\/de\/wp-json\/wp\/v2\/types\/page"}],"author":[{"embeddable":true,"href":"https:\/\/www.camping-au-mica.fr\/de\/wp-json\/wp\/v2\/users\/1"}],"replies":[{"embeddable":true,"href":"https:\/\/www.camping-au-mica.fr\/de\/wp-json\/wp\/v2\/comments?post=1983"}],"version-history":[{"count":2,"href":"https:\/\/www.camping-au-mica.fr\/de\/wp-json\/wp\/v2\/pages\/1983\/revisions"}],"predecessor-version":[{"id":2778,"href":"https:\/\/www.camping-au-mica.fr\/de\/wp-json\/wp\/v2\/pages\/1983\/revisions\/2778"}],"wp:attachment":[{"href":"https:\/\/www.camping-au-mica.fr\/de\/wp-json\/wp\/v2\/media?parent=1983"}],"curies":[{"name":"wp","href":"https:\/\/api.w.org\/{rel}","templated":true}]}}