{"id":1981,"date":"2025-11-21T16:52:16","date_gmt":"2025-11-21T15:52:16","guid":{"rendered":"https:\/\/www.camping-au-mica.fr\/angelteich\/"},"modified":"2025-12-11T11:47:47","modified_gmt":"2025-12-11T10:47:47","slug":"angelteich","status":"publish","type":"page","link":"https:\/\/www.camping-au-mica.fr\/de\/angelteich\/","title":{"rendered":"Fischteich"},"content":{"rendered":"\n<div class=\"wp-block-group alignfull hero-lab hrz-hero has-global-padding is-layout-constrained wp-container-core-group-is-layout-812dcb84 wp-block-group-is-layout-constrained has-background\" style=\"padding-top:var(--wp--preset--spacing--xxxxxxl);padding-bottom:var(--wp--preset--spacing--xxxxxxl);background-image:url(&apos;https:\/\/www.camping-au-mica.fr\/wp-content\/uploads\/2025\/10\/au-mica-peche-etang.webp&apos;);background-position:50% 49%;background-size:cover;\"><\/div>\n<div style=\"padding-left:var(--wp--preset--spacing--s);padding-top:var(--wp--preset--spacing--s);padding-bottom:var(--wp--preset--spacing--s);\" class=\"alignfull wp-elements-5cd3591c1ade14a972751d58f754b855 wp-block-wpseopress-breadcrumbs has-text-color has-primary-color\"><nav  aria-label=\"breadcrumb\"><ol class=\"breadcrumb\" itemscope itemtype=\"https:\/\/schema.org\/BreadcrumbList\"><li class=\"breadcrumb-item active\" aria-current=\"page\" itemprop=\"itemListElement\" itemscope itemtype=\"https:\/\/schema.org\/ListItem\"><span itemprop=\"name\">Camping \u00e0 Corcieux<\/span><meta itemprop=\"position\" content=\"1\"><\/li><\/ol><\/nav><\/div>\n<div class=\"wp-block-columns alignwide are-vertically-aligned-center hrz-responsive-col hrz-reponsive-order is-layout-flex wp-container-core-columns-is-layout-17e81cd9 wp-block-columns-is-layout-flex\" style=\"margin-top:var(--wp--preset--spacing--xxl);margin-bottom:var(--wp--preset--spacing--xxl);padding-top:0;padding-right:var(--wp--preset--spacing--xxl);padding-bottom:0;padding-left:var(--wp--preset--spacing--xxl)\">\n<div class=\"wp-block-column is-vertically-aligned-center is-layout-flow wp-block-column-is-layout-flow\">\n<figure class=\"wp-block-image size-large has-custom-border\"><img alt=\"\" loading=\"lazy\" decoding=\"async\" width=\"1024\" height=\"609\" src=\"https:\/\/www.camping-au-mica.fr\/wp-content\/uploads\/2025\/10\/peche-1024x609.webp\" alt=\"\" class=\"wp-image-306\" style=\"border-radius:8px;aspect-ratio:4\/3;object-fit:cover\" srcset=\"https:\/\/www.camping-au-mica.fr\/wp-content\/uploads\/2025\/10\/peche-1024x609.webp 1024w, https:\/\/www.camping-au-mica.fr\/wp-content\/uploads\/2025\/10\/peche-300x178.webp 300w, https:\/\/www.camping-au-mica.fr\/wp-content\/uploads\/2025\/10\/peche-768x457.webp 768w\" sizes=\"auto, (max-width: 1024px) 100vw, 1024px\" \/><\/figure>\n<\/div>\n\n\n\n<div class=\"wp-block-column is-vertically-aligned-center is-layout-flow wp-block-column-is-layout-flow\" style=\"padding-top:0;padding-right:0;padding-bottom:0;padding-left:0\">\n<h1 class=\"wp-block-heading has-primary-color has-text-color has-link-color wp-elements-55775194afeb9f2c035a1fed8b613198\" style=\"margin-bottom:var(--wp--preset--spacing--xxl);line-height:1\">Angelteich, eine nat\u00fcrliche Umgebung f\u00fcr einen sanften Einstieg in die Fischerei<\/h1>\n\n\n\n<p style=\"margin-bottom:var(--wp--preset--spacing--xxl)\">Inmitten einer waldreichen Umgebung ist unser 0,37 Hektar gro\u00dfer Teich, der rundherum durch einen Holzzaun gesichert ist und \u00fcber zwei gesicherte Zug\u00e4nge verf\u00fcgt, einer der friedlichsten und authentischsten Orte des Campingplatzes.<br\/>Mit seiner kleinen Waldinsel in der Mitte &#8211; nicht zug\u00e4nglich, aber voller Charme &#8211; bietet er eine einzigartige Kulisse, die Kinder und Eltern gleicherma\u00dfen begeistert.<\/p>\n<\/div>\n<\/div>\n\n<div class=\"wp-block-cover alignfull is-light\"><img alt=\"\" loading=\"lazy\" decoding=\"async\" width=\"1024\" height=\"683\" class=\"wp-block-cover__image-background wp-image-681 size-large\" alt=\"\" src=\"https:\/\/www.camping-au-mica.fr\/wp-content\/uploads\/2025\/10\/camping-bord-de-l-eau-1024x683.webp\" data-object-fit=\"cover\" srcset=\"https:\/\/www.camping-au-mica.fr\/wp-content\/uploads\/2025\/10\/camping-bord-de-l-eau-1024x683.webp 1024w, https:\/\/www.camping-au-mica.fr\/wp-content\/uploads\/2025\/10\/camping-bord-de-l-eau-300x200.webp 300w, https:\/\/www.camping-au-mica.fr\/wp-content\/uploads\/2025\/10\/camping-bord-de-l-eau-768x512.webp 768w, https:\/\/www.camping-au-mica.fr\/wp-content\/uploads\/2025\/10\/camping-bord-de-l-eau-1440x960.webp 1440w, https:\/\/www.camping-au-mica.fr\/wp-content\/uploads\/2025\/10\/camping-bord-de-l-eau-1080x720.webp 1080w, https:\/\/www.camping-au-mica.fr\/wp-content\/uploads\/2025\/10\/camping-bord-de-l-eau-720x480.webp 720w\" sizes=\"auto, (max-width: 1024px) 100vw, 1024px\" \/><span aria-hidden=\"true\" class=\"wp-block-cover__background has-real-black-background-color has-background-dim-40 has-background-dim\"><\/span><div class=\"wp-block-cover__inner-container has-global-padding is-layout-constrained wp-block-cover-is-layout-constrained\">\n<div class=\"wp-block-group alignfull lab-bloc-5 anim_element_left has-global-padding is-layout-constrained wp-container-core-group-is-layout-153433f7 wp-block-group-is-layout-constrained\" style=\"padding-top:var(--wp--preset--spacing--xxl);padding-bottom:var(--wp--preset--spacing--xxl)\">\n<div class=\"wp-block-group has-global-padding is-layout-constrained wp-container-core-group-is-layout-41c22256 wp-block-group-is-layout-constrained\" style=\"padding-right:var(--wp--preset--spacing--l);padding-left:var(--wp--preset--spacing--l)\">\n<h2 class=\"wp-block-heading has-text-align-center is-style-lab-title--sub has-real-white-color has-text-color has-link-color wp-elements-f173880a5b2ea7434af16cde62957866\" style=\"line-height:1\">Ein sanfter Pfirsich,<\/h2>\n\n\n\n<p class=\"has-text-align-center is-style-lab-p--subtitle is-style-top-title has-real-white-color has-text-color has-link-color has-xxxxl-font-size wp-elements-2e3857c7bc8ac7ec3cfa6b70097a4bf1 is-style-top-title--1\">ideal f\u00fcr Familien<\/p>\n\n\n\n<p class=\"has-text-align-center has-real-white-color has-text-color has-link-color wp-elements-9cd39758a0e173e329c3d85fb85fa30c\">Der Teich beherbergt viele mittelgro\u00dfe Karpfen und eine gro\u00dfe Anzahl an Pl\u00f6tzen und kleinen Fischen: perfekt, um die J\u00fcngsten an ihre ersten F\u00e4nge heranzuf\u00fchren.<br\/>Keine Raubfische: eine risikofreie Umgebung, die Kinder beruhigt. F\u00fcr Camper ist das Angeln kostenlos. No-Kill-Praxis: Man angelt, beobachtet und l\u00e4sst frei. Perfekt f\u00fcr einen ruhigen Moment mit Eltern und Kindern.<br\/>Angeln ist hier eine Entdeckung, keine Leistung.   <\/p>\n\n\n\n<h2 class=\"wp-block-heading has-text-align-center has-real-white-color has-text-color has-link-color wp-elements-e09c7ea1fc1199e4800128a25e2b2d07\" style=\"line-height:1\">Ein kleines Boot zu mieten  <\/h2>\n\n\n\n<p class=\"has-text-align-center is-style-lab-p--subtitle is-style-top-title has-real-white-color has-text-color has-link-color has-xxxxl-font-size wp-elements-1773b875e48e73cb23ab81f33f0895e6 is-style-top-title--2\">um den Teich zu erkunden<\/p>\n\n\n\n<p class=\"has-text-align-center has-real-white-color has-text-color has-link-color wp-elements-e581b3c6cffb3207791a4fbdbc11c380\">Um das Erlebnis zu verl\u00e4ngern, kann ein kleines Boot gemietet werden.<br\/>Eine sanfte und unterhaltsame Art, mitten auf dem Teich zu fahren, die Natur aus der N\u00e4he zu beobachten, die Insel zu umrunden und sich einfache, aber unvergessliche Momente zu schaffen.<\/p>\n\n\n\n<p><\/p>\n\n\n\n<p class=\"has-text-align-center is-style-lab-p--base has-text-primary-color has-text-color has-link-color wp-elements-8d5772c7f2bd4c968446293d8e52febc\" style=\"margin-top:var(--wp--preset--spacing--s);margin-bottom:var(--wp--preset--spacing--m)\"><\/p>\n<\/div>\n<\/div>\n<\/div><\/div>\n\n<div style=\"height:var(--wp--preset--spacing--xxl)\" aria-hidden=\"true\" class=\"wp-block-spacer\"><\/div>\n\n<p class=\"has-text-align-center\">Der von B\u00e4umen umgebene Teich bietet nat\u00fcrlichen Schatten, visuelle Ruhe, Zen-Atmosph\u00e4re und wundersch\u00f6ne Reflexionen bei Sonnenuntergang.<br\/>Kinder lieben es, hier Fische, Insekten und insbesondere die h\u00fcbschen Libellen zu beobachten und die Bewegung des Wassers zu beobachten&#8230; ein echtes Eintauchen in die Natur.<br\/><\/p>\n\n<div style=\"height:45px\" aria-hidden=\"true\" class=\"wp-block-spacer\"><\/div>\n\n<h2 class=\"wp-block-heading has-text-align-center has-primary-color has-text-color has-link-color wp-elements-79181877057709893d1041ca856393ed\" style=\"line-height:1\">Ein Signaturort von Camping au Mica<\/h2>\n\n<div style=\"height:45px\" aria-hidden=\"true\" class=\"wp-block-spacer\"><\/div>\n\n<p class=\"has-text-align-center\">Mit seiner Insel, dem ruhigen Wasser und den leicht zu beobachtenden Fischen ist der Teich eines der Symbole des Campingplatzes.<br\/>Ein perfekter Ort, um mit der Familie Erinnerungen zu schaffen, im sanften Rhythmus des Wassers und der Natur.<br\/>Es ist m\u00f6glich, eine Unterkunft am Wasser zu buchen (Baumhaus, Bootsh\u00fctte oder Inselh\u00fctten).<\/p>\n\n<div style=\"height:var(--wp--preset--spacing--xxl)\" aria-hidden=\"true\" class=\"wp-block-spacer\"><\/div>\n\n<p><\/p>\n","protected":false},"excerpt":{"rendered":"<p>Angelteich, eine nat\u00fcrliche Umgebung f\u00fcr einen sanften Einstieg in die Fischerei Inmitten einer waldreichen Umgebung ist unser 0,37 Hektar gro\u00dfer Teich, der rundherum durch einen Holzzaun gesichert ist und \u00fcber zwei gesicherte Zug\u00e4nge verf\u00fcgt, einer der friedlichsten und authentischsten Orte des Campingplatzes.Mit seiner kleinen Waldinsel in der Mitte &#8211; nicht zug\u00e4nglich, aber voller Charme &#8211; [&hellip;]<\/p>\n","protected":false},"author":1,"featured_media":0,"parent":0,"menu_order":0,"comment_status":"closed","ping_status":"closed","template":"page-no-title","meta":{"_acf_changed":false,"_seopress_robots_primary_cat":"","_seopress_titles_title":"Camping mit Angelteich Vosges | Camping f\u00fcr Angler in den Vogesen","_seopress_titles_desc":"Genie\u00dfen Sie einen Campingplatz mit Angelteich in den Vogesen auf dem Campingplatz Le Mica: Natur, Ruhe und perfekte Spots f\u00fcr Angler aller Niveaus.","_seopress_robots_index":"","footnotes":""},"class_list":["post-1981","page","type-page","status-publish","hentry"],"acf":[],"_links":{"self":[{"href":"https:\/\/www.camping-au-mica.fr\/de\/wp-json\/wp\/v2\/pages\/1981","targetHints":{"allow":["GET"]}}],"collection":[{"href":"https:\/\/www.camping-au-mica.fr\/de\/wp-json\/wp\/v2\/pages"}],"about":[{"href":"https:\/\/www.camping-au-mica.fr\/de\/wp-json\/wp\/v2\/types\/page"}],"author":[{"embeddable":true,"href":"https:\/\/www.camping-au-mica.fr\/de\/wp-json\/wp\/v2\/users\/1"}],"replies":[{"embeddable":true,"href":"https:\/\/www.camping-au-mica.fr\/de\/wp-json\/wp\/v2\/comments?post=1981"}],"version-history":[{"count":3,"href":"https:\/\/www.camping-au-mica.fr\/de\/wp-json\/wp\/v2\/pages\/1981\/revisions"}],"predecessor-version":[{"id":2871,"href":"https:\/\/www.camping-au-mica.fr\/de\/wp-json\/wp\/v2\/pages\/1981\/revisions\/2871"}],"wp:attachment":[{"href":"https:\/\/www.camping-au-mica.fr\/de\/wp-json\/wp\/v2\/media?parent=1981"}],"curies":[{"name":"wp","href":"https:\/\/api.w.org\/{rel}","templated":true}]}}