{"id":1940,"date":"2025-10-31T16:12:01","date_gmt":"2025-10-31T15:12:01","guid":{"rendered":"https:\/\/www.camping-au-mica.fr\/sportliche-aktivitaeten\/"},"modified":"2025-12-11T11:43:11","modified_gmt":"2025-12-11T10:43:11","slug":"sportliche-aktivitaeten","status":"publish","type":"page","link":"https:\/\/www.camping-au-mica.fr\/de\/sportliche-aktivitaeten\/","title":{"rendered":"Sportliche Aktivit\u00e4ten"},"content":{"rendered":"\n<div class=\"wp-block-group alignfull hero-lab hrz-hero has-global-padding is-layout-constrained wp-container-core-group-is-layout-812dcb84 wp-block-group-is-layout-constrained has-background\" style=\"padding-top:var(--wp--preset--spacing--xxxxxxl);padding-bottom:var(--wp--preset--spacing--xxxxxxl);background-image:url(&apos;https:\/\/www.camping-au-mica.fr\/wp-content\/uploads\/2025\/11\/activite-velo-scaled.webp&apos;);background-position:54% 37%;background-size:cover;\"><\/div>\n<div style=\"padding-left:var(--wp--preset--spacing--s);padding-top:var(--wp--preset--spacing--s);padding-bottom:var(--wp--preset--spacing--s);\" class=\"alignfull wp-elements-5cd3591c1ade14a972751d58f754b855 wp-block-wpseopress-breadcrumbs has-text-color has-primary-color\"><nav  aria-label=\"breadcrumb\"><ol class=\"breadcrumb\" itemscope itemtype=\"https:\/\/schema.org\/BreadcrumbList\"><li class=\"breadcrumb-item active\" aria-current=\"page\" itemprop=\"itemListElement\" itemscope itemtype=\"https:\/\/schema.org\/ListItem\"><span itemprop=\"name\">Camping \u00e0 Corcieux<\/span><meta itemprop=\"position\" content=\"1\"><\/li><\/ol><\/nav><\/div>\n<div class=\"wp-block-group alignfull has-global-padding is-layout-constrained wp-container-core-group-is-layout-1e77583b wp-block-group-is-layout-constrained\" style=\"padding-right:var(--wp--preset--spacing--xs);padding-left:var(--wp--preset--spacing--xs)\">\n<div class=\"wp-block-group has-global-padding is-layout-constrained wp-container-core-group-is-layout-41c22256 wp-block-group-is-layout-constrained\" style=\"padding-right:var(--wp--preset--spacing--l);padding-left:var(--wp--preset--spacing--l)\">\n<h1 class=\"wp-block-heading has-text-align-center has-primary-color has-text-color has-link-color wp-elements-224cfb5b8026573ec12900775d9cdf4f\">Sportliche Aktivit\u00e4ten<\/h1>\n\n\n\n<p class=\"has-text-align-center\">Entdecken Sie die sportlichen Aktivit\u00e4ten rund um den Campingplatz Au Mica.<\/p>\n<\/div>\n<\/div>\n\n<div style=\"height:var(--wp--preset--spacing--xxxl)\" aria-hidden=\"true\" class=\"wp-block-spacer\"><\/div>\n\n<div class=\"wp-block-group alignwide hrz-contenus-6 has-global-padding is-layout-constrained wp-block-group-is-layout-constrained\">\n<div class=\"wp-block-columns alignfull is-layout-flex wp-container-core-columns-is-layout-22c076aa wp-block-columns-is-layout-flex\" style=\"margin-top:0;margin-bottom:0;padding-top:0;padding-right:var(--wp--preset--spacing--l);padding-bottom:0;padding-left:var(--wp--preset--spacing--l)\">\n<div class=\"wp-block-column is-layout-flow wp-block-column-is-layout-flow\">\n<div class=\"wp-block-cover is-light has-aspect-ratio\" style=\"border-radius:8px;margin-top:0;margin-bottom:0;padding-top:var(--wp--preset--spacing--xxl);padding-right:var(--wp--preset--spacing--xxl);padding-bottom:var(--wp--preset--spacing--xxl);padding-left:var(--wp--preset--spacing--xxl);aspect-ratio:auto;min-height:unset;\"><img alt=\"\" loading=\"lazy\" decoding=\"async\" width=\"1702\" height=\"2560\" class=\"wp-block-cover__image-background wp-image-830 size-full\" alt=\"\" src=\"https:\/\/www.camping-au-mica.fr\/wp-content\/uploads\/2025\/10\/trail-scaled.webp\" style=\"object-position:51% 14%\" data-object-fit=\"cover\" data-object-position=\"51% 14%\" srcset=\"https:\/\/www.camping-au-mica.fr\/wp-content\/uploads\/2025\/10\/trail-scaled.webp 1702w, https:\/\/www.camping-au-mica.fr\/wp-content\/uploads\/2025\/10\/trail-199x300.webp 199w, https:\/\/www.camping-au-mica.fr\/wp-content\/uploads\/2025\/10\/trail-681x1024.webp 681w, https:\/\/www.camping-au-mica.fr\/wp-content\/uploads\/2025\/10\/trail-768x1155.webp 768w, https:\/\/www.camping-au-mica.fr\/wp-content\/uploads\/2025\/10\/trail-133x199.webp 133w\" sizes=\"auto, (max-width: 1702px) 100vw, 1702px\" \/><span aria-hidden=\"true\" class=\"wp-block-cover__background has-real-black-background-color has-background-dim-40 has-background-dim\"><\/span><div class=\"wp-block-cover__inner-container has-global-padding is-layout-constrained wp-container-core-cover-is-layout-69947183 wp-block-cover-is-layout-constrained\">\n<h2 class=\"wp-block-heading has-real-white-color has-text-color has-link-color has-xxxxl-font-size wp-elements-bf736af6ec6d7ca90e2ed7ff50d12654\" style=\"margin-bottom:var(--wp--preset--spacing--s);line-height:1\">Trail<\/h2>\n\n\n\n<p class=\"has-real-white-color has-text-color has-link-color wp-elements-3dfe83782082ec4d66f18dd4d13b1738\">Auf dieser Seite finden Sie einen Link, der Sie direkt zu einem Trail-Sender f\u00fchrt.  <\/p>\n\n\n\n<div class=\"wp-block-buttons is-layout-flex wp-block-buttons-is-layout-flex\" style=\"padding-top:var(--wp--preset--spacing--m)\">\n<div class=\"wp-block-button is-style-button-filled-white is-style-button-filled-white--1\"><a class=\"wp-block-button__link has-real-white-color has-primary-background-color has-text-color has-background has-link-color wp-element-button\" href=\"https:\/\/www.finishers.com\/disciplines\/trail\/trails-dans-le-massif-des-vosges\" target=\"_blank\" rel=\"noreferrer noopener nofollow\">Entdecken Sie<\/a><\/div>\n<\/div>\n<\/div><\/div>\n<\/div>\n\n\n\n<div class=\"wp-block-column is-layout-flow wp-block-column-is-layout-flow\">\n<div class=\"wp-block-cover is-light has-aspect-ratio\" style=\"border-radius:8px;margin-top:0;margin-bottom:0;padding-top:var(--wp--preset--spacing--xxl);padding-right:var(--wp--preset--spacing--xxl);padding-bottom:var(--wp--preset--spacing--xxl);padding-left:var(--wp--preset--spacing--xxl);aspect-ratio:auto;min-height:unset;\"><img alt=\"\" loading=\"lazy\" decoding=\"async\" width=\"619\" height=\"464\" class=\"wp-block-cover__image-background wp-image-826 size-full\" alt=\"\" src=\"https:\/\/www.camping-au-mica.fr\/wp-content\/uploads\/2025\/10\/parcours-sportifs.webp\" data-object-fit=\"cover\" srcset=\"https:\/\/www.camping-au-mica.fr\/wp-content\/uploads\/2025\/10\/parcours-sportifs.webp 619w, https:\/\/www.camping-au-mica.fr\/wp-content\/uploads\/2025\/10\/parcours-sportifs-300x225.webp 300w, https:\/\/www.camping-au-mica.fr\/wp-content\/uploads\/2025\/10\/parcours-sportifs-320x240.webp 320w, https:\/\/www.camping-au-mica.fr\/wp-content\/uploads\/2025\/10\/parcours-sportifs-160x120.webp 160w\" sizes=\"auto, (max-width: 619px) 100vw, 619px\" \/><span aria-hidden=\"true\" class=\"wp-block-cover__background has-real-black-background-color has-background-dim-40 has-background-dim\"><\/span><div class=\"wp-block-cover__inner-container has-global-padding is-layout-constrained wp-container-core-cover-is-layout-69947183 wp-block-cover-is-layout-constrained\">\n<h2 class=\"wp-block-heading has-real-white-color has-text-color has-link-color has-xxxxl-font-size wp-elements-0cbf55371278a9ab4a6c51882425399d\" style=\"margin-bottom:var(--wp--preset--spacing--xl);line-height:1\">Sportstrecken<\/h2>\n\n\n\n<p class=\"has-real-white-color has-text-color has-link-color wp-elements-49b834c0b9c635fe6617e93812ef3070\">Im Wald k\u00f6nnen Sie sich beim Klettern in den B\u00e4umen auspowern. Eine sportliche Aktivit\u00e4t f\u00fcr die ganze Familie und alle Niveaus. <\/p>\n\n\n\n<div class=\"wp-block-buttons is-layout-flex wp-block-buttons-is-layout-flex\" style=\"padding-top:var(--wp--preset--spacing--m)\">\n<div class=\"wp-block-button is-style-button-filled-white is-style-button-filled-white--2\"><a class=\"wp-block-button__link has-real-white-color has-primary-background-color has-text-color has-background has-link-color wp-element-button\" href=\"https:\/\/www.bol-d-air.fr\/parcours-sportif-vosges-parcours-sportifs_37_66\" target=\"_blank\" rel=\"noreferrer noopener nofollow\">Entdecken Sie<\/a><\/div>\n<\/div>\n<\/div><\/div>\n<\/div>\n<\/div>\n\n\n\n<div style=\"height:var(--wp--preset--spacing--m)\" aria-hidden=\"true\" class=\"wp-block-spacer\"><\/div>\n\n\n\n<div class=\"wp-block-columns alignfull is-style-hrz-reponsive-order is-layout-flex wp-container-core-columns-is-layout-22c076aa wp-block-columns-is-layout-flex\" style=\"margin-top:0;margin-bottom:0;padding-top:0;padding-right:var(--wp--preset--spacing--l);padding-bottom:0;padding-left:var(--wp--preset--spacing--l)\">\n<div class=\"wp-block-column is-layout-flow wp-block-column-is-layout-flow\">\n<div class=\"wp-block-cover is-light has-aspect-ratio\" style=\"border-radius:8px;margin-top:0;margin-bottom:0;padding-top:var(--wp--preset--spacing--xxl);padding-right:var(--wp--preset--spacing--xxl);padding-bottom:var(--wp--preset--spacing--xxl);padding-left:var(--wp--preset--spacing--xxl);aspect-ratio:auto;min-height:unset;\"><img alt=\"\" loading=\"lazy\" decoding=\"async\" width=\"619\" height=\"464\" class=\"wp-block-cover__image-background wp-image-829 size-full\" alt=\"\" src=\"https:\/\/www.camping-au-mica.fr\/wp-content\/uploads\/2025\/10\/big-jump.webp\" data-object-fit=\"cover\" srcset=\"https:\/\/www.camping-au-mica.fr\/wp-content\/uploads\/2025\/10\/big-jump.webp 619w, https:\/\/www.camping-au-mica.fr\/wp-content\/uploads\/2025\/10\/big-jump-300x225.webp 300w, https:\/\/www.camping-au-mica.fr\/wp-content\/uploads\/2025\/10\/big-jump-320x240.webp 320w, https:\/\/www.camping-au-mica.fr\/wp-content\/uploads\/2025\/10\/big-jump-160x120.webp 160w\" sizes=\"auto, (max-width: 619px) 100vw, 619px\" \/><span aria-hidden=\"true\" class=\"wp-block-cover__background has-real-black-background-color has-background-dim-40 has-background-dim\"><\/span><div class=\"wp-block-cover__inner-container has-global-padding is-layout-constrained wp-container-core-cover-is-layout-69947183 wp-block-cover-is-layout-constrained\">\n<h2 class=\"wp-block-heading has-real-white-color has-text-color has-link-color has-xxxxl-font-size wp-elements-95b845126348ffa6320ef04ce7d4adc7\" style=\"margin-bottom:var(--wp--preset--spacing--xxl);line-height:1\">Big Jump<\/h2>\n\n\n\n<p class=\"has-real-white-color has-text-color has-link-color wp-elements-5b2919a403e74bc70e8c461b394fbe26\">Lust auf Nervenkitzel in jedem Alter? Springen Sie von Ihrem Laufsteg in eine luftgef\u00fcllte Matratze ohne Gurte und in aller Sicherheit. <\/p>\n\n\n\n<div class=\"wp-block-buttons is-layout-flex wp-block-buttons-is-layout-flex\" style=\"padding-top:var(--wp--preset--spacing--m)\">\n<div class=\"wp-block-button is-style-button-filled-white is-style-button-filled-white--3\"><a class=\"wp-block-button__link has-real-white-color has-primary-background-color has-text-color has-background has-link-color wp-element-button\" href=\"https:\/\/www.bol-d-air.fr\/big-air-jump-vosges-big-air-jump_38_67\" target=\"_blank\" rel=\"noreferrer noopener nofollow\">Entdecken Sie<\/a><\/div>\n<\/div>\n<\/div><\/div>\n<\/div>\n\n\n\n<div class=\"wp-block-column is-layout-flow wp-block-column-is-layout-flow\">\n<div class=\"wp-block-cover is-light has-aspect-ratio\" style=\"border-radius:8px;margin-top:0;margin-bottom:0;padding-top:var(--wp--preset--spacing--xxl);padding-right:var(--wp--preset--spacing--xxl);padding-bottom:var(--wp--preset--spacing--xxl);padding-left:var(--wp--preset--spacing--xxl);aspect-ratio:auto;min-height:unset;\"><img alt=\"\" loading=\"lazy\" decoding=\"async\" width=\"619\" height=\"464\" class=\"wp-block-cover__image-background wp-image-832 size-full\" alt=\"\" src=\"https:\/\/www.camping-au-mica.fr\/wp-content\/uploads\/2025\/10\/tyroliennes.webp\" data-object-fit=\"cover\" srcset=\"https:\/\/www.camping-au-mica.fr\/wp-content\/uploads\/2025\/10\/tyroliennes.webp 619w, https:\/\/www.camping-au-mica.fr\/wp-content\/uploads\/2025\/10\/tyroliennes-300x225.webp 300w, https:\/\/www.camping-au-mica.fr\/wp-content\/uploads\/2025\/10\/tyroliennes-320x240.webp 320w, https:\/\/www.camping-au-mica.fr\/wp-content\/uploads\/2025\/10\/tyroliennes-160x120.webp 160w\" sizes=\"auto, (max-width: 619px) 100vw, 619px\" \/><span aria-hidden=\"true\" class=\"wp-block-cover__background has-real-black-background-color has-background-dim-40 has-background-dim\"><\/span><div class=\"wp-block-cover__inner-container has-global-padding is-layout-constrained wp-container-core-cover-is-layout-69947183 wp-block-cover-is-layout-constrained\">\n<h2 class=\"wp-block-heading has-real-white-color has-text-color has-link-color has-xxxxl-font-size wp-elements-a703258cf46526317e3bf9dabac2b534\" style=\"margin-bottom:var(--wp--preset--spacing--xxl);line-height:1\">Die Seilrutschen<\/h2>\n\n\n\n<p class=\"has-real-white-color has-text-color has-link-color wp-elements-3c5c29841c27d6f48f3c2e1c64c876dd\">Sind Sie ein Fan von Seilbahnen? Dann k\u00f6nnen Sie in unserer Region das &#8222;Fantastic\u00e2ble&#8220; testen. Hier k\u00f6nnen Sie mit einer Geschwindigkeit von bis zu 100 km\/h und einer L\u00e4nge von \u00fcber 1 km ein Tal besichtigen.    <\/p>\n\n\n\n<div class=\"wp-block-buttons is-layout-flex wp-block-buttons-is-layout-flex\" style=\"padding-top:var(--wp--preset--spacing--m)\">\n<div class=\"wp-block-button is-style-button-filled-white is-style-button-filled-white--4\"><a class=\"wp-block-button__link has-real-white-color has-primary-background-color has-text-color has-background has-link-color wp-element-button\" href=\"https:\/\/www.bol-d-air.fr\/fantasticable-vosges-fantasticable_32_55\" target=\"_blank\" rel=\"noreferrer noopener nofollow\">Entdecken Sie<\/a><\/div>\n<\/div>\n<\/div><\/div>\n<\/div>\n<\/div>\n\n\n\n<div style=\"height:var(--wp--preset--spacing--m)\" aria-hidden=\"true\" class=\"wp-block-spacer\"><\/div>\n\n\n\n<div class=\"wp-block-columns alignfull is-style-hrz-reponsive-order is-layout-flex wp-container-core-columns-is-layout-22c076aa wp-block-columns-is-layout-flex\" style=\"margin-top:0;margin-bottom:0;padding-top:0;padding-right:var(--wp--preset--spacing--l);padding-bottom:0;padding-left:var(--wp--preset--spacing--l)\">\n<div class=\"wp-block-column is-layout-flow wp-block-column-is-layout-flow\" style=\"flex-basis:49%\">\n<div class=\"wp-block-cover is-light has-aspect-ratio\" style=\"border-radius:8px;margin-top:0;margin-bottom:0;padding-top:var(--wp--preset--spacing--xxl);padding-right:var(--wp--preset--spacing--xxl);padding-bottom:var(--wp--preset--spacing--xxs);padding-left:var(--wp--preset--spacing--xxl);aspect-ratio:auto;min-height:unset;\"><img alt=\"\" loading=\"lazy\" decoding=\"async\" width=\"619\" height=\"464\" class=\"wp-block-cover__image-background wp-image-831 size-full\" alt=\"\" src=\"https:\/\/www.camping-au-mica.fr\/wp-content\/uploads\/2025\/10\/circuits-velo.webp\" data-object-fit=\"cover\" srcset=\"https:\/\/www.camping-au-mica.fr\/wp-content\/uploads\/2025\/10\/circuits-velo.webp 619w, https:\/\/www.camping-au-mica.fr\/wp-content\/uploads\/2025\/10\/circuits-velo-300x225.webp 300w, https:\/\/www.camping-au-mica.fr\/wp-content\/uploads\/2025\/10\/circuits-velo-320x240.webp 320w, https:\/\/www.camping-au-mica.fr\/wp-content\/uploads\/2025\/10\/circuits-velo-160x120.webp 160w\" sizes=\"auto, (max-width: 619px) 100vw, 619px\" \/><span aria-hidden=\"true\" class=\"wp-block-cover__background has-real-black-background-color has-background-dim-40 has-background-dim\"><\/span><div class=\"wp-block-cover__inner-container has-global-padding is-layout-constrained wp-container-core-cover-is-layout-38ceb064 wp-block-cover-is-layout-constrained\">\n<h2 class=\"wp-block-heading has-real-white-color has-text-color has-link-color has-xxxxl-font-size wp-elements-7bb589003f7634b75df76020100cd3a9\" style=\"margin-bottom:var(--wp--preset--spacing--s);line-height:1\">MTB &#8211; VTC &#8211; Rennradtouren<\/h2>\n\n\n\n<p class=\"has-real-white-color has-text-color has-link-color wp-elements-cf68e83aae041e03f7b7a4266c0686f3\">In Corcieux selbst und in der Umgebung von G\u00e9rardmer finden Sie leicht Mountainbike-\/Fahrradstrecken f\u00fcr alle Niveaus.  <\/p>\n\n\n\n<div class=\"wp-block-buttons is-layout-flex wp-block-buttons-is-layout-flex\" style=\"padding-top:var(--wp--preset--spacing--m)\">\n<div class=\"wp-block-button is-style-button-filled-white is-style-button-filled-white--5\"><a class=\"wp-block-button__link has-real-white-color has-primary-background-color has-text-color has-background has-link-color wp-element-button\" href=\"https:\/\/www.camping-au-mica.fr\/camping-circuits-velos-vosges\/\">Entdecken Sie<\/a><\/div>\n<\/div>\n<\/div><\/div>\n<\/div>\n\n\n\n<div class=\"wp-block-column is-layout-flow wp-block-column-is-layout-flow\" style=\"flex-basis:49%\">\n<div class=\"wp-block-cover is-light has-aspect-ratio\" style=\"border-radius:8px;margin-top:0;margin-bottom:0;padding-top:var(--wp--preset--spacing--xxl);padding-right:var(--wp--preset--spacing--xxl);padding-bottom:var(--wp--preset--spacing--xxl);padding-left:var(--wp--preset--spacing--xxl);aspect-ratio:auto;min-height:unset;\"><img alt=\"\" loading=\"lazy\" decoding=\"async\" width=\"619\" height=\"464\" class=\"wp-block-cover__image-background wp-image-827 size-full\" alt=\"\" src=\"https:\/\/www.camping-au-mica.fr\/wp-content\/uploads\/2025\/10\/balade-moto.webp\" data-object-fit=\"cover\" srcset=\"https:\/\/www.camping-au-mica.fr\/wp-content\/uploads\/2025\/10\/balade-moto.webp 619w, https:\/\/www.camping-au-mica.fr\/wp-content\/uploads\/2025\/10\/balade-moto-300x225.webp 300w, https:\/\/www.camping-au-mica.fr\/wp-content\/uploads\/2025\/10\/balade-moto-320x240.webp 320w, https:\/\/www.camping-au-mica.fr\/wp-content\/uploads\/2025\/10\/balade-moto-160x120.webp 160w\" sizes=\"auto, (max-width: 619px) 100vw, 619px\" \/><span aria-hidden=\"true\" class=\"wp-block-cover__background has-real-black-background-color has-background-dim-40 has-background-dim\"><\/span><div class=\"wp-block-cover__inner-container has-global-padding is-layout-constrained wp-container-core-cover-is-layout-69947183 wp-block-cover-is-layout-constrained\">\n<h2 class=\"wp-block-heading has-real-white-color has-text-color has-link-color has-xxxxl-font-size wp-elements-0dc71113a7b70568228fe4a4325584b8\" style=\"margin-bottom:var(--wp--preset--spacing--xxl);line-height:1\">Motorradtour<\/h2>\n\n\n\n<p class=\"has-real-white-color has-text-color has-link-color wp-elements-fe30bff4ca7b0c696b638ea5468e4bfc\">Vogesen &#8211; Elsass, zahlreiche P\u00e4sse mit atemberaubenden Panoramen zwischen Seen und Bergen zu entdecken.<\/p>\n\n\n\n<div class=\"wp-block-buttons is-layout-flex wp-block-buttons-is-layout-flex\" style=\"padding-top:var(--wp--preset--spacing--m)\">\n<div class=\"wp-block-button is-style-button-filled-white is-style-button-filled-white--6\"><a class=\"wp-block-button__link has-real-white-color has-primary-background-color has-text-color has-background has-link-color wp-element-button\" href=\"https:\/\/www.lerepairedesmotards.com\/balades\/cols-vosges.php\" target=\"_blank\" rel=\"noreferrer noopener nofollow\">Entdecken Sie<\/a><\/div>\n<\/div>\n<\/div><\/div>\n<\/div>\n<\/div>\n\n\n\n<div style=\"height:var(--wp--preset--spacing--m)\" aria-hidden=\"true\" class=\"wp-block-spacer\"><\/div>\n\n\n\n<div class=\"wp-block-columns alignfull is-style-hrz-reponsive-order is-layout-flex wp-container-core-columns-is-layout-22c076aa wp-block-columns-is-layout-flex\" style=\"margin-top:0;margin-bottom:0;padding-top:0;padding-right:var(--wp--preset--spacing--l);padding-bottom:0;padding-left:var(--wp--preset--spacing--l)\">\n<div class=\"wp-block-column is-layout-flow wp-block-column-is-layout-flow\" style=\"flex-basis:49%\">\n<div class=\"wp-block-cover is-light has-aspect-ratio\" style=\"border-radius:8px;margin-top:0;margin-bottom:0;padding-top:var(--wp--preset--spacing--xxl);padding-right:var(--wp--preset--spacing--xxl);padding-bottom:var(--wp--preset--spacing--xxl);padding-left:var(--wp--preset--spacing--xxl);aspect-ratio:auto;min-height:unset;\"><img alt=\"\" loading=\"lazy\" decoding=\"async\" width=\"619\" height=\"464\" class=\"wp-block-cover__image-background wp-image-828 size-full\" alt=\"\" src=\"https:\/\/www.camping-au-mica.fr\/wp-content\/uploads\/2025\/10\/club-canoe.webp\" data-object-fit=\"cover\" srcset=\"https:\/\/www.camping-au-mica.fr\/wp-content\/uploads\/2025\/10\/club-canoe.webp 619w, https:\/\/www.camping-au-mica.fr\/wp-content\/uploads\/2025\/10\/club-canoe-300x225.webp 300w, https:\/\/www.camping-au-mica.fr\/wp-content\/uploads\/2025\/10\/club-canoe-320x240.webp 320w, https:\/\/www.camping-au-mica.fr\/wp-content\/uploads\/2025\/10\/club-canoe-160x120.webp 160w\" sizes=\"auto, (max-width: 619px) 100vw, 619px\" \/><span aria-hidden=\"true\" class=\"wp-block-cover__background has-real-black-background-color has-background-dim-40 has-background-dim\"><\/span><div class=\"wp-block-cover__inner-container has-global-padding is-layout-constrained wp-container-core-cover-is-layout-69947183 wp-block-cover-is-layout-constrained\">\n<h2 class=\"wp-block-heading has-real-white-color has-text-color has-link-color has-xxxxl-font-size wp-elements-788692e8e66a9b4adad0410291e97822\" style=\"margin-bottom:var(--wp--preset--spacing--s);line-height:1\">Kanu- und Kajakclub G\u00e9rardmer<\/h2>\n\n\n\n<p class=\"has-real-white-color has-text-color has-link-color wp-elements-9ce04fd1f2404af6239f3a62ee252552\">Gehen Sie mit dem Kanu oder Kajak auf Entdeckungsreise. Paddeln Sie in aller Ruhe und Gelassenheit mit der Familie oder allein. <\/p>\n\n\n\n<div class=\"wp-block-buttons is-layout-flex wp-block-buttons-is-layout-flex\" style=\"padding-top:var(--wp--preset--spacing--m)\">\n<div class=\"wp-block-button is-style-button-filled-white is-style-button-filled-white--7\"><a class=\"wp-block-button__link has-real-white-color has-primary-background-color has-text-color has-background has-link-color wp-element-button\" href=\"https:\/\/www.gerardmer-canoekayak.com\/\" target=\"_blank\" rel=\"noreferrer noopener nofollow\">Entdecken Sie<\/a><\/div>\n<\/div>\n<\/div><\/div>\n<\/div>\n<\/div>\n<\/div>\n\n<div style=\"height:var(--wp--preset--spacing--xxl)\" aria-hidden=\"true\" class=\"wp-block-spacer\"><\/div>\n","protected":false},"excerpt":{"rendered":"<p>Sportliche Aktivit\u00e4ten Entdecken Sie die sportlichen Aktivit\u00e4ten rund um den Campingplatz Au Mica.<\/p>\n","protected":false},"author":1,"featured_media":0,"parent":0,"menu_order":0,"comment_status":"closed","ping_status":"closed","template":"page-no-title","meta":{"_acf_changed":false,"_seopress_robots_primary_cat":"","_seopress_titles_title":"Camping mit Aktivit\u00e4ten in Corcieux | Sportliche Aktivit\u00e4ten auf dem Campingplatz in den Vogesen","_seopress_titles_desc":"Lust auf einen aktiven Urlaub in Corcieux? Unser Campingplatz bietet sportliche Aktivit\u00e4ten f\u00fcr die ganze Familie in den Vogesen. ","_seopress_robots_index":"","footnotes":""},"class_list":["post-1940","page","type-page","status-publish","hentry"],"acf":[],"_links":{"self":[{"href":"https:\/\/www.camping-au-mica.fr\/de\/wp-json\/wp\/v2\/pages\/1940","targetHints":{"allow":["GET"]}}],"collection":[{"href":"https:\/\/www.camping-au-mica.fr\/de\/wp-json\/wp\/v2\/pages"}],"about":[{"href":"https:\/\/www.camping-au-mica.fr\/de\/wp-json\/wp\/v2\/types\/page"}],"author":[{"embeddable":true,"href":"https:\/\/www.camping-au-mica.fr\/de\/wp-json\/wp\/v2\/users\/1"}],"replies":[{"embeddable":true,"href":"https:\/\/www.camping-au-mica.fr\/de\/wp-json\/wp\/v2\/comments?post=1940"}],"version-history":[{"count":2,"href":"https:\/\/www.camping-au-mica.fr\/de\/wp-json\/wp\/v2\/pages\/1940\/revisions"}],"predecessor-version":[{"id":2813,"href":"https:\/\/www.camping-au-mica.fr\/de\/wp-json\/wp\/v2\/pages\/1940\/revisions\/2813"}],"wp:attachment":[{"href":"https:\/\/www.camping-au-mica.fr\/de\/wp-json\/wp\/v2\/media?parent=1940"}],"curies":[{"name":"wp","href":"https:\/\/api.w.org\/{rel}","templated":true}]}}