{"id":1914,"date":"2025-11-21T15:33:04","date_gmt":"2025-11-21T14:33:04","guid":{"rendered":"https:\/\/www.camping-au-mica.fr\/dienstleistungen\/"},"modified":"2025-12-11T11:42:32","modified_gmt":"2025-12-11T10:42:32","slug":"dienstleistungen","status":"publish","type":"page","link":"https:\/\/www.camping-au-mica.fr\/de\/dienstleistungen\/","title":{"rendered":"Dienste"},"content":{"rendered":"\n<div class=\"wp-block-group alignfull hero-lab hrz-hero has-global-padding is-layout-constrained wp-container-core-group-is-layout-812dcb84 wp-block-group-is-layout-constrained has-background\" style=\"padding-top:var(--wp--preset--spacing--xxxxxxl);padding-bottom:var(--wp--preset--spacing--xxxxxxl);background-image:url(&apos;https:\/\/www.camping-au-mica.fr\/wp-content\/uploads\/2025\/10\/vue-camping-au-mica.webp&apos;);background-size:cover;\"><\/div>\n<div style=\"padding-left:var(--wp--preset--spacing--s);padding-top:var(--wp--preset--spacing--s);padding-bottom:var(--wp--preset--spacing--s);\" class=\"alignfull wp-elements-5cd3591c1ade14a972751d58f754b855 wp-block-wpseopress-breadcrumbs has-text-color has-primary-color\"><nav  aria-label=\"breadcrumb\"><ol class=\"breadcrumb\" itemscope itemtype=\"https:\/\/schema.org\/BreadcrumbList\"><li class=\"breadcrumb-item active\" aria-current=\"page\" itemprop=\"itemListElement\" itemscope itemtype=\"https:\/\/schema.org\/ListItem\"><span itemprop=\"name\">Camping \u00e0 Corcieux<\/span><meta itemprop=\"position\" content=\"1\"><\/li><\/ol><\/nav><\/div>\n<div class=\"wp-block-columns alignwide are-vertically-aligned-center hrz-responsive-col hrz-reponsive-order is-layout-flex wp-container-core-columns-is-layout-3f562962 wp-block-columns-is-layout-flex\" style=\"margin-top:0;margin-bottom:0;padding-top:0;padding-right:var(--wp--preset--spacing--xxl);padding-bottom:0;padding-left:var(--wp--preset--spacing--xxl)\">\n<div class=\"wp-block-column is-vertically-aligned-center is-layout-flow wp-block-column-is-layout-flow\">\n<figure class=\"wp-block-image size-large has-custom-border\"><img alt=\"\" loading=\"lazy\" decoding=\"async\" width=\"1024\" height=\"656\" src=\"https:\/\/www.camping-au-mica.fr\/wp-content\/uploads\/2025\/11\/location-camping-vosges-1024x656.webp\" alt=\"\" class=\"wp-image-1197\" style=\"border-radius:8px;aspect-ratio:4\/3;object-fit:cover\" srcset=\"https:\/\/www.camping-au-mica.fr\/wp-content\/uploads\/2025\/11\/location-camping-vosges-1024x656.webp 1024w, https:\/\/www.camping-au-mica.fr\/wp-content\/uploads\/2025\/11\/location-camping-vosges-300x192.webp 300w, https:\/\/www.camping-au-mica.fr\/wp-content\/uploads\/2025\/11\/location-camping-vosges-768x492.webp 768w\" sizes=\"auto, (max-width: 1024px) 100vw, 1024px\" \/><\/figure>\n<\/div>\n\n\n\n<div class=\"wp-block-column is-vertically-aligned-center is-layout-flow wp-block-column-is-layout-flow\" style=\"padding-top:0;padding-right:0;padding-bottom:0;padding-left:0\">\n<h1 class=\"wp-block-heading has-primary-color has-text-color has-link-color wp-elements-78cddbd368b3e981445e6b537cca4291\" style=\"margin-bottom:var(--wp--preset--spacing--xxl);line-height:1\">Die Dienstleistungen des Campingplatzes in den Vogesen<\/h1>\n\n\n\n<p class=\"has-dark-color has-text-color has-link-color has-xxxxl-font-size wp-elements-018dc62047c7eec6fac60dba31219222\" style=\"margin-bottom:0;padding-bottom:var(--wp--preset--spacing--xxl);line-height:1\">Service &amp; Komfort in den optionalen Unterk\u00fcnften<br\/><\/p>\n\n\n\n<p style=\"margin-top:0;margin-bottom:var(--wp--preset--spacing--xxl);padding-top:0;padding-bottom:0\">Alles, um Ihren Familienurlaub zu vereinfachen<br\/>Auf Camping au Mica ist jedes Detail durchdacht, um das Leben von Familien, insbesondere mit Babys und kleinen Kindern, zu erleichtern.<br\/>Unsere Unterk\u00fcnfte sind ausgestattet und werden durch praktische Dienstleistungen erg\u00e4nzt, so dass Sie Ihren Urlaub ohne Einschr\u00e4nkungen genie\u00dfen k\u00f6nnen.<\/p>\n<\/div>\n<\/div>\n\n<div class=\"wp-block-group alignfull hrz-contenus-2 has-global-padding is-layout-constrained wp-block-group-is-layout-constrained\" style=\"margin-top:var(--wp--preset--spacing--xxl);margin-bottom:var(--wp--preset--spacing--xxl)\">\n<div class=\"wp-block-columns alignwide hrz-responsive-col is-layout-flex wp-container-core-columns-is-layout-b6746764 wp-block-columns-is-layout-flex\" style=\"margin-top:0;margin-bottom:0;padding-top:0;padding-right:0;padding-bottom:0;padding-left:0\">\n<div class=\"wp-block-column is-vertically-aligned-center hrz-contenus-2-contenus has-light-background-color has-background has-global-padding is-layout-constrained wp-container-core-column-is-layout-e6325cf1 wp-block-column-is-layout-constrained\" style=\"border-radius:8px;padding-top:var(--wp--preset--spacing--xxl);padding-right:var(--wp--preset--spacing--xxl);padding-bottom:var(--wp--preset--spacing--xxl);padding-left:var(--wp--preset--spacing--xxl)\">\n<p class=\"has-paragraph-color has-text-color has-link-color wp-elements-29df4e02a08cebc0f5ffba057f8706ce\"><strong>Kostenloses Wifi<\/strong><br\/>Wifi-Zugang ist in Ihrer Unterkunft enthalten, damit Sie bei Bedarf in Verbindung bleiben k\u00f6nnen.<\/p>\n\n\n\n<p><strong>Grill zur Verf\u00fcgung gestellt<\/strong><br\/>F\u00fcr gesellige Mahlzeiten im Freien (Holzkohle).<\/p>\n\n\n\n<p><strong>Komplettes Baby-Set<\/strong><br\/>-Regenschirmbett<br\/>-Babybadewanne<br\/>-Hochstuhl<br\/>-Perfekt, um mit leichtem Gep\u00e4ck zu reisen und die Kleinsten unter guten Bedingungen unterzubringen.<\/p>\n\n\n\n<p><strong>Betten bei Ankunft gemacht &amp; Handt\u00fccher bereitgestellt (Premium Kit)<\/strong><br\/>F\u00fcr einen stressfreien Aufenthalt:<br\/>Ihre Betten sind bei Ankunft bereits bezogen,<br\/>Ein Handtuchset wartet in der Unterkunft auf Sie.<\/p>\n<\/div>\n\n\n\n<div class=\"wp-block-column is-layout-flow wp-block-column-is-layout-flow\">\n<figure class=\"wp-block-image size-full has-custom-border\"><img alt=\"\" loading=\"lazy\" decoding=\"async\" width=\"2560\" height=\"1708\" src=\"https:\/\/www.camping-au-mica.fr\/wp-content\/uploads\/2025\/10\/famille-au-acmping.webp\" alt=\"\" class=\"wp-image-671\" style=\"border-radius:8px;aspect-ratio:3\/4;object-fit:cover\" srcset=\"https:\/\/www.camping-au-mica.fr\/wp-content\/uploads\/2025\/10\/famille-au-acmping.webp 2560w, https:\/\/www.camping-au-mica.fr\/wp-content\/uploads\/2025\/10\/famille-au-acmping-300x200.webp 300w, https:\/\/www.camping-au-mica.fr\/wp-content\/uploads\/2025\/10\/famille-au-acmping-1024x683.webp 1024w, https:\/\/www.camping-au-mica.fr\/wp-content\/uploads\/2025\/10\/famille-au-acmping-768x512.webp 768w, https:\/\/www.camping-au-mica.fr\/wp-content\/uploads\/2025\/10\/famille-au-acmping-1440x960.webp 1440w, https:\/\/www.camping-au-mica.fr\/wp-content\/uploads\/2025\/10\/famille-au-acmping-1080x720.webp 1080w, https:\/\/www.camping-au-mica.fr\/wp-content\/uploads\/2025\/10\/famille-au-acmping-720x480.webp 720w\" sizes=\"auto, (max-width: 2560px) 100vw, 2560px\" \/><\/figure>\n<\/div>\n<\/div>\n\n\n\n<div style=\"height:var(--wp--preset--spacing--xxl)\" aria-hidden=\"true\" class=\"wp-block-spacer\"><\/div>\n<\/div>\n\n<div class=\"wp-block-group alignfull hrz-galerie-1 has-global-padding is-layout-constrained wp-block-group-is-layout-constrained\">\n<div class=\"wp-block-cover alignfull is-light hrz-galerie-1-cover\" style=\"padding-top:var(--wp--preset--spacing--xxl);padding-right:var(--wp--preset--spacing--xxxxxl);padding-bottom:var(--wp--preset--spacing--xxl);padding-left:var(--wp--preset--spacing--xxxxxl)\"><img alt=\"\" loading=\"lazy\" decoding=\"async\" width=\"2560\" height=\"1291\" class=\"wp-block-cover__image-background wp-image-1199 size-full\" alt=\"\" src=\"https:\/\/www.camping-au-mica.fr\/wp-content\/uploads\/2025\/11\/au-mica-locatifs-scaled.webp\" data-object-fit=\"cover\" srcset=\"https:\/\/www.camping-au-mica.fr\/wp-content\/uploads\/2025\/11\/au-mica-locatifs-scaled.webp 2560w, https:\/\/www.camping-au-mica.fr\/wp-content\/uploads\/2025\/11\/au-mica-locatifs-300x151.webp 300w, https:\/\/www.camping-au-mica.fr\/wp-content\/uploads\/2025\/11\/au-mica-locatifs-1024x516.webp 1024w, https:\/\/www.camping-au-mica.fr\/wp-content\/uploads\/2025\/11\/au-mica-locatifs-768x387.webp 768w\" sizes=\"auto, (max-width: 2560px) 100vw, 2560px\" \/><span aria-hidden=\"true\" class=\"wp-block-cover__background has-real-black-background-color has-background-dim-40 has-background-dim\"><\/span><div class=\"wp-block-cover__inner-container has-global-padding is-layout-constrained wp-container-core-cover-is-layout-3528da33 wp-block-cover-is-layout-constrained\">\n<p class=\"has-text-align-center has-real-white-color has-text-color has-link-color wp-elements-7e91c6ec5ba79857304e21f64d3b9559\"><br\/><strong>Bettw\u00e4scheverleih<\/strong><br\/>Verf\u00fcgbar f\u00fcr Aufenthalte ohne Premium Kit.<br\/><br\/><strong>Endreinigung<\/strong><br\/>Genie\u00dfen Sie bis zur letzten Minute: Wir k\u00fcmmern uns um die Endreinigung (optional).<br\/><br\/>Wickeltisch in 3-Zimmer-Unterk\u00fcnften<br\/>Ein echtes Plus f\u00fcr Familien mit Babys.<\/p>\n\n\n\n<p class=\"has-text-align-center has-real-white-color has-text-color has-link-color wp-elements-ee528a822993bd50226c369ef1fd9824\"><strong>Brot- und Geb\u00e4ckbestellung<\/strong><br\/>Einfach und praktisch: Bestellen Sie am Vortag \u00fcber die Cool&#8217;n Camp-App oder direkt an der Rezeption. Holen Sie Ihr frisches Brot am Morgen ab, ohne ins Dorf gehen zu m\u00fcssen. <br\/><br\/><br\/>Zwischen Babyausstattung, gemachten Betten, Wifi und Brotbestellungen ist alles darauf ausgerichtet, Ihre Organisation zu vereinfachen, mit leichtem Gep\u00e4ck zu reisen, Ihren Aufenthalt mehr zu genie\u00dfen und Eltern von sehr kleinen Kindern zu beruhigen.<\/p>\n\n\n\n<p class=\"has-text-align-center has-real-white-color has-text-color has-link-color wp-elements-d51b5a82bc25bc243fb6054af4c3c82f\">Im Mica k\u00fcmmern wir uns um alles&#8230; damit Sie Ihren Urlaub wirklich genie\u00dfen k\u00f6nnen.<\/p>\n<\/div><\/div>\n<\/div>\n\n<div style=\"height:var(--wp--preset--spacing--xxl)\" aria-hidden=\"true\" class=\"wp-block-spacer\"><\/div>\n\n<div class=\"wp-block-columns alignwide are-vertically-aligned-center hrz-responsive-col hrz-reponsive-order is-layout-flex wp-container-core-columns-is-layout-3f562962 wp-block-columns-is-layout-flex\" style=\"margin-top:0;margin-bottom:0;padding-top:0;padding-right:var(--wp--preset--spacing--xxl);padding-bottom:0;padding-left:var(--wp--preset--spacing--xxl)\">\n<div class=\"wp-block-column is-vertically-aligned-center is-layout-flow wp-block-column-is-layout-flow\">\n<figure class=\"wp-block-image size-large has-custom-border\"><img alt=\"\" loading=\"lazy\" decoding=\"async\" width=\"1024\" height=\"622\" src=\"https:\/\/www.camping-au-mica.fr\/wp-content\/uploads\/2025\/10\/camping-allee-1024x622.webp\" alt=\"\" class=\"wp-image-648\" style=\"border-radius:8px;aspect-ratio:4\/3;object-fit:cover\" srcset=\"https:\/\/www.camping-au-mica.fr\/wp-content\/uploads\/2025\/10\/camping-allee-1024x622.webp 1024w, https:\/\/www.camping-au-mica.fr\/wp-content\/uploads\/2025\/10\/camping-allee-300x182.webp 300w, https:\/\/www.camping-au-mica.fr\/wp-content\/uploads\/2025\/10\/camping-allee-768x466.webp 768w\" sizes=\"auto, (max-width: 1024px) 100vw, 1024px\" \/><\/figure>\n<\/div>\n\n\n\n<div class=\"wp-block-column is-vertically-aligned-center is-layout-flow wp-block-column-is-layout-flow\" style=\"padding-top:0;padding-right:0;padding-bottom:0;padding-left:0\">\n<p class=\"has-dark-color has-text-color has-link-color has-xxxxl-font-size wp-elements-33f2065cce0a96ec2622ecd59963cc8e\" style=\"margin-bottom:0;padding-bottom:var(--wp--preset--spacing--xxl);line-height:1\">Dienstleistungen f\u00fcr Stellpl\u00e4tze<br\/><\/p>\n\n\n\n<p style=\"margin-top:0;margin-bottom:var(--wp--preset--spacing--xxl);padding-top:0;padding-bottom:0\">Komfort, Zweckm\u00e4\u00dfigkeit und familienfreundliche L\u00f6sungen<br\/>Auch auf traditionellen Campingpl\u00e4tzen legen wir Wert auf praktische Dienstleistungen, die das Leben von Familien, insbesondere mit kleinen Kindern, erleichtern.<br\/>Unsere Stellpl\u00e4tze k\u00f6nnen mit n\u00fctzlichen Einrichtungen ausgestattet werden, um den Aufenthalt noch komfortabler zu gestalten.<\/p>\n<\/div>\n<\/div>\n\n<div style=\"height:var(--wp--preset--spacing--xxl)\" aria-hidden=\"true\" class=\"wp-block-spacer\"><\/div>\n\n<div class=\"wp-block-group alignfull hrz-galerie-1 has-global-padding is-layout-constrained wp-block-group-is-layout-constrained\">\n<div class=\"wp-block-cover alignfull is-light hrz-galerie-1-cover\" style=\"padding-top:var(--wp--preset--spacing--xxl);padding-right:var(--wp--preset--spacing--xxxxxl);padding-bottom:var(--wp--preset--spacing--xxl);padding-left:var(--wp--preset--spacing--xxxxxl)\"><img alt=\"\" loading=\"lazy\" decoding=\"async\" width=\"1759\" height=\"2560\" class=\"wp-block-cover__image-background wp-image-643 size-full\" alt=\"\" src=\"https:\/\/www.camping-au-mica.fr\/wp-content\/uploads\/2025\/10\/campeur-sur-emplacement.webp\" data-object-fit=\"cover\" srcset=\"https:\/\/www.camping-au-mica.fr\/wp-content\/uploads\/2025\/10\/campeur-sur-emplacement.webp 1759w, https:\/\/www.camping-au-mica.fr\/wp-content\/uploads\/2025\/10\/campeur-sur-emplacement-206x300.webp 206w, https:\/\/www.camping-au-mica.fr\/wp-content\/uploads\/2025\/10\/campeur-sur-emplacement-704x1024.webp 704w, https:\/\/www.camping-au-mica.fr\/wp-content\/uploads\/2025\/10\/campeur-sur-emplacement-768x1118.webp 768w\" sizes=\"auto, (max-width: 1759px) 100vw, 1759px\" \/><span aria-hidden=\"true\" class=\"wp-block-cover__background has-real-black-background-color has-background-dim-40 has-background-dim\"><\/span><div class=\"wp-block-cover__inner-container has-global-padding is-layout-constrained wp-container-core-cover-is-layout-3528da33 wp-block-cover-is-layout-constrained\">\n<p class=\"has-text-align-center has-real-white-color has-text-color has-link-color wp-elements-d7e45fa6feddf6171945aca860ab3b8f\"><br\/><strong>K\u00fchlschrankverleih<\/strong><br\/>Ideal, um Getr\u00e4nke, S\u00e4uglingsmilch, Mahlzeiten und Obst w\u00e4hrend des gesamten Aufenthalts k\u00fchl zu halten.<br\/>Ein echter Komfort, besonders im Sommer und mit kleinen Kindern.<br\/><br\/><strong>Komplette Babyausstattung<\/strong><br\/>Verleih f\u00fcr Reisen mit leichtem Gep\u00e4ck:<br\/>Regenschirmbett,<br\/>Hochstuhl,<br\/>Babybadewanne.<br\/>Perfekt f\u00fcr Familien, die Camping und Komfort verbinden m\u00f6chten.<br\/><br\/><strong>Kohlegrill<\/strong><br\/>F\u00fcr einfache und gesellige Mahlzeiten direkt auf Ihrem Stellplatz (gem\u00e4\u00df den geltenden Vorschriften).<br\/><br\/><strong>Kostenloses Wifi<\/strong><br\/>Ein kostenloser Wifi-Zugang ist verf\u00fcgbar, damit Sie bei Bedarf auch im Zelt oder Wohnwagen in Verbindung bleiben k\u00f6nnen.<\/p>\n<\/div><\/div>\n<\/div>\n","protected":false},"excerpt":{"rendered":"<p>Die Dienstleistungen des Campingplatzes in den Vogesen Service &amp; Komfort in den optionalen Unterk\u00fcnften Alles, um Ihren Familienurlaub zu vereinfachenAuf Camping au Mica ist jedes Detail durchdacht, um das Leben von Familien, insbesondere mit Babys und kleinen Kindern, zu erleichtern.Unsere Unterk\u00fcnfte sind ausgestattet und werden durch praktische Dienstleistungen erg\u00e4nzt, so dass Sie Ihren Urlaub ohne [&hellip;]<\/p>\n","protected":false},"author":1,"featured_media":0,"parent":0,"menu_order":0,"comment_status":"closed","ping_status":"closed","template":"page-no-title","meta":{"_acf_changed":false,"_seopress_robots_primary_cat":"","_seopress_titles_title":"3-Sterne-Campingplatz in Corcieux | Campingplatz mit erstklassigem Service in den Vogesen","_seopress_titles_desc":"Verbringen Sie einen traumhaften Urlaub auf einem 3-Sterne-Campingplatz in Corcieux mit erstklassigen Leistungen in einer au\u00dfergew\u00f6hnlichen Umgebung in den Vogesen.","_seopress_robots_index":"","footnotes":""},"class_list":["post-1914","page","type-page","status-publish","hentry"],"acf":[],"_links":{"self":[{"href":"https:\/\/www.camping-au-mica.fr\/de\/wp-json\/wp\/v2\/pages\/1914","targetHints":{"allow":["GET"]}}],"collection":[{"href":"https:\/\/www.camping-au-mica.fr\/de\/wp-json\/wp\/v2\/pages"}],"about":[{"href":"https:\/\/www.camping-au-mica.fr\/de\/wp-json\/wp\/v2\/types\/page"}],"author":[{"embeddable":true,"href":"https:\/\/www.camping-au-mica.fr\/de\/wp-json\/wp\/v2\/users\/1"}],"replies":[{"embeddable":true,"href":"https:\/\/www.camping-au-mica.fr\/de\/wp-json\/wp\/v2\/comments?post=1914"}],"version-history":[{"count":3,"href":"https:\/\/www.camping-au-mica.fr\/de\/wp-json\/wp\/v2\/pages\/1914\/revisions"}],"predecessor-version":[{"id":2804,"href":"https:\/\/www.camping-au-mica.fr\/de\/wp-json\/wp\/v2\/pages\/1914\/revisions\/2804"}],"wp:attachment":[{"href":"https:\/\/www.camping-au-mica.fr\/de\/wp-json\/wp\/v2\/media?parent=1914"}],"curies":[{"name":"wp","href":"https:\/\/api.w.org\/{rel}","templated":true}]}}