{"id":1909,"date":"2025-11-04T14:34:29","date_gmt":"2025-11-04T13:34:29","guid":{"rendered":"https:\/\/www.camping-au-mica.fr\/campingplatz-grand-est\/"},"modified":"2025-12-11T12:41:15","modified_gmt":"2025-12-11T11:41:15","slug":"campingplatz-grand-est","status":"publish","type":"page","link":"https:\/\/www.camping-au-mica.fr\/de\/campingplatz-grand-est\/","title":{"rendered":"Campingplatz Grand Est"},"content":{"rendered":"\n<div class=\"wp-block-group alignfull hero-lab hrz-hero has-global-padding is-layout-constrained wp-container-core-group-is-layout-812dcb84 wp-block-group-is-layout-constrained has-background\" style=\"padding-top:var(--wp--preset--spacing--xxxxxxl);padding-bottom:var(--wp--preset--spacing--xxxxxxl);background-image:url(&apos;https:\/\/www.camping-au-mica.fr\/wp-content\/uploads\/2025\/11\/nature-vosgienne-scaled.webp&apos;);background-position:51% 59%;background-size:cover;\"><\/div>\n\n\n<div style=\"padding-left:var(--wp--preset--spacing--s);padding-top:var(--wp--preset--spacing--s);padding-bottom:var(--wp--preset--spacing--s);\" class=\"alignfull wp-elements-5cd3591c1ade14a972751d58f754b855 wp-block-wpseopress-breadcrumbs has-text-color has-primary-color\"><nav  aria-label=\"breadcrumb\"><ol class=\"breadcrumb\" itemscope itemtype=\"https:\/\/schema.org\/BreadcrumbList\"><li class=\"breadcrumb-item active\" aria-current=\"page\" itemprop=\"itemListElement\" itemscope itemtype=\"https:\/\/schema.org\/ListItem\"><span itemprop=\"name\">Camping \u00e0 Corcieux<\/span><meta itemprop=\"position\" content=\"1\"><\/li><\/ol><\/nav><\/div>\n\n\n<div class=\"wp-block-columns alignwide are-vertically-aligned-center hrz-responsive-col hrz-reponsive-order is-layout-flex wp-container-core-columns-is-layout-17e81cd9 wp-block-columns-is-layout-flex\" style=\"margin-top:var(--wp--preset--spacing--xxl);margin-bottom:var(--wp--preset--spacing--xxl);padding-top:0;padding-right:var(--wp--preset--spacing--xxl);padding-bottom:0;padding-left:var(--wp--preset--spacing--xxl)\">\n<div class=\"wp-block-column is-vertically-aligned-center is-layout-flow wp-block-column-is-layout-flow\">\n<figure class=\"wp-block-image size-large has-custom-border\"><img alt=\"\" loading=\"lazy\" decoding=\"async\" width=\"1024\" height=\"683\" src=\"https:\/\/www.camping-au-mica.fr\/wp-content\/uploads\/2025\/11\/thann-paysages-1024x683.webp\" alt=\"\" class=\"wp-image-1024\" style=\"border-radius:8px;aspect-ratio:4\/3;object-fit:cover\" srcset=\"https:\/\/www.camping-au-mica.fr\/wp-content\/uploads\/2025\/11\/thann-paysages-1024x683.webp 1024w, https:\/\/www.camping-au-mica.fr\/wp-content\/uploads\/2025\/11\/thann-paysages-300x200.webp 300w, https:\/\/www.camping-au-mica.fr\/wp-content\/uploads\/2025\/11\/thann-paysages-768x512.webp 768w, https:\/\/www.camping-au-mica.fr\/wp-content\/uploads\/2025\/11\/thann-paysages-1440x960.webp 1440w, https:\/\/www.camping-au-mica.fr\/wp-content\/uploads\/2025\/11\/thann-paysages-1080x720.webp 1080w, https:\/\/www.camping-au-mica.fr\/wp-content\/uploads\/2025\/11\/thann-paysages-720x480.webp 720w\" sizes=\"auto, (max-width: 1024px) 100vw, 1024px\" \/><\/figure>\n<\/div>\n\n\n\n<div class=\"wp-block-column is-vertically-aligned-center is-layout-flow wp-block-column-is-layout-flow\" style=\"padding-top:0;padding-right:0;padding-bottom:0;padding-left:0\">\n<h1 class=\"wp-block-heading has-primary-color has-text-color has-link-color wp-elements-efdcf529e403cf3565eeb1f3ee4d7d42\" style=\"margin-bottom:var(--wp--preset--spacing--xxl);line-height:1\">Campingurlaub in der Region Grand Est<\/h1>\n\n\n\n<p style=\"margin-bottom:var(--wp--preset--spacing--xxl)\">Ein Campingurlaub in der Region Grand-Est bedeutet, ungeahnte Horizonte zu entdecken und f\u00fcr ein Wochenende oder einen l\u00e4ngeren Aufenthalt dem Alltag zu entfliehen. Verbringen Sie einen unvergesslichen Aufenthalt auf dem Campingplatz in einer magischen Landschaft zwischen Seen, W\u00e4ldern und Bergen. Machen Sie eine Wanderung durch die beeindruckenden Vogesen, fahren Sie mit der Familie einen Teil der els\u00e4ssischen Weinstra\u00dfe entlang oder entspannen Sie sich am beliebten See von G\u00e9rardmer, der nur wenige Minuten vom Campingplatz entfernt liegt. Der Campingplatz Au Mica liegt in der Region Lothringen und hei\u00dft Sie zu einem entspannten Familienurlaub willkommen.   <\/p>\n<\/div>\n<\/div>\n\n\n\n<div class=\"wp-block-cover alignfull is-light\"><img alt=\"\" loading=\"lazy\" decoding=\"async\" width=\"2560\" height=\"1700\" class=\"wp-block-cover__image-background wp-image-1002 size-full\" alt=\"\" src=\"https:\/\/www.camping-au-mica.fr\/wp-content\/uploads\/2025\/11\/gerardmer-scaled.webp\" style=\"object-position:45% 20%\" data-object-fit=\"cover\" data-object-position=\"45% 20%\" srcset=\"https:\/\/www.camping-au-mica.fr\/wp-content\/uploads\/2025\/11\/gerardmer-scaled.webp 2560w, https:\/\/www.camping-au-mica.fr\/wp-content\/uploads\/2025\/11\/gerardmer-300x199.webp 300w, https:\/\/www.camping-au-mica.fr\/wp-content\/uploads\/2025\/11\/gerardmer-1024x680.webp 1024w, https:\/\/www.camping-au-mica.fr\/wp-content\/uploads\/2025\/11\/gerardmer-768x510.webp 768w\" sizes=\"auto, (max-width: 2560px) 100vw, 2560px\" \/><span aria-hidden=\"true\" class=\"wp-block-cover__background has-real-black-background-color has-background-dim-40 has-background-dim\"><\/span><div class=\"wp-block-cover__inner-container is-layout-flow wp-block-cover-is-layout-flow\">\n<div class=\"wp-block-group alignfull lab-bloc-5 anim_element_left has-global-padding is-layout-constrained wp-container-core-group-is-layout-153433f7 wp-block-group-is-layout-constrained\" style=\"padding-top:var(--wp--preset--spacing--xxl);padding-bottom:var(--wp--preset--spacing--xxl)\">\n<div class=\"wp-block-group has-global-padding is-layout-constrained wp-container-core-group-is-layout-41c22256 wp-block-group-is-layout-constrained\" style=\"padding-right:var(--wp--preset--spacing--l);padding-left:var(--wp--preset--spacing--l)\">\n<h2 class=\"wp-block-heading has-text-align-center is-style-lab-title--sub has-real-white-color has-text-color has-link-color wp-elements-fceabd6b4f56ba762159f0ba5547db2f\" style=\"line-height:1\">Lust auf Urlaub<\/h2>\n\n\n\n<p class=\"has-text-align-center is-style-lab-p--subtitle is-style-top-title has-real-white-color has-text-color has-link-color has-xxxxl-font-size wp-elements-6b76cc812cdd688002ea4b6e3e1d3477 is-style-top-title--1\">die sich bewegen?<\/p>\n\n\n\n<p class=\"has-text-align-center has-real-white-color has-text-color has-link-color wp-elements-fd80efc5d412841537ea877965fcce07\">Der Grand-Est hat alles, was Sie brauchen! Es gibt Tausende von Kilometern an <strong>Gr\u00fcnen<\/strong> Wegen, <strong>Radwegen<\/strong> und <strong>Wanderrouten, die auch mit dem Kinderwagen befahren<\/strong> werden k\u00f6nnen. Wandern Sie auf der els\u00e4ssischen Weinstra\u00dfe oder durch die Berge und Ebenen der Vogesen. Die verschiedenen Seen der Region bieten Ihnen auch <strong>verschiedene Wassersportarten<\/strong> wie Kanu, Rudern, Tretbootfahren usw. an. M\u00f6chten Sie sich mit der Natur verbinden? Die Region ist auch sehr reich an W\u00e4ldern, in denen Sie verschiedene <strong>Naturaktivit\u00e4ten<\/strong>aus\u00fcben k\u00f6nnen. Baumklettern f\u00fcr Gro\u00df und Klein, Klettern, Mountainbiking oder Angeln.      <\/p>\n\n\n\n<p class=\"has-real-white-color has-text-color has-link-color wp-elements-659ccd0f0f7a2294ea01a3b20e063e8a\">Lernen Sie <strong>die Tiere <\/strong>der Region kennen, indem Sie die <strong>G\u00e4msen<\/strong> auf dem Gipfel des Hohneck, dem h\u00f6chsten Punkt der Vogesen, besuchen. Oder verbringen Sie einen Tag voller Z\u00e4rtlichkeit bei einem Besuch auf <strong>dem Berg der Lamas <\/strong>f\u00fcr angenehme Momente mit der Familie.   <\/p>\n\n\n\n<p class=\"has-text-align-center has-real-white-color has-text-color has-link-color wp-elements-d427815b80052f630a876f1892c17fd0\"><br>Es ist unm\u00f6glich, sich w\u00e4hrend Ihres Campingurlaubs in der Region Grand-Est zu langweilen. Vergessen Sie nicht die entspannenden Momente am Pool und die Animationen im Miniclub des Campingplatzes! <\/p>\n<\/div>\n\n\n\n<div style=\"height:var(--wp--preset--spacing--xxl)\" aria-hidden=\"true\" class=\"wp-block-spacer\"><\/div>\n\n\n\n<div class=\"wp-block-group alignfull hrz-responsive-group has-global-padding is-layout-constrained wp-container-core-group-is-layout-9de0cfaf wp-block-group-is-layout-constrained\" style=\"padding-right:var(--wp--preset--spacing--xxxl);padding-left:var(--wp--preset--spacing--xxxl)\">\n<div class=\"wp-block-group alignwide swiper swiper-slider-2 is-layout-flow wp-block-group-is-layout-flow\" style=\"margin-top:0;margin-bottom:0;padding-top:0;padding-right:0;padding-bottom:0;padding-left:0\">\n<div class=\"wp-block-group swiper-wrapper is-nowrap is-layout-flex wp-container-core-group-is-layout-879c0eda wp-block-group-is-layout-flex\" style=\"margin-top:0;margin-bottom:0;padding-top:0;padding-right:0;padding-bottom:0;padding-left:0\">\n<div class=\"wp-block-group swiper-slide has-global-padding is-layout-constrained wp-block-group-is-layout-constrained\">\n<figure data-wp-context=\"{&quot;imageId&quot;:&quot;69dc26b384e4f&quot;}\" data-wp-interactive=\"core\/image\" data-wp-key=\"69dc26b384e4f\" class=\"wp-block-image size-large has-custom-border wp-lightbox-container\"><img alt=\"\" loading=\"lazy\" decoding=\"async\" width=\"1024\" height=\"683\" data-wp-class--hide=\"state.isContentHidden\" data-wp-class--show=\"state.isContentVisible\" data-wp-init=\"callbacks.setButtonStyles\" data-wp-on--click=\"actions.showLightbox\" data-wp-on--load=\"callbacks.setButtonStyles\" data-wp-on-window--resize=\"callbacks.setButtonStyles\" src=\"https:\/\/www.camping-au-mica.fr\/wp-content\/uploads\/2025\/10\/petite-plage-1024x683.webp\" alt=\"\" class=\"has-border-color has-real-white-border-color wp-image-691\" style=\"border-width:5px;border-radius:8px;aspect-ratio:16\/9;object-fit:cover\" srcset=\"https:\/\/www.camping-au-mica.fr\/wp-content\/uploads\/2025\/10\/petite-plage-1024x683.webp 1024w, https:\/\/www.camping-au-mica.fr\/wp-content\/uploads\/2025\/10\/petite-plage-300x200.webp 300w, https:\/\/www.camping-au-mica.fr\/wp-content\/uploads\/2025\/10\/petite-plage-768x512.webp 768w, https:\/\/www.camping-au-mica.fr\/wp-content\/uploads\/2025\/10\/petite-plage-1440x960.webp 1440w, https:\/\/www.camping-au-mica.fr\/wp-content\/uploads\/2025\/10\/petite-plage-1080x720.webp 1080w, https:\/\/www.camping-au-mica.fr\/wp-content\/uploads\/2025\/10\/petite-plage-720x480.webp 720w\" sizes=\"auto, (max-width: 1024px) 100vw, 1024px\" \/><button\n\t\t\tclass=\"lightbox-trigger\"\n\t\t\ttype=\"button\"\n\t\t\taria-haspopup=\"dialog\"\n\t\t\taria-label=\"Enlarge\"\n\t\t\tdata-wp-init=\"callbacks.initTriggerButton\"\n\t\t\tdata-wp-on--click=\"actions.showLightbox\"\n\t\t\tdata-wp-style--right=\"state.imageButtonRight\"\n\t\t\tdata-wp-style--top=\"state.imageButtonTop\"\n\t\t>\n\t\t\t<svg xmlns=\"http:\/\/www.w3.org\/2000\/svg\" width=\"12\" height=\"12\" fill=\"none\" viewBox=\"0 0 12 12\">\n\t\t\t\t<path fill=\"#fff\" d=\"M2 0a2 2 0 0 0-2 2v2h1.5V2a.5.5 0 0 1 .5-.5h2V0H2Zm2 10.5H2a.5.5 0 0 1-.5-.5V8H0v2a2 2 0 0 0 2 2h2v-1.5ZM8 12v-1.5h2a.5.5 0 0 0 .5-.5V8H12v2a2 2 0 0 1-2 2H8Zm2-12a2 2 0 0 1 2 2v2h-1.5V2a.5.5 0 0 0-.5-.5H8V0h2Z\" \/>\n\t\t\t<\/svg>\n\t\t<\/button><\/figure>\n<\/div>\n\n\n\n<div class=\"wp-block-group swiper-slide has-global-padding is-layout-constrained wp-block-group-is-layout-constrained\">\n<figure data-wp-context=\"{&quot;imageId&quot;:&quot;69dc26b385952&quot;}\" data-wp-interactive=\"core\/image\" data-wp-key=\"69dc26b385952\" class=\"wp-block-image size-large has-custom-border wp-lightbox-container\"><img alt=\"\" loading=\"lazy\" decoding=\"async\" width=\"1024\" height=\"683\" data-wp-class--hide=\"state.isContentHidden\" data-wp-class--show=\"state.isContentVisible\" data-wp-init=\"callbacks.setButtonStyles\" data-wp-on--click=\"actions.showLightbox\" data-wp-on--load=\"callbacks.setButtonStyles\" data-wp-on-window--resize=\"callbacks.setButtonStyles\" src=\"https:\/\/www.camping-au-mica.fr\/wp-content\/uploads\/2025\/10\/camping-bord-de-l-eau-1024x683.webp\" alt=\"\" class=\"has-border-color wp-image-681\" style=\"border-color:#FFFFFF;border-width:5px;border-radius:8px;aspect-ratio:16\/9;object-fit:cover\" srcset=\"https:\/\/www.camping-au-mica.fr\/wp-content\/uploads\/2025\/10\/camping-bord-de-l-eau-1024x683.webp 1024w, https:\/\/www.camping-au-mica.fr\/wp-content\/uploads\/2025\/10\/camping-bord-de-l-eau-300x200.webp 300w, https:\/\/www.camping-au-mica.fr\/wp-content\/uploads\/2025\/10\/camping-bord-de-l-eau-768x512.webp 768w, https:\/\/www.camping-au-mica.fr\/wp-content\/uploads\/2025\/10\/camping-bord-de-l-eau-1440x960.webp 1440w, https:\/\/www.camping-au-mica.fr\/wp-content\/uploads\/2025\/10\/camping-bord-de-l-eau-1080x720.webp 1080w, https:\/\/www.camping-au-mica.fr\/wp-content\/uploads\/2025\/10\/camping-bord-de-l-eau-720x480.webp 720w\" sizes=\"auto, (max-width: 1024px) 100vw, 1024px\" \/><button\n\t\t\tclass=\"lightbox-trigger\"\n\t\t\ttype=\"button\"\n\t\t\taria-haspopup=\"dialog\"\n\t\t\taria-label=\"Enlarge\"\n\t\t\tdata-wp-init=\"callbacks.initTriggerButton\"\n\t\t\tdata-wp-on--click=\"actions.showLightbox\"\n\t\t\tdata-wp-style--right=\"state.imageButtonRight\"\n\t\t\tdata-wp-style--top=\"state.imageButtonTop\"\n\t\t>\n\t\t\t<svg xmlns=\"http:\/\/www.w3.org\/2000\/svg\" width=\"12\" height=\"12\" fill=\"none\" viewBox=\"0 0 12 12\">\n\t\t\t\t<path fill=\"#fff\" d=\"M2 0a2 2 0 0 0-2 2v2h1.5V2a.5.5 0 0 1 .5-.5h2V0H2Zm2 10.5H2a.5.5 0 0 1-.5-.5V8H0v2a2 2 0 0 0 2 2h2v-1.5ZM8 12v-1.5h2a.5.5 0 0 0 .5-.5V8H12v2a2 2 0 0 1-2 2H8Zm2-12a2 2 0 0 1 2 2v2h-1.5V2a.5.5 0 0 0-.5-.5H8V0h2Z\" \/>\n\t\t\t<\/svg>\n\t\t<\/button><\/figure>\n<\/div>\n\n\n\n<div class=\"wp-block-group swiper-slide has-global-padding is-layout-constrained wp-block-group-is-layout-constrained\">\n<figure data-wp-context=\"{&quot;imageId&quot;:&quot;69dc26b3863f3&quot;}\" data-wp-interactive=\"core\/image\" data-wp-key=\"69dc26b3863f3\" class=\"wp-block-image size-large has-custom-border wp-lightbox-container\"><img alt=\"\" loading=\"lazy\" decoding=\"async\" width=\"1024\" height=\"679\" data-wp-class--hide=\"state.isContentHidden\" data-wp-class--show=\"state.isContentVisible\" data-wp-init=\"callbacks.setButtonStyles\" data-wp-on--click=\"actions.showLightbox\" data-wp-on--load=\"callbacks.setButtonStyles\" data-wp-on-window--resize=\"callbacks.setButtonStyles\" src=\"https:\/\/www.camping-au-mica.fr\/wp-content\/uploads\/2025\/11\/nature-vosgienne-1024x679.webp\" alt=\"\" class=\"has-border-color wp-image-974\" style=\"border-color:#FFFFFF;border-width:5px;border-radius:8px;aspect-ratio:16\/9;object-fit:cover\" srcset=\"https:\/\/www.camping-au-mica.fr\/wp-content\/uploads\/2025\/11\/nature-vosgienne-1024x679.webp 1024w, https:\/\/www.camping-au-mica.fr\/wp-content\/uploads\/2025\/11\/nature-vosgienne-300x199.webp 300w, https:\/\/www.camping-au-mica.fr\/wp-content\/uploads\/2025\/11\/nature-vosgienne-768x509.webp 768w\" sizes=\"auto, (max-width: 1024px) 100vw, 1024px\" \/><button\n\t\t\tclass=\"lightbox-trigger\"\n\t\t\ttype=\"button\"\n\t\t\taria-haspopup=\"dialog\"\n\t\t\taria-label=\"Enlarge\"\n\t\t\tdata-wp-init=\"callbacks.initTriggerButton\"\n\t\t\tdata-wp-on--click=\"actions.showLightbox\"\n\t\t\tdata-wp-style--right=\"state.imageButtonRight\"\n\t\t\tdata-wp-style--top=\"state.imageButtonTop\"\n\t\t>\n\t\t\t<svg xmlns=\"http:\/\/www.w3.org\/2000\/svg\" width=\"12\" height=\"12\" fill=\"none\" viewBox=\"0 0 12 12\">\n\t\t\t\t<path fill=\"#fff\" d=\"M2 0a2 2 0 0 0-2 2v2h1.5V2a.5.5 0 0 1 .5-.5h2V0H2Zm2 10.5H2a.5.5 0 0 1-.5-.5V8H0v2a2 2 0 0 0 2 2h2v-1.5ZM8 12v-1.5h2a.5.5 0 0 0 .5-.5V8H12v2a2 2 0 0 1-2 2H8Zm2-12a2 2 0 0 1 2 2v2h-1.5V2a.5.5 0 0 0-.5-.5H8V0h2Z\" \/>\n\t\t\t<\/svg>\n\t\t<\/button><\/figure>\n<\/div>\n\n\n\n<div class=\"wp-block-group swiper-slide has-global-padding is-layout-constrained wp-block-group-is-layout-constrained\">\n<figure data-wp-context=\"{&quot;imageId&quot;:&quot;69dc26b386dd1&quot;}\" data-wp-interactive=\"core\/image\" data-wp-key=\"69dc26b386dd1\" class=\"wp-block-image size-full has-custom-border wp-lightbox-container\"><img alt=\"\" loading=\"lazy\" decoding=\"async\" width=\"2560\" height=\"1707\" data-wp-class--hide=\"state.isContentHidden\" data-wp-class--show=\"state.isContentVisible\" data-wp-init=\"callbacks.setButtonStyles\" data-wp-on--click=\"actions.showLightbox\" data-wp-on--load=\"callbacks.setButtonStyles\" data-wp-on-window--resize=\"callbacks.setButtonStyles\" src=\"https:\/\/www.camping-au-mica.fr\/wp-content\/uploads\/2025\/11\/ruelle-fleurie-scaled.webp\" alt=\"\" class=\"has-border-color wp-image-1028\" style=\"border-color:#FFFFFF;border-width:5px;border-radius:8px;aspect-ratio:16\/9;object-fit:cover\" srcset=\"https:\/\/www.camping-au-mica.fr\/wp-content\/uploads\/2025\/11\/ruelle-fleurie-scaled.webp 2560w, https:\/\/www.camping-au-mica.fr\/wp-content\/uploads\/2025\/11\/ruelle-fleurie-300x200.webp 300w, https:\/\/www.camping-au-mica.fr\/wp-content\/uploads\/2025\/11\/ruelle-fleurie-1024x683.webp 1024w, https:\/\/www.camping-au-mica.fr\/wp-content\/uploads\/2025\/11\/ruelle-fleurie-768x512.webp 768w, https:\/\/www.camping-au-mica.fr\/wp-content\/uploads\/2025\/11\/ruelle-fleurie-1440x960.webp 1440w, https:\/\/www.camping-au-mica.fr\/wp-content\/uploads\/2025\/11\/ruelle-fleurie-1080x720.webp 1080w, https:\/\/www.camping-au-mica.fr\/wp-content\/uploads\/2025\/11\/ruelle-fleurie-720x480.webp 720w\" sizes=\"auto, (max-width: 2560px) 100vw, 2560px\" \/><button\n\t\t\tclass=\"lightbox-trigger\"\n\t\t\ttype=\"button\"\n\t\t\taria-haspopup=\"dialog\"\n\t\t\taria-label=\"Enlarge\"\n\t\t\tdata-wp-init=\"callbacks.initTriggerButton\"\n\t\t\tdata-wp-on--click=\"actions.showLightbox\"\n\t\t\tdata-wp-style--right=\"state.imageButtonRight\"\n\t\t\tdata-wp-style--top=\"state.imageButtonTop\"\n\t\t>\n\t\t\t<svg xmlns=\"http:\/\/www.w3.org\/2000\/svg\" width=\"12\" height=\"12\" fill=\"none\" viewBox=\"0 0 12 12\">\n\t\t\t\t<path fill=\"#fff\" d=\"M2 0a2 2 0 0 0-2 2v2h1.5V2a.5.5 0 0 1 .5-.5h2V0H2Zm2 10.5H2a.5.5 0 0 1-.5-.5V8H0v2a2 2 0 0 0 2 2h2v-1.5ZM8 12v-1.5h2a.5.5 0 0 0 .5-.5V8H12v2a2 2 0 0 1-2 2H8Zm2-12a2 2 0 0 1 2 2v2h-1.5V2a.5.5 0 0 0-.5-.5H8V0h2Z\" \/>\n\t\t\t<\/svg>\n\t\t<\/button><\/figure>\n<\/div>\n\n\n\n<div class=\"wp-block-group swiper-slide has-global-padding is-layout-constrained wp-block-group-is-layout-constrained\">\n<figure data-wp-context=\"{&quot;imageId&quot;:&quot;69dc26b38776b&quot;}\" data-wp-interactive=\"core\/image\" data-wp-key=\"69dc26b38776b\" class=\"wp-block-image size-large has-custom-border wp-lightbox-container\"><img alt=\"\" loading=\"lazy\" decoding=\"async\" width=\"1024\" height=\"682\" data-wp-class--hide=\"state.isContentHidden\" data-wp-class--show=\"state.isContentVisible\" data-wp-init=\"callbacks.setButtonStyles\" data-wp-on--click=\"actions.showLightbox\" data-wp-on--load=\"callbacks.setButtonStyles\" data-wp-on-window--resize=\"callbacks.setButtonStyles\" src=\"https:\/\/www.camping-au-mica.fr\/wp-content\/uploads\/2025\/10\/haut-koenigsbourg-1024x682.webp\" alt=\"\" class=\"has-border-color wp-image-596\" style=\"border-color:#FFFFFF;border-width:5px;border-radius:8px;aspect-ratio:16\/9;object-fit:cover\" srcset=\"https:\/\/www.camping-au-mica.fr\/wp-content\/uploads\/2025\/10\/haut-koenigsbourg-1024x682.webp 1024w, https:\/\/www.camping-au-mica.fr\/wp-content\/uploads\/2025\/10\/haut-koenigsbourg-300x200.webp 300w, https:\/\/www.camping-au-mica.fr\/wp-content\/uploads\/2025\/10\/haut-koenigsbourg-768x512.webp 768w, https:\/\/www.camping-au-mica.fr\/wp-content\/uploads\/2025\/10\/haut-koenigsbourg-1440x960.webp 1440w, https:\/\/www.camping-au-mica.fr\/wp-content\/uploads\/2025\/10\/haut-koenigsbourg-1080x720.webp 1080w, https:\/\/www.camping-au-mica.fr\/wp-content\/uploads\/2025\/10\/haut-koenigsbourg-720x480.webp 720w\" sizes=\"auto, (max-width: 1024px) 100vw, 1024px\" \/><button\n\t\t\tclass=\"lightbox-trigger\"\n\t\t\ttype=\"button\"\n\t\t\taria-haspopup=\"dialog\"\n\t\t\taria-label=\"Enlarge\"\n\t\t\tdata-wp-init=\"callbacks.initTriggerButton\"\n\t\t\tdata-wp-on--click=\"actions.showLightbox\"\n\t\t\tdata-wp-style--right=\"state.imageButtonRight\"\n\t\t\tdata-wp-style--top=\"state.imageButtonTop\"\n\t\t>\n\t\t\t<svg xmlns=\"http:\/\/www.w3.org\/2000\/svg\" width=\"12\" height=\"12\" fill=\"none\" viewBox=\"0 0 12 12\">\n\t\t\t\t<path fill=\"#fff\" d=\"M2 0a2 2 0 0 0-2 2v2h1.5V2a.5.5 0 0 1 .5-.5h2V0H2Zm2 10.5H2a.5.5 0 0 1-.5-.5V8H0v2a2 2 0 0 0 2 2h2v-1.5ZM8 12v-1.5h2a.5.5 0 0 0 .5-.5V8H12v2a2 2 0 0 1-2 2H8Zm2-12a2 2 0 0 1 2 2v2h-1.5V2a.5.5 0 0 0-.5-.5H8V0h2Z\" \/>\n\t\t\t<\/svg>\n\t\t<\/button><\/figure>\n<\/div>\n<\/div>\n\n\n\n<div class=\"wp-block-group has-global-padding is-layout-constrained wp-container-core-group-is-layout-75ecaec4 wp-block-group-is-layout-constrained\" style=\"margin-top:var(--wp--preset--spacing--s);margin-bottom:var(--wp--preset--spacing--s)\">\n<div class=\"wp-block-group hrz-slider-2-pagination hrz-slider-dots has-global-padding is-layout-constrained wp-block-group-is-layout-constrained\"><\/div>\n<\/div>\n<\/div>\n<\/div>\n<\/div>\n<\/div><\/div>\n\n\n\n<div class=\"wp-block-group alignfull hrz-contenus-2 has-global-padding is-layout-constrained wp-block-group-is-layout-constrained\" style=\"margin-top:var(--wp--preset--spacing--xxl);margin-bottom:var(--wp--preset--spacing--xxl)\">\n<div class=\"wp-block-columns alignfull hrz-responsive-col is-layout-flex wp-container-core-columns-is-layout-b6746764 wp-block-columns-is-layout-flex\" style=\"margin-top:0;margin-bottom:0;padding-top:0;padding-right:0;padding-bottom:0;padding-left:0\">\n<div class=\"wp-block-column is-vertically-aligned-center hrz-contenus-2-contenus has-light-background-color has-background has-global-padding is-layout-constrained wp-container-core-column-is-layout-e6325cf1 wp-block-column-is-layout-constrained\" style=\"border-radius:8px;padding-top:var(--wp--preset--spacing--xxl);padding-right:var(--wp--preset--spacing--xxl);padding-bottom:var(--wp--preset--spacing--xxl);padding-left:var(--wp--preset--spacing--xxl)\">\n<h2 class=\"wp-block-heading has-real-white-color has-text-color has-link-color wp-elements-70bd69f4a8e2b767c9ea4598b3323f3b\" style=\"line-height:1\">Camping<\/h2>\n\n\n\n<p class=\"is-style-top-title has-dark-color has-text-color has-link-color has-xxxxl-font-size wp-elements-c6f8eae83388abf0f6b807e97c801d6c is-style-top-title--2\">in der Natur<\/p>\n\n\n\n<p class=\"has-paragraph-color has-text-color has-link-color wp-elements-6d1f7ba6daa1536e50f94f9a87941ca0\">Die Region Grand Est ist der ideale Ort f\u00fcr Camper, die den Wald und das gr\u00fcne Campen lieben. Stellen Sie Ihr Zelt inmitten der Natur auf, mitten im Wald und\/oder am Angelteich des Campingplatzes. Lust auf etwas Au\u00dfergew\u00f6hnliches? Genie\u00dfen Sie einen au\u00dfergew\u00f6hnlichen Aufenthalt in einer unserer ungew\u00f6hnlichen H\u00fctten oder hoch oben in den B\u00e4umen in der Cabane des H\u00e9rons!     <\/p>\n<\/div>\n\n\n\n<div class=\"wp-block-column is-layout-flow wp-block-column-is-layout-flow\">\n<figure class=\"wp-block-image size-full has-custom-border\"><img alt=\"\" loading=\"lazy\" decoding=\"async\" width=\"2560\" height=\"1664\" src=\"https:\/\/www.camping-au-mica.fr\/wp-content\/uploads\/2025\/11\/sapins-vosges-scaled.webp\" alt=\"\" class=\"wp-image-948\" style=\"border-radius:8px;aspect-ratio:4\/3;object-fit:cover\" srcset=\"https:\/\/www.camping-au-mica.fr\/wp-content\/uploads\/2025\/11\/sapins-vosges-scaled.webp 2560w, https:\/\/www.camping-au-mica.fr\/wp-content\/uploads\/2025\/11\/sapins-vosges-300x195.webp 300w, https:\/\/www.camping-au-mica.fr\/wp-content\/uploads\/2025\/11\/sapins-vosges-1024x666.webp 1024w, https:\/\/www.camping-au-mica.fr\/wp-content\/uploads\/2025\/11\/sapins-vosges-768x499.webp 768w\" sizes=\"auto, (max-width: 2560px) 100vw, 2560px\" \/><\/figure>\n<\/div>\n<\/div>\n<\/div>\n\n\n\n<div style=\"height:var(--wp--preset--spacing--xxl)\" aria-hidden=\"true\" class=\"wp-block-spacer\"><\/div>\n","protected":false},"excerpt":{"rendered":"<p>Campingurlaub in der Region Grand Est Ein Campingurlaub in der Region Grand-Est bedeutet, ungeahnte Horizonte zu entdecken und f\u00fcr ein Wochenende oder einen l\u00e4ngeren Aufenthalt dem Alltag zu entfliehen. Verbringen Sie einen unvergesslichen Aufenthalt auf dem Campingplatz in einer magischen Landschaft zwischen Seen, W\u00e4ldern und Bergen. Machen Sie eine Wanderung durch die beeindruckenden Vogesen, fahren [&hellip;]<\/p>\n","protected":false},"author":1,"featured_media":0,"parent":0,"menu_order":0,"comment_status":"closed","ping_status":"closed","template":"page-no-title","meta":{"_acf_changed":false,"_seopress_robots_primary_cat":"","_seopress_titles_title":"Camping Grand Est | Was kann man auf einem Campingplatz in der Region Grand Est unternehmen?","_seopress_titles_desc":"Planen Sie Ihren perfekten Urlaub in der Region Grand Est auf dem Campingplatz Le Mica. Aktivit\u00e4ten, Besichtigungen und Entspannung in der N\u00e4he unseres Campingplatzes in den Vogesen.","_seopress_robots_index":"","footnotes":""},"class_list":["post-1909","page","type-page","status-publish","hentry"],"acf":[],"_links":{"self":[{"href":"https:\/\/www.camping-au-mica.fr\/de\/wp-json\/wp\/v2\/pages\/1909","targetHints":{"allow":["GET"]}}],"collection":[{"href":"https:\/\/www.camping-au-mica.fr\/de\/wp-json\/wp\/v2\/pages"}],"about":[{"href":"https:\/\/www.camping-au-mica.fr\/de\/wp-json\/wp\/v2\/types\/page"}],"author":[{"embeddable":true,"href":"https:\/\/www.camping-au-mica.fr\/de\/wp-json\/wp\/v2\/users\/1"}],"replies":[{"embeddable":true,"href":"https:\/\/www.camping-au-mica.fr\/de\/wp-json\/wp\/v2\/comments?post=1909"}],"version-history":[{"count":4,"href":"https:\/\/www.camping-au-mica.fr\/de\/wp-json\/wp\/v2\/pages\/1909\/revisions"}],"predecessor-version":[{"id":2961,"href":"https:\/\/www.camping-au-mica.fr\/de\/wp-json\/wp\/v2\/pages\/1909\/revisions\/2961"}],"wp:attachment":[{"href":"https:\/\/www.camping-au-mica.fr\/de\/wp-json\/wp\/v2\/media?parent=1909"}],"curies":[{"name":"wp","href":"https:\/\/api.w.org\/{rel}","templated":true}]}}