{"id":1894,"date":"2025-10-02T10:31:55","date_gmt":"2025-10-02T08:31:55","guid":{"rendered":"https:\/\/www.camping-au-mica.fr\/stellungnahme\/"},"modified":"2025-12-11T11:47:10","modified_gmt":"2025-12-11T10:47:10","slug":"stellungnahme","status":"publish","type":"page","link":"https:\/\/www.camping-au-mica.fr\/de\/stellungnahme\/","title":{"rendered":"Stellungnahme"},"content":{"rendered":"\n<div class=\"wp-block-group alignfull hero-lab hrz-hero has-global-padding is-layout-constrained wp-container-core-group-is-layout-812dcb84 wp-block-group-is-layout-constrained has-background\" style=\"padding-top:var(--wp--preset--spacing--xxxxxxl);padding-bottom:var(--wp--preset--spacing--xxxxxxl);background-image:url(&apos;https:\/\/www.camping-au-mica.fr\/wp-content\/uploads\/2025\/10\/camping-verdoyant.webp&apos;);background-position:48% 0%;background-size:cover;\"><\/div>\n<div style=\"padding-left:var(--wp--preset--spacing--s);padding-top:var(--wp--preset--spacing--s);padding-bottom:var(--wp--preset--spacing--s);\" class=\"alignfull wp-elements-5cd3591c1ade14a972751d58f754b855 wp-block-wpseopress-breadcrumbs has-text-color has-primary-color\"><nav  aria-label=\"breadcrumb\"><ol class=\"breadcrumb\" itemscope itemtype=\"https:\/\/schema.org\/BreadcrumbList\"><li class=\"breadcrumb-item active\" aria-current=\"page\" itemprop=\"itemListElement\" itemscope itemtype=\"https:\/\/schema.org\/ListItem\"><span itemprop=\"name\">Camping \u00e0 Corcieux<\/span><meta itemprop=\"position\" content=\"1\"><\/li><\/ol><\/nav><\/div>\n<div class=\"wp-block-group alignfull has-global-padding is-layout-constrained wp-container-core-group-is-layout-1e77583b wp-block-group-is-layout-constrained\" style=\"padding-right:var(--wp--preset--spacing--xs);padding-left:var(--wp--preset--spacing--xs)\">\n<div class=\"wp-block-group has-global-padding is-layout-constrained wp-container-core-group-is-layout-41c22256 wp-block-group-is-layout-constrained\" style=\"padding-right:var(--wp--preset--spacing--l);padding-left:var(--wp--preset--spacing--l)\">\n<h1 class=\"wp-block-heading has-text-align-center has-primary-color has-text-color has-link-color wp-elements-fe1337d39618322a3c740323513578e1\" style=\"line-height:1\">Kundenbewertungen f\u00fcr Camping Au Mica<\/h1>\n\n\n\n<p class=\"has-text-align-center\">Besuchen Sie unseren Campingplatz inmitten der Natur mit Wald, Fischteich, Bach, ungew\u00f6hnlichen H\u00fctten, Chalets, Stellpl\u00e4tzen, Spielplatz, beheiztem Schwimmbad\/Planschbecken&#8230;&#8230;<\/p>\n<\/div>\n<\/div>\n\n<div class=\"wp-block-group has-global-padding is-layout-constrained wp-block-group-is-layout-constrained\">\n<ctv-reviews-list><\/ctv-reviews-list>\n<\/div>\n","protected":false},"excerpt":{"rendered":"<p>Kundenbewertungen f\u00fcr Camping Au Mica Besuchen Sie unseren Campingplatz inmitten der Natur mit Wald, Fischteich, Bach, ungew\u00f6hnlichen H\u00fctten, Chalets, Stellpl\u00e4tzen, Spielplatz, beheiztem Schwimmbad\/Planschbecken&#8230;&#8230;<\/p>\n","protected":false},"author":1,"featured_media":0,"parent":0,"menu_order":0,"comment_status":"closed","ping_status":"closed","template":"page-no-title","meta":{"_acf_changed":false,"_seopress_robots_primary_cat":"","_seopress_titles_title":"Bewertungen von Camping Au mica in Corcieux | Der beste Campingplatz in den Vogesen","_seopress_titles_desc":"Entdecken Sie den besten Campingplatz in Corcieux: Au mica. Sehen Sie sich die Kundenbewertungen an und erfahren Sie, warum sich Urlauber f\u00fcr uns entscheiden.","_seopress_robots_index":"","footnotes":""},"class_list":["post-1894","page","type-page","status-publish","hentry"],"acf":[],"_links":{"self":[{"href":"https:\/\/www.camping-au-mica.fr\/de\/wp-json\/wp\/v2\/pages\/1894","targetHints":{"allow":["GET"]}}],"collection":[{"href":"https:\/\/www.camping-au-mica.fr\/de\/wp-json\/wp\/v2\/pages"}],"about":[{"href":"https:\/\/www.camping-au-mica.fr\/de\/wp-json\/wp\/v2\/types\/page"}],"author":[{"embeddable":true,"href":"https:\/\/www.camping-au-mica.fr\/de\/wp-json\/wp\/v2\/users\/1"}],"replies":[{"embeddable":true,"href":"https:\/\/www.camping-au-mica.fr\/de\/wp-json\/wp\/v2\/comments?post=1894"}],"version-history":[{"count":2,"href":"https:\/\/www.camping-au-mica.fr\/de\/wp-json\/wp\/v2\/pages\/1894\/revisions"}],"predecessor-version":[{"id":2847,"href":"https:\/\/www.camping-au-mica.fr\/de\/wp-json\/wp\/v2\/pages\/1894\/revisions\/2847"}],"wp:attachment":[{"href":"https:\/\/www.camping-au-mica.fr\/de\/wp-json\/wp\/v2\/media?parent=1894"}],"curies":[{"name":"wp","href":"https:\/\/api.w.org\/{rel}","templated":true}]}}