{"id":1890,"date":"2025-10-02T10:31:57","date_gmt":"2025-10-02T08:31:57","guid":{"rendered":"https:\/\/www.camping-au-mica.fr\/aktivitaeten-fuer-die-familie\/"},"modified":"2025-12-11T11:46:53","modified_gmt":"2025-12-11T10:46:53","slug":"aktivitaeten-fuer-die-familie","status":"publish","type":"page","link":"https:\/\/www.camping-au-mica.fr\/de\/aktivitaeten-fuer-die-familie\/","title":{"rendered":"Aktivit\u00e4ten f\u00fcr die Familie"},"content":{"rendered":"\n<div class=\"wp-block-group alignfull hero-lab hrz-hero has-global-padding is-layout-constrained wp-container-core-group-is-layout-812dcb84 wp-block-group-is-layout-constrained has-background\" style=\"padding-top:var(--wp--preset--spacing--xxxxxxl);padding-bottom:var(--wp--preset--spacing--xxxxxxl);background-image:url(&apos;https:\/\/www.camping-au-mica.fr\/wp-content\/uploads\/2025\/10\/peche.webp&apos;);background-position:49% 97%;background-size:cover;\"><\/div>\n<div style=\"padding-left:var(--wp--preset--spacing--s);padding-top:var(--wp--preset--spacing--s);padding-bottom:var(--wp--preset--spacing--s);\" class=\"alignfull wp-elements-5cd3591c1ade14a972751d58f754b855 wp-block-wpseopress-breadcrumbs has-text-color has-primary-color\"><nav  aria-label=\"breadcrumb\"><ol class=\"breadcrumb\" itemscope itemtype=\"https:\/\/schema.org\/BreadcrumbList\"><li class=\"breadcrumb-item active\" aria-current=\"page\" itemprop=\"itemListElement\" itemscope itemtype=\"https:\/\/schema.org\/ListItem\"><span itemprop=\"name\">Camping \u00e0 Corcieux<\/span><meta itemprop=\"position\" content=\"1\"><\/li><\/ol><\/nav><\/div>\n<div class=\"wp-block-group alignfull has-global-padding is-layout-constrained wp-container-core-group-is-layout-1e77583b wp-block-group-is-layout-constrained\" style=\"padding-right:var(--wp--preset--spacing--xs);padding-left:var(--wp--preset--spacing--xs)\">\n<div class=\"wp-block-group has-global-padding is-layout-constrained wp-container-core-group-is-layout-41c22256 wp-block-group-is-layout-constrained\" style=\"padding-right:var(--wp--preset--spacing--l);padding-left:var(--wp--preset--spacing--l)\">\n<h1 class=\"wp-block-heading has-text-align-center has-primary-color has-text-color has-link-color wp-elements-bd7308b2da034af803f9279f0ccfe074\">Ideal f\u00fcr Familien  <\/h1>\n\n\n\n<p class=\"has-text-align-center\">Aktivit\u00e4ten f\u00fcr die ganze Familie rund um den Campingplatz Au Mica.<\/p>\n<\/div>\n<\/div>\n\n<div style=\"height:var(--wp--preset--spacing--xxxl)\" aria-hidden=\"true\" class=\"wp-block-spacer\"><\/div>\n\n<div class=\"wp-block-group alignwide hrz-contenus-6 has-global-padding is-layout-constrained wp-block-group-is-layout-constrained\">\n<div class=\"wp-block-columns alignfull is-layout-flex wp-container-core-columns-is-layout-22c076aa wp-block-columns-is-layout-flex\" style=\"margin-top:0;margin-bottom:0;padding-top:0;padding-right:var(--wp--preset--spacing--l);padding-bottom:0;padding-left:var(--wp--preset--spacing--l)\">\n<div class=\"wp-block-column is-layout-flow wp-block-column-is-layout-flow\">\n<div class=\"wp-block-cover is-light has-aspect-ratio\" style=\"border-radius:8px;margin-top:0;margin-bottom:0;padding-top:var(--wp--preset--spacing--xxl);padding-right:var(--wp--preset--spacing--xxl);padding-bottom:var(--wp--preset--spacing--xxl);padding-left:var(--wp--preset--spacing--xxl);aspect-ratio:auto;min-height:unset;\"><img alt=\"\" loading=\"lazy\" decoding=\"async\" width=\"619\" height=\"464\" class=\"wp-block-cover__image-background wp-image-774 size-full\" alt=\"\" src=\"https:\/\/www.camping-au-mica.fr\/wp-content\/uploads\/2025\/10\/sentier-enfant.webp\" data-object-fit=\"cover\" srcset=\"https:\/\/www.camping-au-mica.fr\/wp-content\/uploads\/2025\/10\/sentier-enfant.webp 619w, https:\/\/www.camping-au-mica.fr\/wp-content\/uploads\/2025\/10\/sentier-enfant-300x225.webp 300w, https:\/\/www.camping-au-mica.fr\/wp-content\/uploads\/2025\/10\/sentier-enfant-320x240.webp 320w, https:\/\/www.camping-au-mica.fr\/wp-content\/uploads\/2025\/10\/sentier-enfant-160x120.webp 160w\" sizes=\"auto, (max-width: 619px) 100vw, 619px\" \/><span aria-hidden=\"true\" class=\"wp-block-cover__background has-real-black-background-color has-background-dim-40 has-background-dim\"><\/span><div class=\"wp-block-cover__inner-container has-global-padding is-layout-constrained wp-container-core-cover-is-layout-69947183 wp-block-cover-is-layout-constrained\">\n<h2 class=\"wp-block-heading has-real-white-color has-text-color has-link-color has-xxxxl-font-size wp-elements-dca8eb5e09a2cfa244e586939a739c05\" style=\"margin-bottom:var(--wp--preset--spacing--xxl);line-height:1\">Wanderwege f\u00fcr Kinder<\/h2>\n\n\n\n<p class=\"has-real-white-color has-text-color has-link-color wp-elements-ac3b432264e9da08a84273f70dbe19b8\">Ein Spaziergang durch den Vogesenwald, bei dem Sie Spa\u00df haben und etwas \u00fcber die Flora und Fauna der Region lernen.<\/p>\n\n\n\n<div class=\"wp-block-buttons is-layout-flex wp-block-buttons-is-layout-flex\" style=\"padding-top:var(--wp--preset--spacing--m)\">\n<div class=\"wp-block-button is-style-button-filled-white is-style-button-filled-white--1\"><a class=\"wp-block-button__link has-real-white-color has-primary-background-color has-text-color has-background has-link-color wp-element-button\" href=\"https:\/\/www.bol-d-air.fr\/bol-d-air-la-bresse-vosges-activite-nature-parc-loisir?\" target=\"_blank\" rel=\"noreferrer noopener nofollow\">Entdecken Sie<\/a><\/div>\n<\/div>\n<\/div><\/div>\n<\/div>\n\n\n\n<div class=\"wp-block-column is-layout-flow wp-block-column-is-layout-flow\">\n<div class=\"wp-block-cover is-light has-aspect-ratio\" style=\"border-radius:8px;margin-top:0;margin-bottom:0;padding-top:var(--wp--preset--spacing--xxl);padding-right:var(--wp--preset--spacing--xxl);padding-bottom:var(--wp--preset--spacing--xxl);padding-left:var(--wp--preset--spacing--xxl);aspect-ratio:auto;min-height:unset;\"><img alt=\"\" loading=\"lazy\" decoding=\"async\" width=\"619\" height=\"464\" class=\"wp-block-cover__image-background wp-image-773 size-full\" alt=\"\" src=\"https:\/\/www.camping-au-mica.fr\/wp-content\/uploads\/2025\/10\/randonnees.webp\" data-object-fit=\"cover\" srcset=\"https:\/\/www.camping-au-mica.fr\/wp-content\/uploads\/2025\/10\/randonnees.webp 619w, https:\/\/www.camping-au-mica.fr\/wp-content\/uploads\/2025\/10\/randonnees-300x225.webp 300w, https:\/\/www.camping-au-mica.fr\/wp-content\/uploads\/2025\/10\/randonnees-320x240.webp 320w, https:\/\/www.camping-au-mica.fr\/wp-content\/uploads\/2025\/10\/randonnees-160x120.webp 160w\" sizes=\"auto, (max-width: 619px) 100vw, 619px\" \/><span aria-hidden=\"true\" class=\"wp-block-cover__background has-real-black-background-color has-background-dim-40 has-background-dim\"><\/span><div class=\"wp-block-cover__inner-container has-global-padding is-layout-constrained wp-container-core-cover-is-layout-69947183 wp-block-cover-is-layout-constrained\">\n<h2 class=\"wp-block-heading has-real-white-color has-text-color has-link-color has-xxxxl-font-size wp-elements-9af2caefcba8e00721118139e039f402\" style=\"margin-bottom:var(--wp--preset--spacing--s);line-height:1\">Die Wanderungen<\/h2>\n\n\n\n<p class=\"has-real-white-color has-text-color has-link-color wp-elements-7584cec73ba52b128c80036cb194580d\">Vom Campingplatz aus k\u00f6nnen Sie bis zu 100 km wandern (oder mit dem Mountainbike fahren). Danach gibt es noch 350 km markierte Wanderwege und&#8230; <\/p>\n\n\n\n<div class=\"wp-block-buttons is-layout-flex wp-block-buttons-is-layout-flex\" style=\"padding-top:var(--wp--preset--spacing--m)\">\n<div class=\"wp-block-button is-style-button-filled-white is-style-button-filled-white--2\"><a class=\"wp-block-button__link has-real-white-color has-primary-background-color has-text-color has-background has-link-color wp-element-button\" href=\"https:\/\/www.tourisme-corcieux.com\/\" target=\"_blank\" rel=\"noreferrer noopener nofollow\">Entdecken Sie<\/a><\/div>\n<\/div>\n<\/div><\/div>\n<\/div>\n<\/div>\n\n\n\n<div style=\"height:var(--wp--preset--spacing--m)\" aria-hidden=\"true\" class=\"wp-block-spacer\"><\/div>\n\n\n\n<div class=\"wp-block-columns alignfull is-style-hrz-reponsive-order is-layout-flex wp-container-core-columns-is-layout-22c076aa wp-block-columns-is-layout-flex\" style=\"margin-top:0;margin-bottom:0;padding-top:0;padding-right:var(--wp--preset--spacing--l);padding-bottom:0;padding-left:var(--wp--preset--spacing--l)\">\n<div class=\"wp-block-column is-layout-flow wp-block-column-is-layout-flow\">\n<div class=\"wp-block-cover is-light has-aspect-ratio\" style=\"border-radius:8px;margin-top:0;margin-bottom:0;padding-top:var(--wp--preset--spacing--xxl);padding-right:var(--wp--preset--spacing--xxl);padding-bottom:var(--wp--preset--spacing--xxl);padding-left:var(--wp--preset--spacing--xxl);aspect-ratio:auto;min-height:unset;\"><img alt=\"\" loading=\"lazy\" decoding=\"async\" width=\"619\" height=\"464\" class=\"wp-block-cover__image-background wp-image-775 size-full\" alt=\"\" src=\"https:\/\/www.camping-au-mica.fr\/wp-content\/uploads\/2025\/10\/canyoning.webp\" data-object-fit=\"cover\" srcset=\"https:\/\/www.camping-au-mica.fr\/wp-content\/uploads\/2025\/10\/canyoning.webp 619w, https:\/\/www.camping-au-mica.fr\/wp-content\/uploads\/2025\/10\/canyoning-300x225.webp 300w, https:\/\/www.camping-au-mica.fr\/wp-content\/uploads\/2025\/10\/canyoning-320x240.webp 320w, https:\/\/www.camping-au-mica.fr\/wp-content\/uploads\/2025\/10\/canyoning-160x120.webp 160w\" sizes=\"auto, (max-width: 619px) 100vw, 619px\" \/><span aria-hidden=\"true\" class=\"wp-block-cover__background has-real-black-background-color has-background-dim-40 has-background-dim\"><\/span><div class=\"wp-block-cover__inner-container has-global-padding is-layout-constrained wp-container-core-cover-is-layout-69947183 wp-block-cover-is-layout-constrained\">\n<h2 class=\"wp-block-heading has-real-white-color has-text-color has-link-color has-xxxxl-font-size wp-elements-53a3b9d889a56bfed36f6217144ba441\" style=\"margin-bottom:var(--wp--preset--spacing--xxl);line-height:1\">Canyoning, Via Ferrata, Klettern<\/h2>\n\n\n\n<p class=\"has-real-white-color has-text-color has-link-color wp-elements-52447c09f86eb24c581c3b50dc9023a1\">Erfahrene Skilehrer f\u00fchren Sie sicher durch den Familienurlaub.<\/p>\n\n\n\n<div class=\"wp-block-buttons is-layout-flex wp-block-buttons-is-layout-flex\" style=\"padding-top:var(--wp--preset--spacing--m)\">\n<div class=\"wp-block-button is-style-button-filled-white is-style-button-filled-white--3\"><a class=\"wp-block-button__link has-real-white-color has-primary-background-color has-text-color has-background has-link-color wp-element-button\" href=\"https:\/\/verticales-vosges.com\/\" target=\"_blank\" rel=\"noreferrer noopener nofollow\">Entdecken Sie<\/a><\/div>\n<\/div>\n<\/div><\/div>\n<\/div>\n\n\n\n<div class=\"wp-block-column is-layout-flow wp-block-column-is-layout-flow\">\n<div class=\"wp-block-cover is-light has-aspect-ratio\" style=\"border-radius:8px;margin-top:0;margin-bottom:0;padding-top:var(--wp--preset--spacing--xxl);padding-right:var(--wp--preset--spacing--xxl);padding-bottom:var(--wp--preset--spacing--xxl);padding-left:var(--wp--preset--spacing--xxl);aspect-ratio:auto;min-height:unset;\"><img alt=\"\" loading=\"lazy\" decoding=\"async\" width=\"619\" height=\"464\" class=\"wp-block-cover__image-background wp-image-772 size-full\" alt=\"\" src=\"https:\/\/www.camping-au-mica.fr\/wp-content\/uploads\/2025\/10\/mine.webp\" data-object-fit=\"cover\" srcset=\"https:\/\/www.camping-au-mica.fr\/wp-content\/uploads\/2025\/10\/mine.webp 619w, https:\/\/www.camping-au-mica.fr\/wp-content\/uploads\/2025\/10\/mine-300x225.webp 300w, https:\/\/www.camping-au-mica.fr\/wp-content\/uploads\/2025\/10\/mine-320x240.webp 320w, https:\/\/www.camping-au-mica.fr\/wp-content\/uploads\/2025\/10\/mine-160x120.webp 160w\" sizes=\"auto, (max-width: 619px) 100vw, 619px\" \/><span aria-hidden=\"true\" class=\"wp-block-cover__background has-real-black-background-color has-background-dim-40 has-background-dim\"><\/span><div class=\"wp-block-cover__inner-container has-global-padding is-layout-constrained wp-container-core-cover-is-layout-69947183 wp-block-cover-is-layout-constrained\">\n<h2 class=\"wp-block-heading has-real-white-color has-text-color has-link-color has-xxxxl-font-size wp-elements-02c89667802d05504b11dae8bdbc1e9d\" style=\"margin-bottom:var(--wp--preset--spacing--xxl);line-height:1\">Hautes-Mynes du Thillot<\/h2>\n\n\n\n<p class=\"has-real-white-color has-text-color has-link-color wp-elements-92f1049c68a19da0bf3865fff3f512f1\">Bei bew\u00f6lktem Himmel k\u00f6nnen Sie die Mine von Le Thillot entdecken, die von einem F\u00fchrer erl\u00e4utert wird.  <\/p>\n\n\n\n<div class=\"wp-block-buttons is-layout-flex wp-block-buttons-is-layout-flex\" style=\"padding-top:var(--wp--preset--spacing--m)\">\n<div class=\"wp-block-button is-style-button-filled-white is-style-button-filled-white--4\"><a class=\"wp-block-button__link has-real-white-color has-primary-background-color has-text-color has-background has-link-color wp-element-button\" href=\"https:\/\/www.hautesmynes.com\/\" target=\"_blank\" rel=\"noreferrer noopener nofollow\">Button Label<\/a><\/div>\n<\/div>\n<\/div><\/div>\n<\/div>\n<\/div>\n\n\n\n<div style=\"height:var(--wp--preset--spacing--m)\" aria-hidden=\"true\" class=\"wp-block-spacer\"><\/div>\n\n\n\n<div class=\"wp-block-columns alignfull is-style-hrz-reponsive-order is-layout-flex wp-container-core-columns-is-layout-22c076aa wp-block-columns-is-layout-flex\" style=\"margin-top:0;margin-bottom:0;padding-top:0;padding-right:var(--wp--preset--spacing--l);padding-bottom:0;padding-left:var(--wp--preset--spacing--l)\">\n<div class=\"wp-block-column is-layout-flow wp-block-column-is-layout-flow\" style=\"flex-basis:49%\">\n<div class=\"wp-block-cover is-light has-aspect-ratio\" style=\"border-radius:8px;margin-top:0;margin-bottom:0;padding-top:var(--wp--preset--spacing--xxl);padding-right:var(--wp--preset--spacing--xxl);padding-bottom:var(--wp--preset--spacing--xxl);padding-left:var(--wp--preset--spacing--xxl);aspect-ratio:auto;min-height:unset;\"><img alt=\"\" loading=\"lazy\" decoding=\"async\" width=\"619\" height=\"464\" class=\"wp-block-cover__image-background wp-image-776 size-full\" alt=\"\" src=\"https:\/\/www.camping-au-mica.fr\/wp-content\/uploads\/2025\/10\/ferme-aventure.webp\" data-object-fit=\"cover\" srcset=\"https:\/\/www.camping-au-mica.fr\/wp-content\/uploads\/2025\/10\/ferme-aventure.webp 619w, https:\/\/www.camping-au-mica.fr\/wp-content\/uploads\/2025\/10\/ferme-aventure-300x225.webp 300w, https:\/\/www.camping-au-mica.fr\/wp-content\/uploads\/2025\/10\/ferme-aventure-320x240.webp 320w, https:\/\/www.camping-au-mica.fr\/wp-content\/uploads\/2025\/10\/ferme-aventure-160x120.webp 160w\" sizes=\"auto, (max-width: 619px) 100vw, 619px\" \/><span aria-hidden=\"true\" class=\"wp-block-cover__background has-real-black-background-color has-background-dim-40 has-background-dim\"><\/span><div class=\"wp-block-cover__inner-container has-global-padding is-layout-constrained wp-container-core-cover-is-layout-69947183 wp-block-cover-is-layout-constrained\">\n<h2 class=\"wp-block-heading has-real-white-color has-text-color has-link-color has-xxxxl-font-size wp-elements-f95c751e1da0dd45ecc7dd0298cf938f\" style=\"margin-bottom:var(--wp--preset--spacing--xxl);line-height:1\">Erlebnisbauernhof<\/h2>\n\n\n\n<p class=\"has-real-white-color has-text-color has-link-color wp-elements-88d758356ef4648b01afc2af1c99cb7d\">Die Ferme Aventure in La Chapelle aux Bois l\u00e4dt Sie ein, im Herzen der Vogesen einen ungew\u00f6hnlichen Ausflug in den ersten Barfu\u00dfpark Frankreichs zu erleben!<\/p>\n\n\n\n<div class=\"wp-block-buttons is-layout-flex wp-block-buttons-is-layout-flex\" style=\"padding-top:var(--wp--preset--spacing--m)\">\n<div class=\"wp-block-button is-style-button-filled-white is-style-button-filled-white--5\"><a class=\"wp-block-button__link has-real-white-color has-primary-background-color has-text-color has-background has-link-color wp-element-button\" href=\"https:\/\/www.la-ferme-aventure.fr\/\" target=\"_blank\" rel=\"noreferrer noopener nofollow\">Entdecken Sie<\/a><\/div>\n<\/div>\n<\/div><\/div>\n<\/div>\n<\/div>\n<\/div>\n\n<div style=\"height:var(--wp--preset--spacing--xxl)\" aria-hidden=\"true\" class=\"wp-block-spacer\"><\/div>\n","protected":false},"excerpt":{"rendered":"<p>Ideal f\u00fcr Familien Aktivit\u00e4ten f\u00fcr die ganze Familie rund um den Campingplatz Au Mica.<\/p>\n","protected":false},"author":1,"featured_media":0,"parent":0,"menu_order":0,"comment_status":"closed","ping_status":"closed","template":"page-no-title","meta":{"_acf_changed":false,"_seopress_robots_primary_cat":"","_seopress_titles_title":"Campingplatz mit Aktivit\u00e4ten Corcieux | Sportliche Aktivit\u00e4ten auf dem Campingplatz in den Vogesen","_seopress_titles_desc":"Lust auf einen aktiven Urlaub in Corcieux? Unser Campingplatz bietet sportliche Aktivit\u00e4ten f\u00fcr die ganze Familie in den Vogesen. ","_seopress_robots_index":"","footnotes":""},"class_list":["post-1890","page","type-page","status-publish","hentry"],"acf":[],"_links":{"self":[{"href":"https:\/\/www.camping-au-mica.fr\/de\/wp-json\/wp\/v2\/pages\/1890","targetHints":{"allow":["GET"]}}],"collection":[{"href":"https:\/\/www.camping-au-mica.fr\/de\/wp-json\/wp\/v2\/pages"}],"about":[{"href":"https:\/\/www.camping-au-mica.fr\/de\/wp-json\/wp\/v2\/types\/page"}],"author":[{"embeddable":true,"href":"https:\/\/www.camping-au-mica.fr\/de\/wp-json\/wp\/v2\/users\/1"}],"replies":[{"embeddable":true,"href":"https:\/\/www.camping-au-mica.fr\/de\/wp-json\/wp\/v2\/comments?post=1890"}],"version-history":[{"count":2,"href":"https:\/\/www.camping-au-mica.fr\/de\/wp-json\/wp\/v2\/pages\/1890\/revisions"}],"predecessor-version":[{"id":2838,"href":"https:\/\/www.camping-au-mica.fr\/de\/wp-json\/wp\/v2\/pages\/1890\/revisions\/2838"}],"wp:attachment":[{"href":"https:\/\/www.camping-au-mica.fr\/de\/wp-json\/wp\/v2\/media?parent=1890"}],"curies":[{"name":"wp","href":"https:\/\/api.w.org\/{rel}","templated":true}]}}