{"id":1876,"date":"2025-10-02T10:31:55","date_gmt":"2025-10-02T08:31:55","guid":{"rendered":"https:\/\/www.camping-au-mica.fr\/fotogalerie\/"},"modified":"2025-12-11T11:47:10","modified_gmt":"2025-12-11T10:47:10","slug":"fotogalerie","status":"publish","type":"page","link":"https:\/\/www.camping-au-mica.fr\/de\/fotogalerie\/","title":{"rendered":"Fotogalerie"},"content":{"rendered":"\n<div class=\"wp-block-group alignfull hero-lab hrz-hero has-global-padding is-layout-constrained wp-container-core-group-is-layout-812dcb84 wp-block-group-is-layout-constrained has-background\" style=\"padding-top:var(--wp--preset--spacing--xxxxxxl);padding-bottom:var(--wp--preset--spacing--xxxxxxl);background-image:url(&apos;https:\/\/www.camping-au-mica.fr\/wp-content\/uploads\/2025\/10\/location-bord-lac.webp&apos;);background-size:cover;\"><\/div>\n<div style=\"padding-left:var(--wp--preset--spacing--s);padding-top:var(--wp--preset--spacing--s);padding-bottom:var(--wp--preset--spacing--s);\" class=\"alignfull wp-elements-5cd3591c1ade14a972751d58f754b855 wp-block-wpseopress-breadcrumbs has-text-color has-primary-color\"><nav  aria-label=\"breadcrumb\"><ol class=\"breadcrumb\" itemscope itemtype=\"https:\/\/schema.org\/BreadcrumbList\"><li class=\"breadcrumb-item active\" aria-current=\"page\" itemprop=\"itemListElement\" itemscope itemtype=\"https:\/\/schema.org\/ListItem\"><span itemprop=\"name\">Camping \u00e0 Corcieux<\/span><meta itemprop=\"position\" content=\"1\"><\/li><\/ol><\/nav><\/div>\n<div class=\"wp-block-group alignfull has-global-padding is-layout-constrained wp-container-core-group-is-layout-1e77583b wp-block-group-is-layout-constrained\" style=\"padding-right:var(--wp--preset--spacing--xs);padding-left:var(--wp--preset--spacing--xs)\">\n<div class=\"wp-block-group has-global-padding is-layout-constrained wp-container-core-group-is-layout-41c22256 wp-block-group-is-layout-constrained\" style=\"padding-right:var(--wp--preset--spacing--l);padding-left:var(--wp--preset--spacing--l)\">\n<h1 class=\"wp-block-heading has-text-align-center has-primary-color has-text-color has-link-color wp-elements-e7141f6ba586e5cfc511a1e971fa7e33\">Fotogalerie<\/h1>\n\n\n\n<p class=\"has-text-align-center\">Besuchen Sie unseren Campingplatz inmitten der Natur mit Wald, Fischteich, Bach, ungew\u00f6hnlichen H\u00fctten, Chalets, Stellpl\u00e4tzen, Spielplatz, beheiztem Schwimmbad\/Planschbecken&#8230;&#8230;<\/p>\n<\/div>\n<\/div>\n\n<div style=\"height:var(--wp--preset--spacing--xxl)\" aria-hidden=\"true\" class=\"wp-block-spacer\"><\/div>\n\n<div class=\"wp-block-group alignfull has-global-padding is-layout-constrained wp-container-core-group-is-layout-1e77583b wp-block-group-is-layout-constrained\" style=\"padding-right:var(--wp--preset--spacing--xs);padding-left:var(--wp--preset--spacing--xs)\">\n<div class=\"wp-block-group alignwide hrz-galerie-2 swiper is-layout-flow wp-block-group-is-layout-flow\" style=\"padding-top:var(--wp--preset--spacing--xs);padding-right:var(--wp--preset--spacing--xs);padding-bottom:var(--wp--preset--spacing--xs);padding-left:var(--wp--preset--spacing--xs)\">\n<div class=\"wp-block-group alignwide swiper-wrapper is-layout-flow wp-block-group-is-layout-flow\">\n<figure class=\"wp-block-image size-large has-custom-border swiper-slide\"><a href=\"https:\/\/www.camping-au-mica.fr\/wp-content\/uploads\/2025\/10\/au-bord-de-l-eau-scaled.webp\" rel=\"mosaique\"><img alt=\"\" loading=\"lazy\" decoding=\"async\" width=\"1024\" height=\"768\" src=\"https:\/\/www.camping-au-mica.fr\/wp-content\/uploads\/2025\/10\/au-bord-de-l-eau-1024x768.webp\" alt=\"\" class=\"wp-image-692\" style=\"border-radius:8px;aspect-ratio:16\/9;object-fit:cover\" srcset=\"https:\/\/www.camping-au-mica.fr\/wp-content\/uploads\/2025\/10\/au-bord-de-l-eau-1024x768.webp 1024w, https:\/\/www.camping-au-mica.fr\/wp-content\/uploads\/2025\/10\/au-bord-de-l-eau-300x225.webp 300w, https:\/\/www.camping-au-mica.fr\/wp-content\/uploads\/2025\/10\/au-bord-de-l-eau-768x576.webp 768w, https:\/\/www.camping-au-mica.fr\/wp-content\/uploads\/2025\/10\/au-bord-de-l-eau-1440x1080.webp 1440w, https:\/\/www.camping-au-mica.fr\/wp-content\/uploads\/2025\/10\/au-bord-de-l-eau-720x540.webp 720w, https:\/\/www.camping-au-mica.fr\/wp-content\/uploads\/2025\/10\/au-bord-de-l-eau-320x240.webp 320w, https:\/\/www.camping-au-mica.fr\/wp-content\/uploads\/2025\/10\/au-bord-de-l-eau-160x120.webp 160w\" sizes=\"auto, (max-width: 1024px) 100vw, 1024px\" \/><\/a><\/figure>\n\n\n\n<figure class=\"wp-block-image size-large has-custom-border swiper-slide\"><a href=\"https:\/\/www.camping-au-mica.fr\/wp-content\/uploads\/2025\/10\/hotel-insectes.webp\" rel=\"hrz-galerie-2\"><img alt=\"\" loading=\"lazy\" decoding=\"async\" width=\"784\" height=\"1024\" src=\"https:\/\/www.camping-au-mica.fr\/wp-content\/uploads\/2025\/10\/hotel-insectes-784x1024.webp\" alt=\"\" class=\"wp-image-646\" style=\"border-radius:8px;aspect-ratio:3\/4;object-fit:cover\" srcset=\"https:\/\/www.camping-au-mica.fr\/wp-content\/uploads\/2025\/10\/hotel-insectes-784x1024.webp 784w, https:\/\/www.camping-au-mica.fr\/wp-content\/uploads\/2025\/10\/hotel-insectes-230x300.webp 230w, https:\/\/www.camping-au-mica.fr\/wp-content\/uploads\/2025\/10\/hotel-insectes-768x1004.webp 768w, https:\/\/www.camping-au-mica.fr\/wp-content\/uploads\/2025\/10\/hotel-insectes.webp 1959w\" sizes=\"auto, (max-width: 784px) 100vw, 784px\" \/><\/a><\/figure>\n\n\n\n<figure class=\"wp-block-image size-large has-custom-border swiper-slide\"><a href=\"https:\/\/www.camping-au-mica.fr\/wp-content\/uploads\/2025\/10\/loto-team-animation.webp\" rel=\"hrz-galerie-2\"><img alt=\"\" loading=\"lazy\" decoding=\"async\" width=\"1024\" height=\"768\" src=\"https:\/\/www.camping-au-mica.fr\/wp-content\/uploads\/2025\/10\/loto-team-animation-1024x768.webp\" alt=\"\" class=\"wp-image-685\" style=\"border-radius:8px;aspect-ratio:1;object-fit:cover\" srcset=\"https:\/\/www.camping-au-mica.fr\/wp-content\/uploads\/2025\/10\/loto-team-animation-1024x768.webp 1024w, https:\/\/www.camping-au-mica.fr\/wp-content\/uploads\/2025\/10\/loto-team-animation-300x225.webp 300w, https:\/\/www.camping-au-mica.fr\/wp-content\/uploads\/2025\/10\/loto-team-animation-768x576.webp 768w, https:\/\/www.camping-au-mica.fr\/wp-content\/uploads\/2025\/10\/loto-team-animation-720x540.webp 720w, https:\/\/www.camping-au-mica.fr\/wp-content\/uploads\/2025\/10\/loto-team-animation-320x240.webp 320w, https:\/\/www.camping-au-mica.fr\/wp-content\/uploads\/2025\/10\/loto-team-animation-160x120.webp 160w, https:\/\/www.camping-au-mica.fr\/wp-content\/uploads\/2025\/10\/loto-team-animation.webp 1280w\" sizes=\"auto, (max-width: 1024px) 100vw, 1024px\" \/><\/a><\/figure>\n\n\n\n<figure class=\"wp-block-image size-large has-custom-border swiper-slide\"><a href=\"https:\/\/www.camping-au-mica.fr\/wp-content\/uploads\/2025\/10\/jeux-au-mica.webp\" rel=\"hrz-galerie-2\"><img alt=\"\" loading=\"lazy\" decoding=\"async\" width=\"1024\" height=\"650\" src=\"https:\/\/www.camping-au-mica.fr\/wp-content\/uploads\/2025\/10\/jeux-au-mica-1024x650.webp\" alt=\"\" class=\"wp-image-637\" style=\"border-radius:8px;aspect-ratio:4\/3;object-fit:cover\" srcset=\"https:\/\/www.camping-au-mica.fr\/wp-content\/uploads\/2025\/10\/jeux-au-mica-1024x650.webp 1024w, https:\/\/www.camping-au-mica.fr\/wp-content\/uploads\/2025\/10\/jeux-au-mica-300x191.webp 300w, https:\/\/www.camping-au-mica.fr\/wp-content\/uploads\/2025\/10\/jeux-au-mica-768x488.webp 768w\" sizes=\"auto, (max-width: 1024px) 100vw, 1024px\" \/><\/a><\/figure>\n\n\n\n<figure class=\"wp-block-image size-large has-custom-border swiper-slide\"><a href=\"https:\/\/www.camping-au-mica.fr\/wp-content\/uploads\/2025\/10\/famille-pataugeoire.webp\" rel=\"hrz-galerie-2\"><img alt=\"\" loading=\"lazy\" decoding=\"async\" width=\"1024\" height=\"648\" src=\"https:\/\/www.camping-au-mica.fr\/wp-content\/uploads\/2025\/10\/famille-pataugeoire-1024x648.webp\" alt=\"\" class=\"wp-image-323\" style=\"border-radius:8px;aspect-ratio:4\/3;object-fit:cover\" srcset=\"https:\/\/www.camping-au-mica.fr\/wp-content\/uploads\/2025\/10\/famille-pataugeoire-1024x648.webp 1024w, https:\/\/www.camping-au-mica.fr\/wp-content\/uploads\/2025\/10\/famille-pataugeoire-300x190.webp 300w, https:\/\/www.camping-au-mica.fr\/wp-content\/uploads\/2025\/10\/famille-pataugeoire-768x486.webp 768w\" sizes=\"auto, (max-width: 1024px) 100vw, 1024px\" \/><\/a><\/figure>\n\n\n\n<figure class=\"wp-block-image size-large has-custom-border swiper-slide\"><a href=\"https:\/\/www.camping-au-mica.fr\/wp-content\/uploads\/2025\/10\/petit-dejeuner.webp\" rel=\"hrz-galerie-2\"><img alt=\"\" loading=\"lazy\" decoding=\"async\" width=\"1024\" height=\"591\" src=\"https:\/\/www.camping-au-mica.fr\/wp-content\/uploads\/2025\/10\/petit-dejeuner-1024x591.webp\" alt=\"\" class=\"wp-image-672\" style=\"border-radius:8px;aspect-ratio:4\/3;object-fit:cover\" srcset=\"https:\/\/www.camping-au-mica.fr\/wp-content\/uploads\/2025\/10\/petit-dejeuner-1024x591.webp 1024w, https:\/\/www.camping-au-mica.fr\/wp-content\/uploads\/2025\/10\/petit-dejeuner-300x173.webp 300w, https:\/\/www.camping-au-mica.fr\/wp-content\/uploads\/2025\/10\/petit-dejeuner-768x443.webp 768w\" sizes=\"auto, (max-width: 1024px) 100vw, 1024px\" \/><\/a><\/figure>\n\n\n\n<figure class=\"wp-block-image size-large has-custom-border swiper-slide\"><a href=\"https:\/\/www.camping-au-mica.fr\/wp-content\/uploads\/2025\/10\/grand-bassin.webp\" rel=\"hrz-galerie-2\"><img alt=\"\" loading=\"lazy\" decoding=\"async\" width=\"1024\" height=\"657\" src=\"https:\/\/www.camping-au-mica.fr\/wp-content\/uploads\/2025\/10\/grand-bassin-1024x657.webp\" alt=\"\" class=\"wp-image-320\" style=\"border-radius:8px;aspect-ratio:4\/3;object-fit:cover\" srcset=\"https:\/\/www.camping-au-mica.fr\/wp-content\/uploads\/2025\/10\/grand-bassin-1024x657.webp 1024w, https:\/\/www.camping-au-mica.fr\/wp-content\/uploads\/2025\/10\/grand-bassin-300x192.webp 300w, https:\/\/www.camping-au-mica.fr\/wp-content\/uploads\/2025\/10\/grand-bassin-768x492.webp 768w\" sizes=\"auto, (max-width: 1024px) 100vw, 1024px\" \/><\/a><\/figure>\n\n\n\n<figure class=\"wp-block-image size-large has-custom-border swiper-slide\"><a href=\"https:\/\/www.camping-au-mica.fr\/wp-content\/uploads\/2025\/10\/degustation-vin-1024x576.webp\" rel=\"hrz-galerie-2\"><img alt=\"\" loading=\"lazy\" decoding=\"async\" width=\"1024\" height=\"576\" src=\"https:\/\/www.camping-au-mica.fr\/wp-content\/uploads\/2025\/10\/degustation-vin-1024x576.webp\" alt=\"\" class=\"wp-image-690\" style=\"border-radius:8px;aspect-ratio:3\/4;object-fit:cover\" srcset=\"https:\/\/www.camping-au-mica.fr\/wp-content\/uploads\/2025\/10\/degustation-vin-1024x576.webp 1024w, https:\/\/www.camping-au-mica.fr\/wp-content\/uploads\/2025\/10\/degustation-vin-300x169.webp 300w, https:\/\/www.camping-au-mica.fr\/wp-content\/uploads\/2025\/10\/degustation-vin-768x432.webp 768w, https:\/\/www.camping-au-mica.fr\/wp-content\/uploads\/2025\/10\/degustation-vin-1440x810.webp 1440w, https:\/\/www.camping-au-mica.fr\/wp-content\/uploads\/2025\/10\/degustation-vin-1366x768.webp 1366w, https:\/\/www.camping-au-mica.fr\/wp-content\/uploads\/2025\/10\/degustation-vin-375x210.webp 375w, https:\/\/www.camping-au-mica.fr\/wp-content\/uploads\/2025\/10\/degustation-vin-200x112.webp 200w, https:\/\/www.camping-au-mica.fr\/wp-content\/uploads\/2025\/10\/degustation-vin.webp 1600w\" sizes=\"auto, (max-width: 1024px) 100vw, 1024px\" \/><\/a><\/figure>\n\n\n\n<figure class=\"wp-block-image size-large has-custom-border swiper-slide\"><a href=\"https:\/\/www.camping-au-mica.fr\/wp-content\/uploads\/2025\/10\/vue-locatif.webp\" rel=\"mosaique\"><img alt=\"\" loading=\"lazy\" decoding=\"async\" width=\"683\" height=\"1024\" src=\"https:\/\/www.camping-au-mica.fr\/wp-content\/uploads\/2025\/10\/vue-locatif-683x1024.webp\" alt=\"\" class=\"wp-image-313\" style=\"border-radius:8px;aspect-ratio:3\/2;object-fit:cover\" srcset=\"https:\/\/www.camping-au-mica.fr\/wp-content\/uploads\/2025\/10\/vue-locatif-683x1024.webp 683w, https:\/\/www.camping-au-mica.fr\/wp-content\/uploads\/2025\/10\/vue-locatif-200x300.webp 200w, https:\/\/www.camping-au-mica.fr\/wp-content\/uploads\/2025\/10\/vue-locatif-768x1152.webp 768w, https:\/\/www.camping-au-mica.fr\/wp-content\/uploads\/2025\/10\/vue-locatif-133x199.webp 133w, https:\/\/www.camping-au-mica.fr\/wp-content\/uploads\/2025\/10\/vue-locatif.webp 1667w\" sizes=\"auto, (max-width: 683px) 100vw, 683px\" \/><\/a><\/figure>\n\n\n\n<figure class=\"wp-block-image size-large has-custom-border swiper-slide\"><a href=\"https:\/\/www.camping-au-mica.fr\/wp-content\/uploads\/2025\/10\/bibiliotheque-scaled.webp\" rel=\"mosaique\"><img alt=\"\" loading=\"lazy\" decoding=\"async\" width=\"1024\" height=\"768\" src=\"https:\/\/www.camping-au-mica.fr\/wp-content\/uploads\/2025\/10\/bibiliotheque-1024x768.webp\" alt=\"\" class=\"wp-image-688\" style=\"border-radius:8px;aspect-ratio:3\/4;object-fit:cover\" srcset=\"https:\/\/www.camping-au-mica.fr\/wp-content\/uploads\/2025\/10\/bibiliotheque-1024x768.webp 1024w, https:\/\/www.camping-au-mica.fr\/wp-content\/uploads\/2025\/10\/bibiliotheque-300x225.webp 300w, https:\/\/www.camping-au-mica.fr\/wp-content\/uploads\/2025\/10\/bibiliotheque-768x576.webp 768w, https:\/\/www.camping-au-mica.fr\/wp-content\/uploads\/2025\/10\/bibiliotheque-1440x1080.webp 1440w, https:\/\/www.camping-au-mica.fr\/wp-content\/uploads\/2025\/10\/bibiliotheque-720x540.webp 720w, https:\/\/www.camping-au-mica.fr\/wp-content\/uploads\/2025\/10\/bibiliotheque-320x240.webp 320w, https:\/\/www.camping-au-mica.fr\/wp-content\/uploads\/2025\/10\/bibiliotheque-160x120.webp 160w\" sizes=\"auto, (max-width: 1024px) 100vw, 1024px\" \/><\/a><\/figure>\n\n\n\n<figure class=\"wp-block-image size-large has-custom-border swiper-slide\"><a href=\"https:\/\/www.camping-au-mica.fr\/wp-content\/uploads\/2025\/10\/accueil-camping.webp\" rel=\"mosaique\"><img alt=\"\" loading=\"lazy\" decoding=\"async\" width=\"1024\" height=\"614\" src=\"https:\/\/www.camping-au-mica.fr\/wp-content\/uploads\/2025\/10\/accueil-camping-1024x614.webp\" alt=\"\" class=\"wp-image-302\" style=\"border-radius:8px;aspect-ratio:3\/4;object-fit:cover\" srcset=\"https:\/\/www.camping-au-mica.fr\/wp-content\/uploads\/2025\/10\/accueil-camping-1024x614.webp 1024w, https:\/\/www.camping-au-mica.fr\/wp-content\/uploads\/2025\/10\/accueil-camping-300x180.webp 300w, https:\/\/www.camping-au-mica.fr\/wp-content\/uploads\/2025\/10\/accueil-camping-768x461.webp 768w\" sizes=\"auto, (max-width: 1024px) 100vw, 1024px\" \/><\/a><\/figure>\n\n\n\n<figure class=\"wp-block-image size-large has-custom-border swiper-slide\"><a href=\"https:\/\/www.camping-au-mica.fr\/wp-content\/uploads\/2025\/10\/peche.webp\" rel=\"mosaique\"><img alt=\"\" loading=\"lazy\" decoding=\"async\" width=\"1024\" height=\"609\" src=\"https:\/\/www.camping-au-mica.fr\/wp-content\/uploads\/2025\/10\/peche-1024x609.webp\" alt=\"\" class=\"wp-image-306\" style=\"border-radius:8px;aspect-ratio:3\/4;object-fit:cover\" srcset=\"https:\/\/www.camping-au-mica.fr\/wp-content\/uploads\/2025\/10\/peche-1024x609.webp 1024w, https:\/\/www.camping-au-mica.fr\/wp-content\/uploads\/2025\/10\/peche-300x178.webp 300w, https:\/\/www.camping-au-mica.fr\/wp-content\/uploads\/2025\/10\/peche-768x457.webp 768w\" sizes=\"auto, (max-width: 1024px) 100vw, 1024px\" \/><\/a><\/figure>\n\n\n\n<figure class=\"wp-block-image size-large has-custom-border swiper-slide\"><a href=\"https:\/\/www.camping-au-mica.fr\/wp-content\/uploads\/2025\/10\/jeu-ruisseau-scaled.webp\" rel=\"mosaique\"><img alt=\"\" loading=\"lazy\" decoding=\"async\" width=\"1024\" height=\"576\" src=\"https:\/\/www.camping-au-mica.fr\/wp-content\/uploads\/2025\/10\/jeu-ruisseau-1024x576.webp\" alt=\"\" class=\"wp-image-684\" style=\"border-radius:8px;aspect-ratio:1;object-fit:cover\" srcset=\"https:\/\/www.camping-au-mica.fr\/wp-content\/uploads\/2025\/10\/jeu-ruisseau-1024x576.webp 1024w, https:\/\/www.camping-au-mica.fr\/wp-content\/uploads\/2025\/10\/jeu-ruisseau-300x169.webp 300w, https:\/\/www.camping-au-mica.fr\/wp-content\/uploads\/2025\/10\/jeu-ruisseau-768x432.webp 768w, https:\/\/www.camping-au-mica.fr\/wp-content\/uploads\/2025\/10\/jeu-ruisseau-1920x1080.webp 1920w, https:\/\/www.camping-au-mica.fr\/wp-content\/uploads\/2025\/10\/jeu-ruisseau-1440x810.webp 1440w, https:\/\/www.camping-au-mica.fr\/wp-content\/uploads\/2025\/10\/jeu-ruisseau-1366x768.webp 1366w, https:\/\/www.camping-au-mica.fr\/wp-content\/uploads\/2025\/10\/jeu-ruisseau-375x210.webp 375w, https:\/\/www.camping-au-mica.fr\/wp-content\/uploads\/2025\/10\/jeu-ruisseau-200x112.webp 200w\" sizes=\"auto, (max-width: 1024px) 100vw, 1024px\" \/><\/a><\/figure>\n\n\n\n<figure class=\"wp-block-image size-large has-custom-border swiper-slide\"><a href=\"https:\/\/www.camping-au-mica.fr\/wp-content\/uploads\/2025\/10\/mini-clubecamping.webp\" rel=\"mosaique\"><img alt=\"\" loading=\"lazy\" decoding=\"async\" width=\"768\" height=\"1024\" src=\"https:\/\/www.camping-au-mica.fr\/wp-content\/uploads\/2025\/10\/mini-clubecamping-768x1024.webp\" alt=\"\" class=\"wp-image-314\" style=\"border-radius:8px;aspect-ratio:1;object-fit:cover\" srcset=\"https:\/\/www.camping-au-mica.fr\/wp-content\/uploads\/2025\/10\/mini-clubecamping-768x1024.webp 768w, https:\/\/www.camping-au-mica.fr\/wp-content\/uploads\/2025\/10\/mini-clubecamping-225x300.webp 225w, https:\/\/www.camping-au-mica.fr\/wp-content\/uploads\/2025\/10\/mini-clubecamping-133x177.webp 133w, https:\/\/www.camping-au-mica.fr\/wp-content\/uploads\/2025\/10\/mini-clubecamping.webp 1875w\" sizes=\"auto, (max-width: 768px) 100vw, 768px\" \/><\/a><\/figure>\n<\/div>\n\n\n\n<div class=\"wp-block-group is-relative is-content-justification-left is-nowrap is-layout-flex wp-container-core-group-is-layout-03554c85 wp-block-group-is-layout-flex\" style=\"padding-top:var(--wp--preset--spacing--m);padding-left:0\">\n<div class=\"wp-block-group hrz-galerie-2-pagination hrz-slider-dots has-global-padding is-content-justification-center is-layout-constrained wp-block-group-is-layout-constrained\" style=\"border-radius:8px\"><\/div>\n<\/div>\n<\/div>\n<\/div>\n","protected":false},"excerpt":{"rendered":"<p>Fotogalerie Besuchen Sie unseren Campingplatz inmitten der Natur mit Wald, Fischteich, Bach, ungew\u00f6hnlichen H\u00fctten, Chalets, Stellpl\u00e4tzen, Spielplatz, beheiztem Schwimmbad\/Planschbecken&#8230;&#8230;<\/p>\n","protected":false},"author":1,"featured_media":0,"parent":0,"menu_order":0,"comment_status":"closed","ping_status":"closed","template":"page-no-title","meta":{"_acf_changed":false,"_seopress_robots_primary_cat":"","_seopress_titles_title":"Fotogalerie Campingplatz Au mica Corcieux | Der Campingplatz in Bildern","_seopress_titles_desc":"Reisen Sie in Bildern zum Campingplatz Au mica in Corcieux. Entdecken Sie auf diesen Bildern die Vorz\u00fcge unseres 3-Sterne-Campingplatzes in den Vogesen. ","_seopress_robots_index":"","footnotes":""},"class_list":["post-1876","page","type-page","status-publish","hentry"],"acf":[],"_links":{"self":[{"href":"https:\/\/www.camping-au-mica.fr\/de\/wp-json\/wp\/v2\/pages\/1876","targetHints":{"allow":["GET"]}}],"collection":[{"href":"https:\/\/www.camping-au-mica.fr\/de\/wp-json\/wp\/v2\/pages"}],"about":[{"href":"https:\/\/www.camping-au-mica.fr\/de\/wp-json\/wp\/v2\/types\/page"}],"author":[{"embeddable":true,"href":"https:\/\/www.camping-au-mica.fr\/de\/wp-json\/wp\/v2\/users\/1"}],"replies":[{"embeddable":true,"href":"https:\/\/www.camping-au-mica.fr\/de\/wp-json\/wp\/v2\/comments?post=1876"}],"version-history":[{"count":3,"href":"https:\/\/www.camping-au-mica.fr\/de\/wp-json\/wp\/v2\/pages\/1876\/revisions"}],"predecessor-version":[{"id":2850,"href":"https:\/\/www.camping-au-mica.fr\/de\/wp-json\/wp\/v2\/pages\/1876\/revisions\/2850"}],"wp:attachment":[{"href":"https:\/\/www.camping-au-mica.fr\/de\/wp-json\/wp\/v2\/media?parent=1876"}],"curies":[{"name":"wp","href":"https:\/\/api.w.org\/{rel}","templated":true}]}}