{"id":1866,"date":"2025-10-02T10:31:57","date_gmt":"2025-10-02T08:31:57","guid":{"rendered":"https:\/\/www.camping-au-mica.fr\/imbissstube\/"},"modified":"2025-12-11T11:47:23","modified_gmt":"2025-12-11T10:47:23","slug":"imbissstube","status":"publish","type":"page","link":"https:\/\/www.camping-au-mica.fr\/de\/imbissstube\/","title":{"rendered":"Snackbar"},"content":{"rendered":"\n<div class=\"wp-block-group alignfull hero-lab hrz-hero has-global-padding is-layout-constrained wp-container-core-group-is-layout-812dcb84 wp-block-group-is-layout-constrained has-background\" style=\"padding-top:var(--wp--preset--spacing--xxxxxxl);padding-bottom:var(--wp--preset--spacing--xxxxxxl);background-image:url(&apos;https:\/\/www.camping-au-mica.fr\/wp-content\/uploads\/2025\/10\/vue-restaurant.webp&apos;);background-size:cover;\"><\/div>\n<div style=\"padding-left:var(--wp--preset--spacing--s);padding-top:var(--wp--preset--spacing--s);padding-bottom:var(--wp--preset--spacing--s);\" class=\"alignfull wp-elements-5cd3591c1ade14a972751d58f754b855 wp-block-wpseopress-breadcrumbs has-text-color has-primary-color\"><nav  aria-label=\"breadcrumb\"><ol class=\"breadcrumb\" itemscope itemtype=\"https:\/\/schema.org\/BreadcrumbList\"><li class=\"breadcrumb-item active\" aria-current=\"page\" itemprop=\"itemListElement\" itemscope itemtype=\"https:\/\/schema.org\/ListItem\"><span itemprop=\"name\">Camping \u00e0 Corcieux<\/span><meta itemprop=\"position\" content=\"1\"><\/li><\/ol><\/nav><\/div>\n<div class=\"wp-block-columns alignwide are-vertically-aligned-center hrz-responsive-col hrz-reponsive-order is-layout-flex wp-container-core-columns-is-layout-3f562962 wp-block-columns-is-layout-flex\" style=\"margin-top:0;margin-bottom:0;padding-top:0;padding-right:var(--wp--preset--spacing--xxl);padding-bottom:0;padding-left:var(--wp--preset--spacing--xxl)\">\n<div class=\"wp-block-column is-vertically-aligned-center is-layout-flow wp-block-column-is-layout-flow\">\n<figure class=\"wp-block-image size-large has-custom-border\"><img alt=\"\" loading=\"lazy\" decoding=\"async\" width=\"1024\" height=\"768\" src=\"https:\/\/www.camping-au-mica.fr\/wp-content\/uploads\/2025\/11\/bar-camping-au-mica-1024x768.webp\" alt=\"\" class=\"wp-image-1386\" style=\"border-radius:8px;aspect-ratio:4\/3;object-fit:cover\" srcset=\"https:\/\/www.camping-au-mica.fr\/wp-content\/uploads\/2025\/11\/bar-camping-au-mica-1024x768.webp 1024w, https:\/\/www.camping-au-mica.fr\/wp-content\/uploads\/2025\/11\/bar-camping-au-mica-300x225.webp 300w, https:\/\/www.camping-au-mica.fr\/wp-content\/uploads\/2025\/11\/bar-camping-au-mica-768x576.webp 768w, https:\/\/www.camping-au-mica.fr\/wp-content\/uploads\/2025\/11\/bar-camping-au-mica-1440x1080.webp 1440w, https:\/\/www.camping-au-mica.fr\/wp-content\/uploads\/2025\/11\/bar-camping-au-mica-720x540.webp 720w, https:\/\/www.camping-au-mica.fr\/wp-content\/uploads\/2025\/11\/bar-camping-au-mica-320x240.webp 320w, https:\/\/www.camping-au-mica.fr\/wp-content\/uploads\/2025\/11\/bar-camping-au-mica-160x120.webp 160w\" sizes=\"auto, (max-width: 1024px) 100vw, 1024px\" \/><\/figure>\n<\/div>\n\n\n\n<div class=\"wp-block-column is-vertically-aligned-center is-layout-flow wp-block-column-is-layout-flow\" style=\"padding-top:0;padding-right:0;padding-bottom:0;padding-left:0\">\n<h1 class=\"wp-block-heading has-primary-color has-text-color has-link-color wp-elements-6bc7732f1b036e924457b13cdd8103a5\" style=\"margin-bottom:var(--wp--preset--spacing--xxl);line-height:1\">Die Snackbar auf dem Campingplatz in den Vogesen<\/h1>\n\n\n\n<p style=\"margin-bottom:var(--wp--preset--spacing--xxl)\"><strong>Snack &amp; Bar &#8211; Einfache und leckere Mahlzeiten f\u00fcr die ganze Familie<\/strong><br\/>Auf dem Campingplatz au Mica legen wir Wert auf Einfachheit, Qualit\u00e4t und einen reibungslosen Ablauf.<br\/>Unsere <strong>Snackbar<\/strong> ist der ideale Treffpunkt f\u00fcr eine gute Mahlzeit nach einem Tag voller Spiele, Schwimmen oder der Erkundung der Vogesen.<br\/><br\/>Der Snack &#8211; abends, einfach, praktisch und gut.<br\/><strong>Ge\u00f6ffnet <\/strong>: Juli &amp; August: 6 Tage pro Woche<br\/> In der Nebensaison: 3 bis 4 Tage pro Woche<br\/><strong>\u00d6ffnungszeiten <\/strong>: 18.00 \u2192 20.00 Uhr<br\/><br\/><strong>Auf der<\/strong> Speisekarte stehen Gerichte, die die Kinder lieben und die auch den Eltern schmecken: Burger &#8211; Pommes Frites, Nuggets &#8211; Pommes Frites, Steak &#8211; Pommes Frites, Pizza (auf Bestellung)<br\/>Einfache, schmackhafte und perfekte Mahlzeiten, um den Urlaub in vollen Z\u00fcgen zu genie\u00dfen, ohne sich um die K\u00fcche k\u00fcmmern zu m\u00fcssen.<\/p>\n<\/div>\n<\/div>\n\n<div class=\"wp-block-group alignfull hrz-contenus-2 anim_element_left has-global-padding is-layout-constrained wp-block-group-is-layout-constrained\" style=\"margin-top:var(--wp--preset--spacing--xxl);margin-bottom:var(--wp--preset--spacing--xxl)\">\n<div class=\"wp-block-columns alignfull hrz-responsive-col is-layout-flex wp-container-core-columns-is-layout-b6746764 wp-block-columns-is-layout-flex\" style=\"margin-top:0;margin-bottom:0;padding-top:0;padding-right:0;padding-bottom:0;padding-left:0\">\n<div class=\"wp-block-column is-vertically-aligned-center hrz-contenus-2-contenus has-light-background-color has-background has-global-padding is-layout-constrained wp-container-core-column-is-layout-e6325cf1 wp-block-column-is-layout-constrained\" style=\"border-radius:8px;padding-top:var(--wp--preset--spacing--xxl);padding-right:var(--wp--preset--spacing--xxl);padding-bottom:var(--wp--preset--spacing--xxl);padding-left:var(--wp--preset--spacing--xxl)\">\n<h2 class=\"wp-block-heading has-real-white-color has-text-color has-link-color wp-elements-04ff585bb4faeeea1bc783e70c9330de\" style=\"line-height:1\">Der Food Truck des 7\u1d49 Tages<\/h2>\n\n\n\n<p class=\"is-style-top-title has-dark-color has-text-color has-link-color has-xxxxl-font-size wp-elements-d2d0f998cf91507536c6d3dc31ee86d0 is-style-top-title--1\">Hausgemachte Flammkuchen<\/p>\n\n\n\n<p class=\"has-paragraph-color has-text-color has-link-color wp-elements-b72f0b69d34f51f398cf51cc7a2f8fc6\">Am Tag, an dem die Snackbar in der Hochsaison geschlossen ist, kommt ein Foodtruck auf den Campingplatz, um k\u00f6stliche hausgemachte s\u00fc\u00dfe und salzige Flammkuchen anzubieten.<\/p>\n\n\n\n<p class=\"has-paragraph-color has-text-color has-link-color wp-elements-4d647f6bc05e47d51eb095ff8d728b04\">Ein echter Gourmet-Abend, der von den Familien sehr gesch\u00e4tzt wurde.<\/p>\n<\/div>\n\n\n\n<div class=\"wp-block-column is-layout-flow wp-block-column-is-layout-flow\">\n<figure class=\"wp-block-image size-full has-custom-border\"><img alt=\"\" loading=\"lazy\" decoding=\"async\" width=\"2560\" height=\"1707\" src=\"https:\/\/www.camping-au-mica.fr\/wp-content\/uploads\/2025\/11\/tarte-flambee-scaled.webp\" alt=\"\" class=\"wp-image-1297\" style=\"border-radius:8px;aspect-ratio:4\/3;object-fit:cover\" srcset=\"https:\/\/www.camping-au-mica.fr\/wp-content\/uploads\/2025\/11\/tarte-flambee-scaled.webp 2560w, https:\/\/www.camping-au-mica.fr\/wp-content\/uploads\/2025\/11\/tarte-flambee-300x200.webp 300w, https:\/\/www.camping-au-mica.fr\/wp-content\/uploads\/2025\/11\/tarte-flambee-1024x683.webp 1024w, https:\/\/www.camping-au-mica.fr\/wp-content\/uploads\/2025\/11\/tarte-flambee-768x512.webp 768w, https:\/\/www.camping-au-mica.fr\/wp-content\/uploads\/2025\/11\/tarte-flambee-1440x960.webp 1440w, https:\/\/www.camping-au-mica.fr\/wp-content\/uploads\/2025\/11\/tarte-flambee-1080x720.webp 1080w, https:\/\/www.camping-au-mica.fr\/wp-content\/uploads\/2025\/11\/tarte-flambee-720x480.webp 720w, https:\/\/www.camping-au-mica.fr\/wp-content\/uploads\/2025\/11\/tarte-flambee-480x320.webp 480w, https:\/\/www.camping-au-mica.fr\/wp-content\/uploads\/2025\/11\/tarte-flambee-240x160.webp 240w, https:\/\/www.camping-au-mica.fr\/wp-content\/uploads\/2025\/11\/tarte-flambee-120x80.webp 120w\" sizes=\"auto, (max-width: 2560px) 100vw, 2560px\" \/><\/figure>\n<\/div>\n<\/div>\n<\/div>\n\n<div class=\"wp-block-group alignfull hrz-galerie-1 anim_element_bottom has-global-padding is-layout-constrained wp-block-group-is-layout-constrained\">\n<div class=\"wp-block-cover alignfull is-light hrz-galerie-1-cover\" style=\"padding-top:var(--wp--preset--spacing--xxl);padding-right:var(--wp--preset--spacing--xxxxxl);padding-bottom:var(--wp--preset--spacing--xxl);padding-left:var(--wp--preset--spacing--xxxxxl)\"><img alt=\"\" loading=\"lazy\" decoding=\"async\" width=\"2560\" height=\"1707\" class=\"wp-block-cover__image-background wp-image-1303 size-full\" alt=\"\" src=\"https:\/\/www.camping-au-mica.fr\/wp-content\/uploads\/2025\/11\/bar-glaces-scaled.webp\" style=\"object-position:49% 6%\" data-object-fit=\"cover\" data-object-position=\"49% 6%\" srcset=\"https:\/\/www.camping-au-mica.fr\/wp-content\/uploads\/2025\/11\/bar-glaces-scaled.webp 2560w, https:\/\/www.camping-au-mica.fr\/wp-content\/uploads\/2025\/11\/bar-glaces-300x200.webp 300w, https:\/\/www.camping-au-mica.fr\/wp-content\/uploads\/2025\/11\/bar-glaces-1024x683.webp 1024w, https:\/\/www.camping-au-mica.fr\/wp-content\/uploads\/2025\/11\/bar-glaces-768x512.webp 768w, https:\/\/www.camping-au-mica.fr\/wp-content\/uploads\/2025\/11\/bar-glaces-1440x960.webp 1440w, https:\/\/www.camping-au-mica.fr\/wp-content\/uploads\/2025\/11\/bar-glaces-1080x720.webp 1080w, https:\/\/www.camping-au-mica.fr\/wp-content\/uploads\/2025\/11\/bar-glaces-720x480.webp 720w, https:\/\/www.camping-au-mica.fr\/wp-content\/uploads\/2025\/11\/bar-glaces-480x320.webp 480w, https:\/\/www.camping-au-mica.fr\/wp-content\/uploads\/2025\/11\/bar-glaces-240x160.webp 240w, https:\/\/www.camping-au-mica.fr\/wp-content\/uploads\/2025\/11\/bar-glaces-120x80.webp 120w\" sizes=\"auto, (max-width: 2560px) 100vw, 2560px\" \/><span aria-hidden=\"true\" class=\"wp-block-cover__background has-real-black-background-color has-background-dim-40 has-background-dim\"><\/span><div class=\"wp-block-cover__inner-container has-global-padding is-layout-constrained wp-container-core-cover-is-layout-3528da33 wp-block-cover-is-layout-constrained\">\n<p class=\"has-text-align-center has-real-white-color has-text-color has-link-color wp-elements-8a65fb1840293ac2180e4097af121b32\"><br\/><strong>Die Bar \/ Eis &#8211; vom fr\u00fchen Morgen bis zum Abend<\/strong><br\/>T\u00e4glich ge\u00f6ffnet von 8.30 bis 20.30 Uhr.<br\/>Hier finden Sie: Kaffee, Erfrischungsgetr\u00e4nke und Eiscreme. Entspannende Atmosph\u00e4re auf der Terrasse. Der perfekte Ort, um den Tag zu beginnen&#8230; oder ihn gem\u00fctlich ausklingen zu lassen.<br\/>Ein familienfreundlicher Service<br\/>\u00d6ffnungszeiten f\u00fcr kleine Kinder<br\/>Schnelle Mahlzeiten f\u00fcr die Kleinen<br\/>Einfache und gesellige Abende<br\/>Die ideale L\u00f6sung, um Ihren Urlaub zu genie\u00dfen, ohne t\u00e4glich kochen zu m\u00fcssen.  <\/p>\n\n\n\n<p class=\"has-text-align-center has-real-white-color has-text-color has-link-color wp-elements-e414cab65a8fa5953e74de51a1190232\">Auf dem Campingplatz Le Mica ist die Gastronomie darauf ausgerichtet, Ihnen das Leben zu erleichtern und Ihre Abende so angenehm wie Ihre Tage zu gestalten.<\/p>\n<\/div><\/div>\n<\/div>\n\n<div style=\"height:var(--wp--preset--spacing--xxl)\" aria-hidden=\"true\" class=\"wp-block-spacer\"><\/div>\n","protected":false},"excerpt":{"rendered":"<p>Die Snackbar auf dem Campingplatz in den Vogesen Snack &amp; Bar &#8211; Einfache und leckere Mahlzeiten f\u00fcr die ganze FamilieAuf dem Campingplatz au Mica legen wir Wert auf Einfachheit, Qualit\u00e4t und einen reibungslosen Ablauf.Unsere Snackbar ist der ideale Treffpunkt f\u00fcr eine gute Mahlzeit nach einem Tag voller Spiele, Schwimmen oder der Erkundung der Vogesen. Der [&hellip;]<\/p>\n","protected":false},"author":1,"featured_media":0,"parent":0,"menu_order":0,"comment_status":"closed","ping_status":"closed","template":"page-no-title","meta":{"_acf_changed":false,"_seopress_robots_primary_cat":"","_seopress_titles_title":"Campingplatz mit Restaurant Corcieux | Essen und Trinken auf dem Campingplatz in den Vogesen","_seopress_titles_desc":"Der Campingplatz verf\u00fcgt \u00fcber einen Restaurant- und Snackservice, mit Angeboten vor Ort oder zum Mitnehmen in Corcieux, in den Vogesen.","_seopress_robots_index":"","footnotes":""},"class_list":["post-1866","page","type-page","status-publish","hentry"],"acf":[],"_links":{"self":[{"href":"https:\/\/www.camping-au-mica.fr\/de\/wp-json\/wp\/v2\/pages\/1866","targetHints":{"allow":["GET"]}}],"collection":[{"href":"https:\/\/www.camping-au-mica.fr\/de\/wp-json\/wp\/v2\/pages"}],"about":[{"href":"https:\/\/www.camping-au-mica.fr\/de\/wp-json\/wp\/v2\/types\/page"}],"author":[{"embeddable":true,"href":"https:\/\/www.camping-au-mica.fr\/de\/wp-json\/wp\/v2\/users\/1"}],"replies":[{"embeddable":true,"href":"https:\/\/www.camping-au-mica.fr\/de\/wp-json\/wp\/v2\/comments?post=1866"}],"version-history":[{"count":3,"href":"https:\/\/www.camping-au-mica.fr\/de\/wp-json\/wp\/v2\/pages\/1866\/revisions"}],"predecessor-version":[{"id":2859,"href":"https:\/\/www.camping-au-mica.fr\/de\/wp-json\/wp\/v2\/pages\/1866\/revisions\/2859"}],"wp:attachment":[{"href":"https:\/\/www.camping-au-mica.fr\/de\/wp-json\/wp\/v2\/media?parent=1866"}],"curies":[{"name":"wp","href":"https:\/\/api.w.org\/{rel}","templated":true}]}}