{"id":1856,"date":"2025-10-02T10:31:58","date_gmt":"2025-10-02T08:31:58","guid":{"rendered":"https:\/\/www.camping-au-mica.fr\/rechtliche-hinweise\/"},"modified":"2025-12-11T11:47:46","modified_gmt":"2025-12-11T10:47:46","slug":"rechtliche-hinweise","status":"publish","type":"page","link":"https:\/\/www.camping-au-mica.fr\/de\/rechtliche-hinweise\/","title":{"rendered":"Rechtliche Hinweise"},"content":{"rendered":"\n<div class=\"wp-block-group alignfull hero-lab hrz-hero has-global-padding is-layout-constrained wp-container-core-group-is-layout-812dcb84 wp-block-group-is-layout-constrained has-background\" style=\"padding-top:var(--wp--preset--spacing--xxxxxxl);padding-bottom:var(--wp--preset--spacing--xxxxxxl);background-image:url(&apos;https:\/\/www.camping-au-mica.fr\/wp-content\/uploads\/2025\/10\/vue-camping-au-mica.webp&apos;);background-size:cover;\"><\/div>\n<div style=\"padding-left:var(--wp--preset--spacing--s);padding-top:var(--wp--preset--spacing--s);padding-bottom:var(--wp--preset--spacing--s);\" class=\"alignfull wp-elements-5cd3591c1ade14a972751d58f754b855 wp-block-wpseopress-breadcrumbs has-text-color has-primary-color\"><nav  aria-label=\"breadcrumb\"><ol class=\"breadcrumb\" itemscope itemtype=\"https:\/\/schema.org\/BreadcrumbList\"><li class=\"breadcrumb-item active\" aria-current=\"page\" itemprop=\"itemListElement\" itemscope itemtype=\"https:\/\/schema.org\/ListItem\"><span itemprop=\"name\">Camping \u00e0 Corcieux<\/span><meta itemprop=\"position\" content=\"1\"><\/li><\/ol><\/nav><\/div>\n<h1 class=\"wp-block-heading has-primary-color has-text-color has-link-color wp-elements-58d4a61def4843ac63a827c53c67615f\">Rechtliche Hinweise<\/h1>\n\n<div class=\"wp-block-group alignwide has-global-padding is-layout-constrained wp-block-group-is-layout-constrained\">\n<h2 class=\"wp-block-heading has-primary-color has-text-color has-link-color wp-elements-0363affd621b84a80d5bd9d5bcd464c8\" style=\"line-height:1\">Identit\u00e4t<\/h2>\n\n\n\n<p>Name der Website: <strong>Camping <\/strong>Au Mica<br\/>Adresse: https:\/\/www.camping-au-mica.fr\/<br\/>Eigent\u00fcmer: M Samuel Boiteux<br\/>Verantwortlich f\u00fcr die Ver\u00f6ffentlichung: <strong>Camping <\/strong>Au Mica<br\/>Design und Umsetzung: Horizon Marketing<br\/>Animation: <strong>Camping <\/strong>Au Mica<br\/>Hosting: <strong>Infomaniak<\/strong><\/p>\n\n\n\n<h2 class=\"wp-block-heading has-primary-color has-text-color has-link-color wp-elements-d0b371e83a0b9b29b1c4399a185d6069\" style=\"line-height:1\">Juristische Person<\/h2>\n\n\n\n<p>SARL Samuel Boiteux<strong>, mit einem Stammkapital von 50.000 \u20ac <\/strong>&#8211; 81897811600015 &#8211; Epinal B 818 978 116 &#8211; 1006 rue d&#8217;Alsace 88430 CORCIEUX &#8211; 07 69 93 30 56 &#8211; info@campingaumica.com<\/p>\n\n\n\n<h2 class=\"wp-block-heading has-primary-color has-text-color has-link-color wp-elements-4ea032ce56508ef55b4de951fa1a8b45\" style=\"line-height:1\">Nutzungsbedingungen<\/h2>\n\n\n\n<p>Die Nutzung dieser Website setzt die vollst\u00e4ndige und uneingeschr\u00e4nkte Annahme der nachstehend beschriebenen allgemeinen Nutzungsbedingungen voraus. Diese Nutzungsbedingungen k\u00f6nnen jederzeit ge\u00e4ndert oder erg\u00e4nzt werden. <\/p>\n\n\n\n<h2 class=\"wp-block-heading has-primary-color has-text-color has-link-color wp-elements-10c7945633bfb323d8450752898cc773\" style=\"line-height:1\">Informationen<\/h2>\n\n\n\n<p>Die Informationen und Dokumente auf der Website dienen der Information, sind nicht ersch\u00f6pfend und k\u00f6nnen nicht zur Verantwortung gezogen werden.<\/p>\n\n\n\n<p>Der Eigent\u00fcmer der Website haftet nicht f\u00fcr direkte oder indirekte Sch\u00e4den, die sich aus dem Zugriff auf die Website ergeben.<\/p>\n\n\n\n<p><\/p>\n\n\n\n<h2 class=\"wp-block-heading has-primary-color has-text-color has-link-color wp-elements-fefcd1529a8b3eadfc959cc66c8aeb48\" style=\"line-height:1\">Interaktivit\u00e4t<\/h2>\n\n\n\n<p>Die Nutzer der Website k\u00f6nnen Inhalte hinterlegen, die auf der Website in daf\u00fcr vorgesehenen Bereichen erscheinen (insbesondere \u00fcber das Kontaktformular). Die Verantwortung f\u00fcr den Inhalt liegt bei den Autoren, die die volle rechtliche Verantwortung daf\u00fcr \u00fcbernehmen. <\/p>\n\n\n\n<p>Der Eigent\u00fcmer der Website beh\u00e4lt sich jedoch das Recht vor, von Nutzern eingereichte Inhalte, die nicht den ethischen Richtlinien der Website oder den geltenden Gesetzen entsprechen, ohne Vorank\u00fcndigung und ohne Begr\u00fcndung zu entfernen.<\/p>\n\n\n\n<p><\/p>\n\n\n\n<h2 class=\"wp-block-heading has-primary-color has-text-color has-link-color wp-elements-44984935b20a2a6379d20d583579a9b3\" style=\"line-height:1\">Geistiges Eigentum<\/h2>\n\n\n\n<p>Sofern nicht anders angegeben, sind alle auf der Website zug\u00e4nglichen Elemente (Texte, Bilder, Grafiken, Logos, Icons, T\u00f6ne, Software usw.) das ausschlie\u00dfliche Eigentum ihrer Autoren, was die Rechte an geistigem Eigentum oder die Nutzungsrechte betrifft.<\/p>\n\n\n\n<p>Die Vervielf\u00e4ltigung, Darstellung, \u00c4nderung, Ver\u00f6ffentlichung und Anpassung aller oder eines Teils der Elemente der Website, unabh\u00e4ngig von den verwendeten Mitteln oder Verfahren, ist ohne vorherige schriftliche Genehmigung des Autors untersagt.<\/p>\n\n\n\n<p>Jede nicht genehmigte Nutzung der Website oder eines ihrer Elemente gilt als F\u00e4lschung und wird strafrechtlich verfolgt.<\/p>\n\n\n\n<p>Die auf der Website abgebildeten Marken und Logos sind von den Unternehmen registriert, die ihre Eigent\u00fcmer sind.<\/p>\n\n\n\n<p><\/p>\n\n\n\n<p><\/p>\n\n\n\n<h2 class=\"wp-block-heading has-primary-color has-text-color has-link-color wp-elements-d5ec0d571f0e0fa6ef85be7b995a6e81\" style=\"line-height:1\">Links<\/h2>\n\n\n\n<p><strong>Ausgehende Links<\/strong><\/p>\n\n\n\n<p>Der Eigent\u00fcmer der Website lehnt jede Haftung ab und ist nicht verpflichtet, \u00fcber Hypertext-Links auf Ressourcen Dritter im Internet zu verweisen, sowohl in Bezug auf deren Inhalt als auch auf deren Relevanz.<\/p>\n\n\n\n<p><strong>Eingehende Links<\/strong><\/p>\n\n\n\n<p>Der Eigent\u00fcmer der Website gestattet Hypertext-Links zu einer der Seiten dieser Website, sofern diese ein neues Fenster \u00f6ffnen und unmissverst\u00e4ndlich dargestellt werden, um zu verhindern, dass :<\/p>\n\n\n\n<ul class=\"wp-block-list\">\n<li>jegliche Verwechslungsgefahr zwischen der zitierenden Website und dem Eigent\u00fcmer der Website<\/li>\n\n\n\n<li>sowie jede tendenzi\u00f6se oder gegen das geltende Recht versto\u00dfende Darstellung.<\/li>\n<\/ul>\n\n\n\n<p>Der Eigent\u00fcmer der Website beh\u00e4lt sich das Recht vor, die Entfernung eines Links zu verlangen, wenn er der Ansicht ist, dass die Quellsite die hier festgelegten Regeln nicht einh\u00e4lt.<\/p>\n\n\n\n<p><\/p>\n\n\n\n<p class=\"has-theme-sombre-color has-text-color has-link-color wp-elements-d4865afa32f8826ce1d5842a5f21fd3e\"><\/p>\n\n\n\n<p><\/p>\n\n\n\n<h2 class=\"wp-block-heading has-primary-color has-text-color has-link-color wp-elements-f1241822f3360fdb8fd6e05d32dea378\" style=\"line-height:1\">Datenschutz<\/h2>\n\n\n\n<p>Jeder Nutzer hat das Recht auf Zugang, Berichtigung und Widerspruch zu den ihn betreffenden pers\u00f6nlichen Daten, indem er einen schriftlichen und unterschriebenen Antrag zusammen mit einem Identit\u00e4tsnachweis stellt.<\/p>\n\n\n\n<p>Bei Anfragen wenden Sie sich bitte an die Beschwerdeabteilung<\/p>\n\n\n\n<p><\/p>\n\n\n\n<h2 class=\"wp-block-heading has-primary-color has-text-color has-link-color wp-elements-b248a73828d3106d5ab153daef307cea\" style=\"line-height:1\">Ombudsmann f\u00fcr Verbraucherfragen<\/h2>\n\n\n\n<p>Gem\u00e4\u00df den Bestimmungen von Artikel L 612-1 des Verbraucherschutzgesetzes hat jeder Kunde des Campingplatzes das Recht, sich kostenlos an einen Verbraucherschlichter zu wenden, um einen Streitfall mit dem Betreiber des Platzes g\u00fctlich beizulegen.<\/p>\n\n\n\n<h2 class=\"wp-block-heading has-primary-color has-text-color has-link-color wp-elements-175ace31a349bfcba30f8d38be5891a5\" style=\"line-height:1\">Kredite<\/h2>\n\n\n\n<p>Adobe stock<br\/>Camping Au Mica<\/p>\n<\/div>\n\n<div style=\"height:var(--wp--preset--spacing--xxxxl)\" aria-hidden=\"true\" class=\"wp-block-spacer\"><\/div>\n","protected":false},"excerpt":{"rendered":"<p>Rechtliche Hinweise Identit\u00e4t Name der Website: Camping Au MicaAdresse: https:\/\/www.camping-au-mica.fr\/Eigent\u00fcmer: M Samuel BoiteuxVerantwortlich f\u00fcr die Ver\u00f6ffentlichung: Camping Au MicaDesign und Umsetzung: Horizon MarketingAnimation: Camping Au MicaHosting: Infomaniak Juristische Person SARL Samuel Boiteux, mit einem Stammkapital von 50.000 \u20ac &#8211; 81897811600015 &#8211; Epinal B 818 978 116 &#8211; 1006 rue d&#8217;Alsace 88430 CORCIEUX &#8211; 07 69 [&hellip;]<\/p>\n","protected":false},"author":1,"featured_media":0,"parent":0,"menu_order":0,"comment_status":"closed","ping_status":"closed","template":"page-no-title","meta":{"_acf_changed":false,"_seopress_robots_primary_cat":"","_seopress_titles_title":"Rechtliche Hinweise | Camping Au mica in Corcieux","_seopress_titles_desc":"Rechtliche Hinweise des 3-Sterne-Campingplatzes Au mica in Corcieux in den Vogesen.","_seopress_robots_index":"","footnotes":""},"class_list":["post-1856","page","type-page","status-publish","hentry"],"acf":[],"_links":{"self":[{"href":"https:\/\/www.camping-au-mica.fr\/de\/wp-json\/wp\/v2\/pages\/1856","targetHints":{"allow":["GET"]}}],"collection":[{"href":"https:\/\/www.camping-au-mica.fr\/de\/wp-json\/wp\/v2\/pages"}],"about":[{"href":"https:\/\/www.camping-au-mica.fr\/de\/wp-json\/wp\/v2\/types\/page"}],"author":[{"embeddable":true,"href":"https:\/\/www.camping-au-mica.fr\/de\/wp-json\/wp\/v2\/users\/1"}],"replies":[{"embeddable":true,"href":"https:\/\/www.camping-au-mica.fr\/de\/wp-json\/wp\/v2\/comments?post=1856"}],"version-history":[{"count":2,"href":"https:\/\/www.camping-au-mica.fr\/de\/wp-json\/wp\/v2\/pages\/1856\/revisions"}],"predecessor-version":[{"id":2867,"href":"https:\/\/www.camping-au-mica.fr\/de\/wp-json\/wp\/v2\/pages\/1856\/revisions\/2867"}],"wp:attachment":[{"href":"https:\/\/www.camping-au-mica.fr\/de\/wp-json\/wp\/v2\/media?parent=1856"}],"curies":[{"name":"wp","href":"https:\/\/api.w.org\/{rel}","templated":true}]}}