{"id":1850,"date":"2025-10-02T10:31:58","date_gmt":"2025-10-02T08:31:58","guid":{"rendered":"https:\/\/www.camping-au-mica.fr\/animationen\/"},"modified":"2025-12-11T11:44:04","modified_gmt":"2025-12-11T10:44:04","slug":"animationen","status":"publish","type":"page","link":"https:\/\/www.camping-au-mica.fr\/de\/animationen\/","title":{"rendered":"Animationen"},"content":{"rendered":"\n<div class=\"wp-block-group alignfull hero-lab hrz-hero has-global-padding is-layout-constrained wp-container-core-group-is-layout-812dcb84 wp-block-group-is-layout-constrained has-background\" style=\"padding-top:var(--wp--preset--spacing--xxxxxxl);padding-bottom:var(--wp--preset--spacing--xxxxxxl);background-image:url(&apos;https:\/\/www.camping-au-mica.fr\/wp-content\/uploads\/2025\/10\/jeu-ruisseau-scaled.webp&apos;);background-position:49% 97%;background-size:cover;\"><\/div>\n<div style=\"padding-left:var(--wp--preset--spacing--s);padding-top:var(--wp--preset--spacing--s);padding-bottom:var(--wp--preset--spacing--s);\" class=\"alignfull wp-elements-5cd3591c1ade14a972751d58f754b855 wp-block-wpseopress-breadcrumbs has-text-color has-primary-color\"><nav  aria-label=\"breadcrumb\"><ol class=\"breadcrumb\" itemscope itemtype=\"https:\/\/schema.org\/BreadcrumbList\"><li class=\"breadcrumb-item active\" aria-current=\"page\" itemprop=\"itemListElement\" itemscope itemtype=\"https:\/\/schema.org\/ListItem\"><span itemprop=\"name\">Camping \u00e0 Corcieux<\/span><meta itemprop=\"position\" content=\"1\"><\/li><\/ol><\/nav><\/div>\n<div class=\"wp-block-columns alignwide are-vertically-aligned-center hrz-responsive-col hrz-reponsive-order is-layout-flex wp-container-core-columns-is-layout-3f562962 wp-block-columns-is-layout-flex\" style=\"margin-top:0;margin-bottom:0;padding-top:0;padding-right:var(--wp--preset--spacing--xxl);padding-bottom:0;padding-left:var(--wp--preset--spacing--xxl)\">\n<div class=\"wp-block-column is-vertically-aligned-center is-layout-flow wp-block-column-is-layout-flow\">\n<figure class=\"wp-block-image size-large has-custom-border\"><img alt=\"\" loading=\"lazy\" decoding=\"async\" width=\"768\" height=\"1024\" src=\"https:\/\/www.camping-au-mica.fr\/wp-content\/uploads\/2025\/10\/mini-clubecamping-768x1024.webp\" alt=\"\" class=\"wp-image-314\" style=\"border-radius:8px;aspect-ratio:4\/3;object-fit:cover\" srcset=\"https:\/\/www.camping-au-mica.fr\/wp-content\/uploads\/2025\/10\/mini-clubecamping-768x1024.webp 768w, https:\/\/www.camping-au-mica.fr\/wp-content\/uploads\/2025\/10\/mini-clubecamping-225x300.webp 225w, https:\/\/www.camping-au-mica.fr\/wp-content\/uploads\/2025\/10\/mini-clubecamping-133x177.webp 133w, https:\/\/www.camping-au-mica.fr\/wp-content\/uploads\/2025\/10\/mini-clubecamping.webp 1875w\" sizes=\"auto, (max-width: 768px) 100vw, 768px\" \/><\/figure>\n<\/div>\n\n\n\n<div class=\"wp-block-column is-vertically-aligned-center is-layout-flow wp-block-column-is-layout-flow\" style=\"padding-top:0;padding-right:0;padding-bottom:0;padding-left:0\">\n<h1 class=\"wp-block-heading has-primary-color has-text-color has-link-color wp-elements-2f6941c8d096cada62abf2b1c42ceffb\" style=\"margin-bottom:var(--wp--preset--spacing--xxl);line-height:1\">Unser Mini-Club<\/h1>\n\n\n\n<p style=\"margin-bottom:var(--wp--preset--spacing--xxl)\">Jeden Tag au\u00dfer samstags bieten wir Ihren Kindern zwei Altersgruppen f\u00fcr den Miniclub an.<br\/><br\/>Von 10.00 bis 11.00 Uhr sind die 3- bis 5-J\u00e4hrigen an der Reihe und von 11.00 bis 12.00 Uhr die 6- bis 10-J\u00e4hrigen.<br\/><br\/>Kinderanimation am Nachmittag zwischen 15.00 und 16.00 Uhr.<br\/><br\/>Minidisco von 19.00 bis 20.00 Uhr.<br\/><br\/>Zeitraum: 8. Juli bis 20. August.<\/p>\n<\/div>\n<\/div>\n","protected":false},"excerpt":{"rendered":"<p>Unser Mini-Club Jeden Tag au\u00dfer samstags bieten wir Ihren Kindern zwei Altersgruppen f\u00fcr den Miniclub an. Von 10.00 bis 11.00 Uhr sind die 3- bis 5-J\u00e4hrigen an der Reihe und von 11.00 bis 12.00 Uhr die 6- bis 10-J\u00e4hrigen. Kinderanimation am Nachmittag zwischen 15.00 und 16.00 Uhr. Minidisco von 19.00 bis 20.00 Uhr. Zeitraum: 8. [&hellip;]<\/p>\n","protected":false},"author":1,"featured_media":0,"parent":0,"menu_order":0,"comment_status":"closed","ping_status":"closed","template":"page-no-title","meta":{"_acf_changed":false,"_seopress_robots_primary_cat":"","_seopress_titles_title":"Camping mit Kinderclub Corcieux | Camping f\u00fcr Kinder in den Vogesen","_seopress_titles_desc":"Genie\u00dfen Sie einen Campingplatz mit Kinderclub in den Vogesen auf dem Campingplatz Le Mica: t\u00e4gliche Animationen, kreative Workshops und ein Au\u00dfenbereich f\u00fcr einen Familienurlaub.","_seopress_robots_index":"","footnotes":""},"class_list":["post-1850","page","type-page","status-publish","hentry"],"acf":[],"_links":{"self":[{"href":"https:\/\/www.camping-au-mica.fr\/de\/wp-json\/wp\/v2\/pages\/1850","targetHints":{"allow":["GET"]}}],"collection":[{"href":"https:\/\/www.camping-au-mica.fr\/de\/wp-json\/wp\/v2\/pages"}],"about":[{"href":"https:\/\/www.camping-au-mica.fr\/de\/wp-json\/wp\/v2\/types\/page"}],"author":[{"embeddable":true,"href":"https:\/\/www.camping-au-mica.fr\/de\/wp-json\/wp\/v2\/users\/1"}],"replies":[{"embeddable":true,"href":"https:\/\/www.camping-au-mica.fr\/de\/wp-json\/wp\/v2\/comments?post=1850"}],"version-history":[{"count":2,"href":"https:\/\/www.camping-au-mica.fr\/de\/wp-json\/wp\/v2\/pages\/1850\/revisions"}],"predecessor-version":[{"id":2827,"href":"https:\/\/www.camping-au-mica.fr\/de\/wp-json\/wp\/v2\/pages\/1850\/revisions\/2827"}],"wp:attachment":[{"href":"https:\/\/www.camping-au-mica.fr\/de\/wp-json\/wp\/v2\/media?parent=1850"}],"curies":[{"name":"wp","href":"https:\/\/api.w.org\/{rel}","templated":true}]}}