{"id":1818,"date":"2025-10-02T10:31:54","date_gmt":"2025-10-02T08:31:54","guid":{"rendered":"https:\/\/www.camping-au-mica.fr\/vorstellung-des-campingplatzes\/"},"modified":"2025-12-11T11:40:14","modified_gmt":"2025-12-11T10:40:14","slug":"vorstellung-des-campingplatzes","status":"publish","type":"page","link":"https:\/\/www.camping-au-mica.fr\/de\/vorstellung-des-campingplatzes\/","title":{"rendered":"Vorstellung des Campingplatzes"},"content":{"rendered":"\n<div class=\"wp-block-group alignfull hero-lab hrz-hero has-global-padding is-layout-constrained wp-container-core-group-is-layout-812dcb84 wp-block-group-is-layout-constrained has-background\" style=\"padding-top:var(--wp--preset--spacing--xxxxxxl);padding-bottom:var(--wp--preset--spacing--xxxxxxl);background-image:url(&apos;https:\/\/www.camping-au-mica.fr\/wp-content\/uploads\/2025\/10\/au-mica-vacanciers.webp&apos;);background-position:50% 22%;background-size:cover;\"><\/div>\n<div style=\"padding-left:var(--wp--preset--spacing--s);padding-top:var(--wp--preset--spacing--s);padding-bottom:var(--wp--preset--spacing--s);\" class=\"alignfull wp-elements-5cd3591c1ade14a972751d58f754b855 wp-block-wpseopress-breadcrumbs has-text-color has-primary-color\"><nav  aria-label=\"breadcrumb\"><ol class=\"breadcrumb\" itemscope itemtype=\"https:\/\/schema.org\/BreadcrumbList\"><li class=\"breadcrumb-item active\" aria-current=\"page\" itemprop=\"itemListElement\" itemscope itemtype=\"https:\/\/schema.org\/ListItem\"><span itemprop=\"name\">Camping \u00e0 Corcieux<\/span><meta itemprop=\"position\" content=\"1\"><\/li><\/ol><\/nav><\/div>\n<div class=\"wp-block-columns alignwide are-vertically-aligned-center hrz-responsive-col hrz-reponsive-order is-layout-flex wp-container-core-columns-is-layout-3f562962 wp-block-columns-is-layout-flex\" style=\"margin-top:0;margin-bottom:0;padding-top:0;padding-right:var(--wp--preset--spacing--xxl);padding-bottom:0;padding-left:var(--wp--preset--spacing--xxl)\">\n<div class=\"wp-block-column is-vertically-aligned-center is-layout-flow wp-block-column-is-layout-flow\">\n<figure class=\"wp-block-image size-large has-custom-border\"><img alt=\"\" loading=\"lazy\" decoding=\"async\" width=\"1024\" height=\"754\" src=\"https:\/\/www.camping-au-mica.fr\/wp-content\/uploads\/2025\/10\/au-mica-paysage-1024x754.webp\" alt=\"\" class=\"wp-image-79\" style=\"border-radius:8px;aspect-ratio:3\/4;object-fit:cover\" srcset=\"https:\/\/www.camping-au-mica.fr\/wp-content\/uploads\/2025\/10\/au-mica-paysage-1024x754.webp 1024w, https:\/\/www.camping-au-mica.fr\/wp-content\/uploads\/2025\/10\/au-mica-paysage-300x221.webp 300w, https:\/\/www.camping-au-mica.fr\/wp-content\/uploads\/2025\/10\/au-mica-paysage-768x565.webp 768w\" sizes=\"auto, (max-width: 1024px) 100vw, 1024px\" \/><\/figure>\n<\/div>\n\n\n\n<div class=\"wp-block-column is-vertically-aligned-center is-layout-flow wp-block-column-is-layout-flow\" style=\"padding-top:0;padding-right:0;padding-bottom:0;padding-left:0\">\n<h1 class=\"wp-block-heading has-primary-color has-text-color has-link-color wp-elements-6cd84571894adbff375e206ecea30710\" style=\"line-height:1\">Der Campingplatz Au Mica<\/h1>\n\n\n\n<p style=\"margin-bottom:var(--wp--preset--spacing--xxl)\">Im Herzen der Vogesen, nur 12 Minuten von G\u00e9rardmer und 30 Minuten vom Elsass entfernt, liegt der Campingplatz Au Mica *** mit dem G\u00fctesiegel Camping Qualit\u00e9. Er bietet eine einzigartige nat\u00fcrliche Umgebung von 2 Hektar mit 70 Stellpl\u00e4tzen, darunter 34 Mietunterk\u00fcnfte, die Wasser und Wald miteinander verbinden.<br\/>Bach, Teich, Sandstrand, mehrere Spielpl\u00e4tze und beheizte Schwimmb\u00e4der bilden eine sanfte, lebendige und beruhigende Umgebung, ideal f\u00fcr Familien mit Babys und Kindern bis zu 8 Jahren.<\/p>\n\n\n\n<p>Der Campingplatz ist \u00fcberschaubar und bietet einen herzlichen Empfang und einen kontrollierten Verkehr, so dass die Kleinen in aller Ruhe spielen und erkunden k\u00f6nnen.<br\/>Hier ist die Natur Teil des Erlebnisses: der Schatten der B\u00e4ume, das Vorhandensein von Wasser und manchmal sogar ein Eichh\u00f6rnchen, das \u00fcber einen Ast klettert&#8230;<\/p>\n\n\n\n<p style=\"margin-bottom:var(--wp--preset--spacing--xxl)\">Der Campingplatz Au Mica ist der perfekte Ausgangspunkt f\u00fcr entspannende Momente am Wasser und Familienerlebnisse rund um den See von G\u00e9rardmer und die Vogesen.<br\/>Ein einfacher, beruhigender und authentischer Ort f\u00fcr junge Familien, die die Natur genie\u00dfen m\u00f6chten.<\/p>\n\n\n\n<div class=\"wp-block-buttons is-layout-flex wp-block-buttons-is-layout-flex\">\n<div class=\"wp-block-button is-style-lab-btn--orange\"><a class=\"wp-block-button__link wp-element-button\" href=\"https:\/\/www.onsite360.nl\/campingview360\/aumica24\/\" target=\"_blank\" rel=\"noreferrer noopener nofollow\">Sehen Sie sich den virtuellen Rundgang durch den Campingplatz an<\/a><\/div>\n<\/div>\n<\/div>\n<\/div>\n\n<div style=\"height:var(--wp--preset--spacing--xxl)\" aria-hidden=\"true\" class=\"wp-block-spacer\"><\/div>\n","protected":false},"excerpt":{"rendered":"<p>Der Campingplatz Au Mica Im Herzen der Vogesen, nur 12 Minuten von G\u00e9rardmer und 30 Minuten vom Elsass entfernt, liegt der Campingplatz Au Mica *** mit dem G\u00fctesiegel Camping Qualit\u00e9. Er bietet eine einzigartige nat\u00fcrliche Umgebung von 2 Hektar mit 70 Stellpl\u00e4tzen, darunter 34 Mietunterk\u00fcnfte, die Wasser und Wald miteinander verbinden.Bach, Teich, Sandstrand, mehrere Spielpl\u00e4tze [&hellip;]<\/p>\n","protected":false},"author":1,"featured_media":0,"parent":0,"menu_order":0,"comment_status":"closed","ping_status":"closed","template":"page-no-title","meta":{"_acf_changed":false,"_seopress_robots_primary_cat":"","_seopress_titles_title":"Camping Corcieux | Die Geschichte des Campingplatzes Au mica","_seopress_titles_desc":"Reisen Sie durch die Geschichte des Campingplatzes Au mica in Corcieux | Genie\u00dfen Sie einen ruhigen Aufenthalt in einer au\u00dfergew\u00f6hnlichen nat\u00fcrlichen Umgebung in den Vogesen.","_seopress_robots_index":"","footnotes":""},"class_list":["post-1818","page","type-page","status-publish","hentry"],"acf":[],"_links":{"self":[{"href":"https:\/\/www.camping-au-mica.fr\/de\/wp-json\/wp\/v2\/pages\/1818","targetHints":{"allow":["GET"]}}],"collection":[{"href":"https:\/\/www.camping-au-mica.fr\/de\/wp-json\/wp\/v2\/pages"}],"about":[{"href":"https:\/\/www.camping-au-mica.fr\/de\/wp-json\/wp\/v2\/types\/page"}],"author":[{"embeddable":true,"href":"https:\/\/www.camping-au-mica.fr\/de\/wp-json\/wp\/v2\/users\/1"}],"replies":[{"embeddable":true,"href":"https:\/\/www.camping-au-mica.fr\/de\/wp-json\/wp\/v2\/comments?post=1818"}],"version-history":[{"count":2,"href":"https:\/\/www.camping-au-mica.fr\/de\/wp-json\/wp\/v2\/pages\/1818\/revisions"}],"predecessor-version":[{"id":2773,"href":"https:\/\/www.camping-au-mica.fr\/de\/wp-json\/wp\/v2\/pages\/1818\/revisions\/2773"}],"wp:attachment":[{"href":"https:\/\/www.camping-au-mica.fr\/de\/wp-json\/wp\/v2\/media?parent=1818"}],"curies":[{"name":"wp","href":"https:\/\/api.w.org\/{rel}","templated":true}]}}