{"id":1814,"date":"2025-11-03T09:38:20","date_gmt":"2025-11-03T08:38:20","guid":{"rendered":"https:\/\/www.camping-au-mica.fr\/fahrradtouren\/"},"modified":"2025-12-11T11:47:22","modified_gmt":"2025-12-11T10:47:22","slug":"fahrradtouren","status":"publish","type":"page","link":"https:\/\/www.camping-au-mica.fr\/de\/fahrradtouren\/","title":{"rendered":"Fahrradtouren"},"content":{"rendered":"\n<div class=\"wp-block-group alignfull hero-lab hrz-hero has-global-padding is-layout-constrained wp-container-core-group-is-layout-812dcb84 wp-block-group-is-layout-constrained has-background\" style=\"padding-top:var(--wp--preset--spacing--xxxxxxl);padding-bottom:var(--wp--preset--spacing--xxxxxxl);background-image:url(&apos;https:\/\/www.camping-au-mica.fr\/wp-content\/uploads\/2025\/11\/activite-velo-scaled.webp&apos;);background-position:54% 37%;background-size:cover;\"><\/div>\n<div style=\"padding-left:var(--wp--preset--spacing--s);padding-top:var(--wp--preset--spacing--s);padding-bottom:var(--wp--preset--spacing--s);\" class=\"alignfull wp-elements-5cd3591c1ade14a972751d58f754b855 wp-block-wpseopress-breadcrumbs has-text-color has-primary-color\"><nav  aria-label=\"breadcrumb\"><ol class=\"breadcrumb\" itemscope itemtype=\"https:\/\/schema.org\/BreadcrumbList\"><li class=\"breadcrumb-item active\" aria-current=\"page\" itemprop=\"itemListElement\" itemscope itemtype=\"https:\/\/schema.org\/ListItem\"><span itemprop=\"name\">Camping \u00e0 Corcieux<\/span><meta itemprop=\"position\" content=\"1\"><\/li><\/ol><\/nav><\/div>\n<div class=\"wp-block-columns alignwide are-vertically-aligned-center hrz-responsive-col hrz-reponsive-order is-layout-flex wp-container-core-columns-is-layout-17e81cd9 wp-block-columns-is-layout-flex\" style=\"margin-top:var(--wp--preset--spacing--xxl);margin-bottom:var(--wp--preset--spacing--xxl);padding-top:0;padding-right:var(--wp--preset--spacing--xxl);padding-bottom:0;padding-left:var(--wp--preset--spacing--xxl)\">\n<div class=\"wp-block-column is-vertically-aligned-center is-layout-flow wp-block-column-is-layout-flow\">\n<figure class=\"wp-block-image size-full has-custom-border\"><img alt=\"\" loading=\"lazy\" decoding=\"async\" width=\"619\" height=\"464\" src=\"https:\/\/www.camping-au-mica.fr\/wp-content\/uploads\/2025\/10\/circuits-velo.webp\" alt=\"\" class=\"wp-image-831\" style=\"border-radius:8px;aspect-ratio:4\/3;object-fit:cover\" srcset=\"https:\/\/www.camping-au-mica.fr\/wp-content\/uploads\/2025\/10\/circuits-velo.webp 619w, https:\/\/www.camping-au-mica.fr\/wp-content\/uploads\/2025\/10\/circuits-velo-300x225.webp 300w, https:\/\/www.camping-au-mica.fr\/wp-content\/uploads\/2025\/10\/circuits-velo-320x240.webp 320w, https:\/\/www.camping-au-mica.fr\/wp-content\/uploads\/2025\/10\/circuits-velo-160x120.webp 160w\" sizes=\"auto, (max-width: 619px) 100vw, 619px\" \/><\/figure>\n<\/div>\n\n\n\n<div class=\"wp-block-column is-vertically-aligned-center is-layout-flow wp-block-column-is-layout-flow\" style=\"padding-top:0;padding-right:0;padding-bottom:0;padding-left:0\">\n<h1 class=\"wp-block-heading has-primary-color has-text-color has-link-color wp-elements-8d8ff988a670fb539a5bd87bfbaf9e6b\" style=\"margin-bottom:var(--wp--preset--spacing--xxl);line-height:1\">MTB &#8211; VTC &#8211; Rennradtouren<\/h1>\n\n\n\n<p style=\"margin-bottom:var(--wp--preset--spacing--xxl)\">In Corcieux selbst und in der Umgebung von G\u00e9rardmer finden Sie leicht Mountainbike-\/Fahrradstrecken f\u00fcr alle Niveaus.<br\/><br\/>Oder, f\u00fcr die Mutigsten, k\u00f6nnen Sie die Vogesen von Nord nach S\u00fcd durch W\u00e4lder, Wiesen und Weinberge (auf der els\u00e4ssischen Seite) durchqueren und dabei die Spezialit\u00e4ten der Gegend probieren.<br\/><br\/>Der erste Teil im Norden steht unter dem Motto der Farben, wenn Sie die charmanten kleinen els\u00e4ssischen D\u00f6rfer mit ihren Fachwerkh\u00e4usern und die Weinberge durchqueren&#8230; dann werden die H\u00e4nge allm\u00e4hlich steiler, um den ersten H\u00f6hepunkt zu erreichen, den &#8222;Aussichtspunkt des Feuerfeldes&#8220;, danach folgen Sie der blauen Linie der Vogesen auf unz\u00e4hligen Waldwegen. Sie erreichen dann den Grand Ballon auf 1424m. Letzte Etappe in Richtung der els\u00e4ssischen Weinberge \u00fcber Thann mit einer der sch\u00f6nsten Abfahrten Frankreichs \u00fcber kleine und breite Wege mit einem negativen H\u00f6henunterschied von 1100m.<\/p>\n\n\n\n<div class=\"wp-block-buttons is-layout-flex wp-block-buttons-is-layout-flex\">\n<div class=\"wp-block-button\"><a class=\"wp-block-button__link wp-element-button\" href=\"https:\/\/www.hautes-vosges.net\/\" target=\"_blank\" rel=\"noreferrer noopener nofollow\">Hautes Vosges VTT<\/a><\/div>\n<\/div>\n<\/div>\n<\/div>\n","protected":false},"excerpt":{"rendered":"<p>MTB &#8211; VTC &#8211; Rennradtouren In Corcieux selbst und in der Umgebung von G\u00e9rardmer finden Sie leicht Mountainbike-\/Fahrradstrecken f\u00fcr alle Niveaus. Oder, f\u00fcr die Mutigsten, k\u00f6nnen Sie die Vogesen von Nord nach S\u00fcd durch W\u00e4lder, Wiesen und Weinberge (auf der els\u00e4ssischen Seite) durchqueren und dabei die Spezialit\u00e4ten der Gegend probieren. Der erste Teil im Norden [&hellip;]<\/p>\n","protected":false},"author":1,"featured_media":0,"parent":0,"menu_order":0,"comment_status":"closed","ping_status":"closed","template":"page-no-title","meta":{"_acf_changed":false,"_seopress_robots_primary_cat":"","_seopress_titles_title":"Campingplatz in der N\u00e4he von Fahrradtouren Corcieux | Besuchen Sie die Vogesen mit dem Fahrrad von unserem Campingplatz aus","_seopress_titles_desc":"Finden Sie den perfekten Campingplatz in Corcieux in der N\u00e4he von Radwegen. Ein unvergesslicher Urlaub in den Vogesen f\u00fcr Radfahrer. ","_seopress_robots_index":"","footnotes":""},"class_list":["post-1814","page","type-page","status-publish","hentry"],"acf":[],"_links":{"self":[{"href":"https:\/\/www.camping-au-mica.fr\/de\/wp-json\/wp\/v2\/pages\/1814","targetHints":{"allow":["GET"]}}],"collection":[{"href":"https:\/\/www.camping-au-mica.fr\/de\/wp-json\/wp\/v2\/pages"}],"about":[{"href":"https:\/\/www.camping-au-mica.fr\/de\/wp-json\/wp\/v2\/types\/page"}],"author":[{"embeddable":true,"href":"https:\/\/www.camping-au-mica.fr\/de\/wp-json\/wp\/v2\/users\/1"}],"replies":[{"embeddable":true,"href":"https:\/\/www.camping-au-mica.fr\/de\/wp-json\/wp\/v2\/comments?post=1814"}],"version-history":[{"count":2,"href":"https:\/\/www.camping-au-mica.fr\/de\/wp-json\/wp\/v2\/pages\/1814\/revisions"}],"predecessor-version":[{"id":2858,"href":"https:\/\/www.camping-au-mica.fr\/de\/wp-json\/wp\/v2\/pages\/1814\/revisions\/2858"}],"wp:attachment":[{"href":"https:\/\/www.camping-au-mica.fr\/de\/wp-json\/wp\/v2\/media?parent=1814"}],"curies":[{"name":"wp","href":"https:\/\/api.w.org\/{rel}","templated":true}]}}